{"id":678,"date":"2025-11-17T21:12:36","date_gmt":"2025-11-17T21:12:36","guid":{"rendered":"https:\/\/www.infinitystudios.art\/valeurs\/"},"modified":"2025-12-15T15:01:47","modified_gmt":"2025-12-15T15:01:47","slug":"valeurs","status":"publish","type":"page","link":"https:\/\/www.windowstoinfinity.art\/fr\/valeurs\/","title":{"rendered":"Valeurs"},"content":{"rendered":"\t\t<div data-elementor-type=\"wp-page\" data-elementor-id=\"678\" class=\"elementor elementor-678 elementor-142\">\n\t\t\t\t<div class=\"elementor-element elementor-element-15a1f43 e-flex e-con-boxed e-con e-parent\" data-id=\"15a1f43\" data-element_type=\"container\" data-e-type=\"container\">\n\t\t\t\t\t<div class=\"e-con-inner\">\n\t\t\t\t<div class=\"elementor-element elementor-element-26da91a elementor-widget__width-initial elementor-widget elementor-widget-heading\" data-id=\"26da91a\" data-element_type=\"widget\" data-e-type=\"widget\" data-widget_type=\"heading.default\">\n\t\t\t\t\t<h2 class=\"elementor-heading-title elementor-size-default\">Nos Valeurs<\/h2>\t\t\t\t<\/div>\n\t\t\t\t\t<\/div>\n\t\t\t\t<\/div>\n\t\t<div class=\"elementor-element elementor-element-02bdd5e e-flex e-con-boxed e-con e-parent\" data-id=\"02bdd5e\" data-element_type=\"container\" data-e-type=\"container\">\n\t\t\t\t\t<div class=\"e-con-inner\">\n\t\t<div class=\"elementor-element elementor-element-0c26d18 e-con-full e-flex e-con e-child\" data-id=\"0c26d18\" data-element_type=\"container\" data-e-type=\"container\">\n\t\t\t\t<div class=\"elementor-element elementor-element-d3bcb46 elementor-widget elementor-widget-text-editor\" data-id=\"d3bcb46\" data-element_type=\"widget\" data-e-type=\"widget\" data-widget_type=\"text-editor.default\">\n\t\t\t\t\t\t\t\t\t<h6>Engagement pour la Culture<\/h6>\t\t\t\t\t\t\t\t<\/div>\n\t\t\t\t<div class=\"elementor-element elementor-element-181c9b5 elementor-widget elementor-widget-text-editor\" data-id=\"181c9b5\" data-element_type=\"widget\" data-e-type=\"widget\" data-widget_type=\"text-editor.default\">\n\t\t\t\t\t\t\t\t\t<p>Chez <em>Expotour Itinerant <\/em>nous comprenons la culture comme un bien essentiel, un langage commun qui rassemble les personnes au-del\u00e0 des fronti\u00e8res.<br>Notre travail ne se limite pas \u00e0 montrer de l\u2019art : il cherche \u00e0 le partager, \u00e0 le rendre accessible et \u00e0 le mettre \u00e0 disposition de tous les publics et toutes les g\u00e9n\u00e9rations.<br>Nous collaborons avec des mus\u00e9es, des institutions et des cr\u00e9ateurs du monde entier pour que chaque projet soit une exp\u00e9rience vivante, ouverte et participative.<\/p>\t\t\t\t\t\t\t\t<\/div>\n\t\t\t\t<div class=\"elementor-element elementor-element-65c9074 elementor-widget elementor-widget-text-editor\" data-id=\"65c9074\" data-element_type=\"widget\" data-e-type=\"widget\" data-widget_type=\"text-editor.default\">\n\t\t\t\t\t\t\t\t\t<p>Nous croyons que la culture n\u2019appartient \u00e0 personne en particulier, mais \u00e0 tous.<\/p>\t\t\t\t\t\t\t\t<\/div>\n\t\t\t\t<div class=\"elementor-element elementor-element-a85526e elementor-widget elementor-widget-text-editor\" data-id=\"a85526e\" data-element_type=\"widget\" data-e-type=\"widget\" data-widget_type=\"text-editor.default\">\n\t\t\t\t\t\t\t\t\t<h6>Engagement pour les Valeurs<\/h6>\t\t\t\t\t\t\t\t<\/div>\n\t\t\t\t<div class=\"elementor-element elementor-element-0baec87 elementor-widget elementor-widget-text-editor\" data-id=\"0baec87\" data-element_type=\"widget\" data-e-type=\"widget\" data-widget_type=\"text-editor.default\">\n\t\t\t\t\t\t\t\t\t<p>Derri\u00e8re chaque \u0153uvre, derri\u00e8re chaque vue, il y a un besoin humain et artistique : d\u00e9livrer un message, r\u00e9veiller des \u00e9motions profondes et faire bouger les consciences.<br>Au cours du processus cr\u00e9atif, l\u2019accent est mis sur la transmission de quelque chose de touchant : une r\u00e9flexion, un avertissement, un espoir.<br>Ces messages, pr\u00e9sents dans chaque \u0153uvre, touchent \u00e0 des th\u00e8mes universels : la compassion, la justice, l\u2019empathie, la m\u00e9moire, le respect et la libert\u00e9.<\/p>\t\t\t\t\t\t\t\t<\/div>\n\t\t\t\t<div class=\"elementor-element elementor-element-b1bafc7 elementor-widget elementor-widget-text-editor\" data-id=\"b1bafc7\" data-element_type=\"widget\" data-e-type=\"widget\" data-widget_type=\"text-editor.default\">\n\t\t\t\t\t\t\t\t\t<p>Il n\u2019est pas rare de voir le public s\u2019\u00e9mouvoir jusqu\u2019aux larmes, parce que les \u0153uvres ne font pas que se regarder, elles se vivent.<\/p><p>Ce projet est un pont entre l\u2019art et l\u2019humanit\u00e9.<\/p>\t\t\t\t\t\t\t\t<\/div>\n\t\t\t\t<div class=\"elementor-element elementor-element-d7c87e2 elementor-widget elementor-widget-text-editor\" data-id=\"d7c87e2\" data-element_type=\"widget\" data-e-type=\"widget\" data-widget_type=\"text-editor.default\">\n\t\t\t\t\t\t\t\t\t<p>Un appel \u00e0 red\u00e9couvrir l\u2019essentiel, \u00e0 se souvenir que nous tous faisons partie du m\u00eame univers.<\/p>\t\t\t\t\t\t\t\t<\/div>\n\t\t\t\t<div class=\"elementor-element elementor-element-133cfa1 elementor-widget elementor-widget-text-editor\" data-id=\"133cfa1\" data-element_type=\"widget\" data-e-type=\"widget\" data-widget_type=\"text-editor.default\">\n\t\t\t\t\t\t\t\t\t<h6>Engagement \u00e0 Semer des Talents<\/h6>\t\t\t\t\t\t\t\t<\/div>\n\t\t\t\t<div class=\"elementor-element elementor-element-5b61f87 elementor-widget elementor-widget-text-editor\" data-id=\"5b61f87\" data-element_type=\"widget\" data-e-type=\"widget\" data-widget_type=\"text-editor.default\">\n\t\t\t\t\t\t\t\t\t<p>Nous croyons qu\u2019une exp\u00e9rience puissante peut semer une graine qui, bien qu\u2019elle reste en dormance durant des ann\u00e9es, peut germer \u00e0 tout moment sous forme d\u2019art, d\u2019une id\u00e9e, d\u2019une vocation, voire les trois ensemble.<br>Nous croyons \u00e0 l\u2019apprentissage par la pratique et nous sommes orgueilleux et pr\u00eats \u00e0 exposer les nouvelles g\u00e9n\u00e9rations \u00e0 des exp\u00e9riences extraordinaires, pleines de contenu et d\u2019enseignements qui les poussent \u00e0 chercher au-del\u00e0 du quotidien.<br>Windows to Infinity souhaite insuffler chez tous cette \u00e9tincelle pour chercher ce qui a du sens, ou mieux encore, de le cr\u00e9er.<\/p><p>Nous sommes fiers de voir les sourires des plus petits quand ils s\u2019\u00e9merveillent des d\u00e9tails qu\u2019ils remarquent dans nos mondes et de savoir qu\u2019ils ont vibr\u00e9 avec l\u2019art.<\/p>\t\t\t\t\t\t\t\t<\/div>\n\t\t\t\t<div class=\"elementor-element elementor-element-35ba8b5 elementor-widget elementor-widget-text-editor\" data-id=\"35ba8b5\" data-element_type=\"widget\" data-e-type=\"widget\" data-widget_type=\"text-editor.default\">\n\t\t\t\t\t\t\t\t\t<p>Nous aspirons \u00e0 faire vivre \u00e0 chacun une exp\u00e9rience qu\u2019il cherchera \u00e0 revivre et \u00e0 recr\u00e9er avec sa voix pour transmettre son message.<\/p>\t\t\t\t\t\t\t\t<\/div>\n\t\t\t\t<\/div>\n\t\t<div class=\"elementor-element elementor-element-fd1ac93 e-con-full e-flex e-con e-child\" data-id=\"fd1ac93\" data-element_type=\"container\" data-e-type=\"container\">\n\t\t\t\t<div class=\"elementor-element elementor-element-9933806 elementor-widget elementor-widget-text-editor\" data-id=\"9933806\" data-element_type=\"widget\" data-e-type=\"widget\" data-widget_type=\"text-editor.default\">\n\t\t\t\t\t\t\t\t\t<h6>Engagement pour la plan\u00e8te<\/h6>\t\t\t\t\t\t\t\t<\/div>\n\t\t\t\t<div class=\"elementor-element elementor-element-ad47b6b elementor-widget elementor-widget-text-editor\" data-id=\"ad47b6b\" data-element_type=\"widget\" data-e-type=\"widget\" data-widget_type=\"text-editor.default\">\n\t\t\t\t\t\t\t\t\t<p>D\u00e8s le d\u00e9but, Windows to Infinity et Expotour Itinerant sont n\u00e9s d\u2019une id\u00e9e claire : cr\u00e9er sans d\u00e9truire.<br>Pour cette raison, nous travaillons avec des mat\u00e9riaux recycl\u00e9s, des structures modulaires et une technologie basse consommation.<br>Chaque montage est con\u00e7u avec respect pour la Terre, r\u00e9employant et transformant ce que d\u2019autres jettent.<\/p>\t\t\t\t\t\t\t\t<\/div>\n\t\t\t\t<div class=\"elementor-element elementor-element-7c3d6c0 elementor-widget elementor-widget-text-editor\" data-id=\"7c3d6c0\" data-element_type=\"widget\" data-e-type=\"widget\" data-widget_type=\"text-editor.default\">\n\t\t\t\t\t\t\t\t\t<p>Notre empreinte n\u2019est pas physique, elle est \u00e9motionnelle.<\/p>\t\t\t\t\t\t\t\t<\/div>\n\t\t\t\t<div class=\"elementor-element elementor-element-262a28e elementor-widget elementor-widget-text-editor\" data-id=\"262a28e\" data-element_type=\"widget\" data-e-type=\"widget\" data-widget_type=\"text-editor.default\">\n\t\t\t\t\t\t\t\t\t<p>Parce que l\u2019art ne devrait pas cr\u00e9er de d\u00e9chets\u2026 mais seulement des souvenirs.<\/p>\t\t\t\t\t\t\t\t<\/div>\n\t\t\t\t<div class=\"elementor-element elementor-element-323357d elementor-widget elementor-widget-image\" data-id=\"323357d\" data-element_type=\"widget\" data-e-type=\"widget\" data-widget_type=\"image.default\">\n\t\t\t\t\t\t\t\t\t\t\t\t\t\t\t<img fetchpriority=\"high\" decoding=\"async\" width=\"682\" height=\"1024\" src=\"https:\/\/www.windowstoinfinity.art\/wp-content\/uploads\/2025\/12\/dino-682x1024.png\" class=\"attachment-large size-large wp-image-1637\" alt=\"\" srcset=\"https:\/\/www.windowstoinfinity.art\/wp-content\/uploads\/2025\/12\/dino-682x1024.png 682w, https:\/\/www.windowstoinfinity.art\/wp-content\/uploads\/2025\/12\/dino-200x300.png 200w, https:\/\/www.windowstoinfinity.art\/wp-content\/uploads\/2025\/12\/dino-768x1153.png 768w, https:\/\/www.windowstoinfinity.art\/wp-content\/uploads\/2025\/12\/dino-50x75.png 50w, https:\/\/www.windowstoinfinity.art\/wp-content\/uploads\/2025\/12\/dino-480x721.png 480w, https:\/\/www.windowstoinfinity.art\/wp-content\/uploads\/2025\/12\/dino.png 799w\" sizes=\"(max-width:767px) 480px, 682px\" \/>\t\t\t\t\t\t\t\t\t\t\t\t\t\t\t<\/div>\n\t\t\t\t<\/div>\n\t\t\t\t\t<\/div>\n\t\t\t\t<\/div>\n\t\t\t\t<\/div>\n\t\t","protected":false},"excerpt":{"rendered":"<p>Nos Valeurs Engagement pour la Culture Chez Expotour Itinerant nous comprenons la culture comme un bien essentiel, un langage commun qui rassemble les personnes au-del\u00e0 des<span class=\"excerpt-hellip\"> [\u2026]<\/span><\/p>\n","protected":false},"author":1,"featured_media":0,"parent":0,"menu_order":0,"comment_status":"closed","ping_status":"closed","template":"elementor_header_footer","meta":{"footnotes":""},"class_list":["post-678","page","type-page","status-publish","hentry"],"_links":{"self":[{"href":"https:\/\/www.windowstoinfinity.art\/fr\/wp-json\/wp\/v2\/pages\/678","targetHints":{"allow":["GET"]}}],"collection":[{"href":"https:\/\/www.windowstoinfinity.art\/fr\/wp-json\/wp\/v2\/pages"}],"about":[{"href":"https:\/\/www.windowstoinfinity.art\/fr\/wp-json\/wp\/v2\/types\/page"}],"author":[{"embeddable":true,"href":"https:\/\/www.windowstoinfinity.art\/fr\/wp-json\/wp\/v2\/users\/1"}],"replies":[{"embeddable":true,"href":"https:\/\/www.windowstoinfinity.art\/fr\/wp-json\/wp\/v2\/comments?post=678"}],"version-history":[{"count":2,"href":"https:\/\/www.windowstoinfinity.art\/fr\/wp-json\/wp\/v2\/pages\/678\/revisions"}],"predecessor-version":[{"id":1639,"href":"https:\/\/www.windowstoinfinity.art\/fr\/wp-json\/wp\/v2\/pages\/678\/revisions\/1639"}],"wp:attachment":[{"href":"https:\/\/www.windowstoinfinity.art\/fr\/wp-json\/wp\/v2\/media?parent=678"}],"curies":[{"name":"wp","href":"https:\/\/api.w.org\/{rel}","templated":true}]}}