{"id":667,"date":"2025-08-18T12:38:13","date_gmt":"2025-08-18T12:38:13","guid":{"rendered":"https:\/\/www.infinitystudios.art\/politique-de-confidentialite\/"},"modified":"2025-12-30T12:06:02","modified_gmt":"2025-12-30T12:06:02","slug":"politique-de-confidentialite","status":"publish","type":"page","link":"https:\/\/www.windowstoinfinity.art\/fr\/politique-de-confidentialite\/","title":{"rendered":"Politique de confidentialit\u00e9"},"content":{"rendered":"\t\t<div data-elementor-type=\"wp-page\" data-elementor-id=\"667\" class=\"elementor elementor-667 elementor-3\">\n\t\t\t\t<div class=\"elementor-element elementor-element-80b6e99 e-flex e-con-boxed e-con e-parent\" data-id=\"80b6e99\" data-element_type=\"container\" data-e-type=\"container\">\n\t\t\t\t\t<div class=\"e-con-inner\">\n\t\t\t\t<div class=\"elementor-element elementor-element-0ba5a11 elementor-widget elementor-widget-heading\" data-id=\"0ba5a11\" data-element_type=\"widget\" data-e-type=\"widget\" data-widget_type=\"heading.default\">\n\t\t\t\t\t<h2 class=\"elementor-heading-title elementor-size-default\">Politique de confidentialit\u00e9<\/h2>\t\t\t\t<\/div>\n\t\t\t\t<div class=\"elementor-element elementor-element-abe5844 elementor-widget elementor-widget-text-editor\" data-id=\"abe5844\" data-element_type=\"widget\" data-e-type=\"widget\" data-widget_type=\"text-editor.default\">\n\t\t\t\t\t\t\t\t\t<p>Nous sommes une entreprise pour laquelle la transparence de l\u2019information est fondamentale afin d\u2019\u00e9tablir une relation de confiance avec les personnes qui participent \u00e0 notre projet et avec nos fournisseurs et clients. Ainsi, la protection des donn\u00e9es personnelles des personnes qui nous apportent leur confiance est d\u2019une importance vitale, c\u2019est pourquoi nous voulons, au travers de la pr\u00e9sente Politique de confidentialit\u00e9, vous informer de la mani\u00e8re dont nous collectons, traitons et utilisons ces donn\u00e9es.<br>Dans cette Politique de confidentialit\u00e9 sont \u00e9tablies les bases sur lesquelles l\u2019entreprise traite les donn\u00e9es \u00e0 caract\u00e8re personnel qui nous sont volontairement communiqu\u00e9es par nos utilisateurs sur le site Internet.<br>Cette Politique sera toujours applicable d\u00e8s lors que des donn\u00e9es sont communiqu\u00e9es \u00e0 l\u2019entreprise, qui sera responsable des celles-ci (Responsable du traitement des donn\u00e9es), et ce au moyen de tout formulaire de contact ou d\u2019inscription o\u00f9 sont recueillies des donn\u00e9es \u00e0 caract\u00e8re personnel (nom, e-mail, etc.).<\/p><p><b>Ce \u00e0 quoi nous nous engageons<\/b><\/p><ul><li><p>\u00c0 respecter la vie priv\u00e9e de nos utilisateurs et \u00e0 traiter les donn\u00e9es personnelles avec leur consentement.<\/p><\/li><li><p>\u00c0 traiter uniquement les donn\u00e9es personnelles dont nous avons besoin pour fournir le service demand\u00e9, et les traiter de mani\u00e8re s\u00fbre et confidentielle, en prenant les mesures n\u00e9cessaires pour \u00e9viter l\u2019acc\u00e8s \u00e0 celles-ci sans autorisation et leur utilisation inappropri\u00e9e.<\/p><\/li><li><p>\u00c0 ne pas utiliser les donn\u00e9es personnelles \u00e0 des fins pour lesquelles nous n\u2019aurions pas obtenu au pr\u00e9alable le consentement.<\/p><\/li><li><p>\u00c0 ne pas transmettre les donn\u00e9es personnelles \u00e0 des tiers ou \u00e0 les partager.<\/p><\/li><li><p>\u00c0 conserver les donn\u00e9es personnelles durant la p\u00e9riode strictement n\u00e9cessaire \u00e0 la finalit\u00e9 concr\u00e8te pour laquelle elles ont \u00e9t\u00e9 communiqu\u00e9es.<\/p><\/li><\/ul><p><b>Le responsable de vos donn\u00e9es personnelles<\/b><\/p><table width=\"1140\" cellspacing=\"0\" cellpadding=\"10\"><tbody><tr><td width=\"319\"><p>Nom de l\u2019entreprise<\/p><\/td><td width=\"781\"><p lang=\"en-GB\">CREATIVE SYSTEMS IBERIA, S.L.<\/p><\/td><\/tr><tr><td width=\"319\"><p>NIF<\/p><\/td><td width=\"781\"><p>B75599639<\/p><\/td><\/tr><tr><td width=\"319\"><p>Rue<\/p><\/td><td width=\"781\"><p>AMETLLERS, 2<\/p><\/td><\/tr><tr><td width=\"319\"><p>Code postal<\/p><\/td><td width=\"781\"><p>43770<\/p><\/td><\/tr><tr><td width=\"319\"><p>Ville<\/p><\/td><td width=\"781\"><p>M\u00d3RA LA NOVA<\/p><\/td><\/tr><tr><td width=\"319\"><p>Province<\/p><\/td><td width=\"781\"><p>TARRAGONA<\/p><\/td><\/tr><\/tbody><\/table><p><b>D\u00e9finition de la donn\u00e9e personnelle et de son traitement<\/b><\/p><p>Une donn\u00e9e personnelle est toute information sur une personne physique identifi\u00e9e ou identifiable. On consid\u00e8re une personne physique comme identifiable, toute personne dont l\u2019identit\u00e9 peut \u00eatre d\u00e9termin\u00e9e directement ou indirectement, en particulier au moyen d\u2019un identifiant comme un nom, un num\u00e9ro d\u2019identification, des donn\u00e9es de localisation, un identifiant en ligne ou divers constituants de l\u2019identit\u00e9 physique, physiologique, g\u00e9n\u00e9tique, psychique, \u00e9conomique, culturelle ou sociale de la dite personne. <br>Quant au traitement de donn\u00e9es personnelles, il implique toute op\u00e9ration ou ensemble d\u2019op\u00e9rations r\u00e9alis\u00e9es sur des donn\u00e9es personnelles ou un ensemble de donn\u00e9es personnelles, que ce soit par des proc\u00e9dures automatis\u00e9es ou non, comme la collecte, l\u2019enregistrement, l\u2019organisation, la structuration, la conservation, l\u2019adaptation ou la modification, l\u2019extraction, la consultation, l\u2019utilisation, la transmission, la diffusion ou toute autre forme d\u2019autorisation d\u2019acc\u00e8s, la comparaison ou l\u2019interconnexion, la limitation, la suppression ou la destruction. <\/p><p><b>Traitements r\u00e9alis\u00e9s sur vos donn\u00e9es personnelles et \u00e0 quelles fins<\/b><\/p><ul><li><p>Demande d\u2019information de la part de l\u2019utilisateur <br>G\u00e9rer la demande d\u2019information d\u00e9pos\u00e9e par l\u2019utilisateur via le formulaire de contact et\/ou l\u2019adresse \u00e9lectronique, postale et\/ou le num\u00e9ro de t\u00e9l\u00e9phone communiqu\u00e9 par le site Internet.<\/p><\/li><\/ul><ul><li><p>Inscription \u00e0 la newsletter <br>G\u00e9rer l\u2019inscription \u00e0 l\u2019envoi de la newsletter.<\/p><\/li><\/ul><ul><li><p>Travailler avec nous suite \u00e0 l\u2019envoi de CV<br>Gestion des CV re\u00e7us via le formulaire disponible sur le site Internet.<\/p><\/li><\/ul><ul><li><p>Inscription et acc\u00e8s au profil d\u2019utilisateur <br>Gestion de l\u2019inscription et de l\u2019acc\u00e8s au site par l\u2019utilisateur via le compte d\u2019utilisateur correspondant et le mot de passe.<\/p><\/li><\/ul><ul><li><p>Gestion des commentaires sur le blog.<br>G\u00e9rer l&rsquo;envoi et la r\u00e9ception des commentaires laiss\u00e9s par l&rsquo;utilisateur sur le blog.<\/p><\/li><\/ul><p><b>Donn\u00e9es personnelles collect\u00e9es<\/b><\/p><p>Via notre site Internet, nous pouvons collecter des donn\u00e9es personnelles \u00e0 des fins diverses:<\/p><ul><li><p>Demande d\u2019information de la part de l\u2019utilisateur<br>Nous collecterons les donn\u00e9es personnelles que vous nous avez communiqu\u00e9es en vue d\u2019une consultation.<\/p><\/li><\/ul><ul><li><p>Inscription \u00e0 la newsletter<br>Nous collecterons votre adresse \u00e9lectronique.<\/p><\/li><\/ul><ul><li><p>Travailler avec nous suite \u00e0 l\u2019envoi de CV<br>Nous collecterons l\u2019information contenue dans le CV que vous nous aurez communiqu\u00e9.<\/p><\/li><\/ul><ul><li><p>Inscription et acc\u00e8s au profil d\u2019utilisateur<br>Nom d\u2019utilisateur et mot de passe, ainsi que toute autre donn\u00e9e ayant \u00e9t\u00e9 communiqu\u00e9e afin de cr\u00e9er le compte ou le profil.<\/p><\/li><\/ul><ul><li><p><b>Gestion des commentaires sur le blog.<\/b><br>Toute donn\u00e9e fournie lors de la publication du commentaire correspondant.<\/p><\/li><\/ul><p>En fonction de la finalit\u00e9 pour laquelle les donn\u00e9es sont communiqu\u00e9es, seules seront demand\u00e9es les donn\u00e9es strictement n\u00e9cessaires. Il est important que l\u2019utilisateur soit conscient des donn\u00e9es qu\u2019il communique et pour quelle finalit\u00e9 au moment o\u00f9 il nous les communique, qu\u2019il accepte que nous collections, stockions et utilisions ces donn\u00e9es aux fins demand\u00e9es, qu\u2019il peut \u00e0 tout moment retirer son consentement par les voies pr\u00e9vues \u00e0 cet effet, le consentement de l\u2019int\u00e9ress\u00e9 constituant la base l\u00e9gale et la l\u00e9gitimation pour le traitement de ses donn\u00e9es personnelles. <\/p><p><b>L\u00e9gitimation pour le traitement des donn\u00e9es personnelles<\/b><\/p><p>En accord avec la r\u00e9glementation en vigueur en mati\u00e8re de protection des donn\u00e9es, nous avons besoin d\u2019une base l\u00e9gale pour le traitement de vos donn\u00e9es personnelles. La base l\u00e9gale est votre consentement. <\/p><p><b>Droits sur les donn\u00e9es personnelles communiqu\u00e9es<\/b><\/p><p>En tant qu\u2019utilisateur, vous pouvez exercer les droits suivants:<\/p><ul><li><p>Droit d\u2019acc\u00e8s: vous avez le droit de demander \u00e0 l\u2019entreprise de vous faire savoir si vos donn\u00e9es sont trait\u00e9es ou non et, le cas \u00e9ch\u00e9ant, quelles donn\u00e9es sont trait\u00e9es.<\/p><\/li><li><p>Droit de rectification : Vous avez le droit d&rsquo;obtenir de CREATIVE SYSTEMS IBERIA, S.L. la rectification des donn\u00e9es personnelles inexactes vous concernant. Dans votre demande de rectification, vous devez indiquer les donn\u00e9es que vous souhaitez modifier. <\/p><\/li><li><p><u><g id=\"gid_1\"><g id=\"gid_2\"><g id=\"gid_3\">Droit d\u2019opposition:<\/g><\/g><\/g><\/u><g id=\"gid_4\"><g id=\"gid_5\"><g id=\"gid_6\"> vous avez le droit de vous opposer \u00e0 tout moment, pour des motifs en relation avec votre situation particuli\u00e8re, \u00e0 ce que les donn\u00e9es personnelles vous concernant fassent l\u2019objet d\u2019un traitement bas\u00e9 sur l\u2019int\u00e9r\u00eat l\u00e9gitime de l\u2019entreprise. Dans ce cas, l\u2019entreprise cessera de traiter les donn\u00e9es personnelles, sauf si elle peut se pr\u00e9valoir de motifs l\u00e9gitimes imp\u00e9rieux pour le traitement qui pr\u00e9valent sur vos int\u00e9r\u00eats, droits ou libert\u00e9s, ou pour la formulation, le d\u00e9p\u00f4t ou la d\u00e9fense de r\u00e9clamations. en <\/g><\/g><\/g> <\/p><\/li><li><p>Droit de suppression : Vous avez le droit d&rsquo;obtenir de CREATIVE SYSTEMS IBERIA, S.L. la suppression des donn\u00e9es personnelles vous concernant.<\/p><\/li><li><p><u><g id=\"gid_1\"><g id=\"gid_2\"><g id=\"gid_3\">Droit \u00e0 la portabilit\u00e9 des donn\u00e9es<\/g><\/g><\/g><\/u><g id=\"gid_4\"><g id=\"gid_5\"><g id=\"gid_6\">: vous avez le droit de demander \u00e0 l\u2019entreprise de transf\u00e9rer vos donn\u00e9es personnelles \u00e0 un autre responsable du traitement. Il est seulement possible d\u2019exercer ce droit lorsque le traitement est bas\u00e9 sur l\u2019ex\u00e9cution d\u2019un contrat ou sur votre consentement, et lorsqu\u2019il est r\u00e9alis\u00e9 automatiquement. a que la <\/g><\/g><\/g> <\/p><\/li><li><p>Droit \u00e0 la limitation du traitement : Vous avez le droit de nous demander de suspendre le traitement de vos donn\u00e9es lorsque : vous contestez l&rsquo;exactitude des donn\u00e9es, pendant que CREATIVE SYSTEMS IBERIA, S.L. v\u00e9rifie cette exactitude ; vous avez exerc\u00e9 votre droit d&rsquo;opposition au traitement de vos donn\u00e9es, pendant que CREATIVE SYSTEMS IBERIA, S.L. v\u00e9rifie si ses motifs l\u00e9gitimes pr\u00e9valent sur les v\u00f4tres en tant que personne concern\u00e9e.<\/p><\/li><\/ul><p>Vous pouvez exercer ces droits \u00e0 tout moment, par \u00e9crit et en justifiant de votre identit\u00e9, en adressant votre demande au responsable du traitement \u00e0 l&rsquo;adresse indiqu\u00e9e ci-dessus ou \u00e0 l&rsquo;adresse \u00e9lectronique suivante : info@expotouritinerant.com.<\/p><p>De plus, vous pourrez d\u00e9poser une r\u00e9clamation devant l\u2019autorit\u00e9 de contr\u00f4le, dans le cas pr\u00e9sent l\u2019Agence espagnole de protection des donn\u00e9es, si vous consid\u00e9rez que le traitement de vos donn\u00e9es personnelles enfreint la l\u00e9gislation applicable en la mati\u00e8re.<\/p><p><b>S\u00e9curit\u00e9 et stockage des donn\u00e9es<\/b><\/p><p>Nous conserverons les donn\u00e9es le temps strictement n\u00e9cessaire \u00e0 la prestation du service demand\u00e9 et tant que le titulaire ne sollicite pas leur suppression, en utilisant les moyens ad\u00e9quats de caract\u00e8re technique et organisationnel contre le traitement non autoris\u00e9 ou illicite et contre la perte, la destruction ou les dommages accidentels, en faisant tout notre possible pour les prot\u00e9ger et les conserver en toute s\u00e9curit\u00e9.<\/p><p><b>Donn\u00e9es personnelles partag\u00e9es avec des tiers<\/b><\/p><p>Il n\u2019est pas pr\u00e9vu de cessions de donn\u00e9es sauf dans les cas d\u2019obligation l\u00e9gale ou de communication n\u00e9cessaires pour pouvoir ex\u00e9cuter cette cession. Il n\u2019est pas pr\u00e9vu de transfert international de donn\u00e9es. <\/p><p><span lang=\"en-GB\"><b>CREATIVE SYSTEMS IBERIA, S.L.<\/b><\/span><\/p><p>Rue Ametllers, 2 -43770- M\u00f3ra la Nova (Tarragona)<\/p>\t\t\t\t\t\t\t\t<\/div>\n\t\t\t\t\t<\/div>\n\t\t\t\t<\/div>\n\t\t\t\t<\/div>\n\t\t","protected":false},"excerpt":{"rendered":"<p>Politique de confidentialit\u00e9 Nous sommes une entreprise pour laquelle la transparence de l\u2019information est fondamentale afin d\u2019\u00e9tablir une relation de confiance avec les personnes qui participent<span class=\"excerpt-hellip\"> [\u2026]<\/span><\/p>\n","protected":false},"author":1,"featured_media":0,"parent":0,"menu_order":0,"comment_status":"closed","ping_status":"open","template":"elementor_header_footer","meta":{"footnotes":""},"class_list":["post-667","page","type-page","status-publish","hentry"],"_links":{"self":[{"href":"https:\/\/www.windowstoinfinity.art\/fr\/wp-json\/wp\/v2\/pages\/667","targetHints":{"allow":["GET"]}}],"collection":[{"href":"https:\/\/www.windowstoinfinity.art\/fr\/wp-json\/wp\/v2\/pages"}],"about":[{"href":"https:\/\/www.windowstoinfinity.art\/fr\/wp-json\/wp\/v2\/types\/page"}],"author":[{"embeddable":true,"href":"https:\/\/www.windowstoinfinity.art\/fr\/wp-json\/wp\/v2\/users\/1"}],"replies":[{"embeddable":true,"href":"https:\/\/www.windowstoinfinity.art\/fr\/wp-json\/wp\/v2\/comments?post=667"}],"version-history":[{"count":3,"href":"https:\/\/www.windowstoinfinity.art\/fr\/wp-json\/wp\/v2\/pages\/667\/revisions"}],"predecessor-version":[{"id":1878,"href":"https:\/\/www.windowstoinfinity.art\/fr\/wp-json\/wp\/v2\/pages\/667\/revisions\/1878"}],"wp:attachment":[{"href":"https:\/\/www.windowstoinfinity.art\/fr\/wp-json\/wp\/v2\/media?parent=667"}],"curies":[{"name":"wp","href":"https:\/\/api.w.org\/{rel}","templated":true}]}}