{"id":653,"date":"2025-11-17T20:59:47","date_gmt":"2025-11-17T20:59:47","guid":{"rendered":"https:\/\/www.infinitystudios.art\/opinions\/"},"modified":"2026-01-17T15:55:47","modified_gmt":"2026-01-17T15:55:47","slug":"opinions","status":"publish","type":"page","link":"https:\/\/www.windowstoinfinity.art\/fr\/opinions\/","title":{"rendered":"Opinions"},"content":{"rendered":"\t\t<div data-elementor-type=\"wp-page\" data-elementor-id=\"653\" class=\"elementor elementor-653 elementor-129\">\n\t\t\t\t<div class=\"elementor-element elementor-element-be9ec3b e-flex e-con-boxed e-con e-parent\" data-id=\"be9ec3b\" data-element_type=\"container\" data-e-type=\"container\">\n\t\t\t\t\t<div class=\"e-con-inner\">\n\t\t\t\t<div class=\"elementor-element elementor-element-f5b5277 elementor-widget elementor-widget-heading\" data-id=\"f5b5277\" data-element_type=\"widget\" data-e-type=\"widget\" data-widget_type=\"heading.default\">\n\t\t\t\t\t<h2 class=\"elementor-heading-title elementor-size-default\">Opinions de visiteurs<\/h2>\t\t\t\t<\/div>\n\t\t\t\t\t<\/div>\n\t\t\t\t<\/div>\n\t\t<div class=\"elementor-element elementor-element-fd1d0be e-flex e-con-boxed e-con e-parent\" data-id=\"fd1d0be\" data-element_type=\"container\" data-e-type=\"container\" data-settings=\"{&quot;background_background&quot;:&quot;classic&quot;}\">\n\t\t\t\t\t<div class=\"e-con-inner\">\n\t\t\t\t<div class=\"elementor-element elementor-element-1298a5c elementor-widget__width-initial elementor-widget elementor-widget-text-editor\" data-id=\"1298a5c\" data-element_type=\"widget\" data-e-type=\"widget\" data-widget_type=\"text-editor.default\">\n\t\t\t\t\t\t\t\t\t<p>Las opinions recueillies tout au long des essais r\u00e9alis\u00e9s entre 2020 et 2023 refl\u00e8tent le franc succ\u00e8s de l\u2019exposition.<\/p><p>Les visiteurs soulignent la capacit\u00e9 de <em>Windows to Infinity<\/em> \u00e0 provoquer des \u00e9motions profondes, de la surprise \u00e0 la nostalgie, lors d\u2019une exp\u00e9rience qui transcende le conventionnel. <br>De plus, de nombreux assistants ont exprim\u00e9 le fait que l\u2019exposition a transform\u00e9 leur perception de l\u2019art et de l\u2019histoire : elle les a aid\u00e9s \u00e0 se connecter \u00e9motionnellement au pass\u00e9 d\u2019une mani\u00e8re nouvelle et surprenante.<\/p><p>De l\u2019admiration chez les plus petits jusqu\u2019\u00e0 la r\u00e9flexion chez les adultes, Windows to Infinity a \u00e9t\u00e9 d\u00e9crite comme un projet qui r\u00e9sonne dans le c\u0153ur de tous ceux qui la visitent.<\/p>\t\t\t\t\t\t\t\t<\/div>\n\t\t\t\t<div class=\"elementor-element elementor-element-8ede4ff elementor-widget elementor-widget-ucaddon_responsive_testemonial_carousel\" data-id=\"8ede4ff\" data-element_type=\"widget\" data-e-type=\"widget\" data-widget_type=\"ucaddon_responsive_testemonial_carousel.default\">\n\t\t\t\t<div class=\"elementor-widget-container\">\n\t\t\t\t\t\n<!-- start Testimonial Carousel -->\n\t\t<link id='font-awesome-css' href='https:\/\/www.windowstoinfinity.art\/wp-content\/plugins\/unlimited-elements-for-elementor\/assets_libraries\/font-awesome6\/fontawesome-all.min.css' type='text\/css' rel='stylesheet' >\n\t\t<link id='font-awesome-4-shim-css' href='https:\/\/www.windowstoinfinity.art\/wp-content\/plugins\/unlimited-elements-for-elementor\/assets_libraries\/font-awesome6\/fontawesome-v4-shims.min.css' type='text\/css' rel='stylesheet' >\n\t\t<link id='owl-carousel-css' href='https:\/\/www.windowstoinfinity.art\/wp-content\/plugins\/unlimited-elements-for-elementor\/assets_libraries\/owl-carousel-new\/assets\/owl.carousel.css' type='text\/css' rel='stylesheet' >\n\n<style>\/* widget: Testimonial Carousel *\/\n\n\/* general styles *\/\n.uc_quote_slider{\n  min-height:1px;\n}\n\n#uc_responsive_testemonial_carousel_elementor_8ede4ff *{\n  box-sizing:border-box;\n}\n\n#uc_responsive_testemonial_carousel_elementor_8ede4ff .uc_quote_info .uc_author_avatar {\n  width: 100%;\n}\n\n#uc_responsive_testemonial_carousel_elementor_8ede4ff .uc_quote_info .uc_author {\n  display: inline-flex;\n  align-items: center; \n    text-align:center;\n  }\n\n#uc_responsive_testemonial_carousel_elementor_8ede4ff .uc_stars{\n  display:flex;\n}\n\n#uc_responsive_testemonial_carousel_elementor_8ede4ff .uc_quote_info{\n  display:flex;\n}\n\n#uc_responsive_testemonial_carousel_elementor_8ede4ff *{\n  outline:none;\n}\n\n#uc_responsive_testemonial_carousel_elementor_8ede4ff .ue-image{\n  flex-grow:0;\n  flex-shrink:0;\n}\n\n#uc_responsive_testemonial_carousel_elementor_8ede4ff .uc_quote_info .uc_author_info .uc_company {\n    color: ;\n}\n\n#uc_responsive_testemonial_carousel_elementor_8ede4ff .ue-image-spacing{\n  flex-grow:0;\n  flex-shrink:0;\n}\n\n#uc_responsive_testemonial_carousel_elementor_8ede4ff .ue-icon{\n  display:inline-flex;\n  justify-content:center;\n  align-items:center;\n}\n\n#uc_responsive_testemonial_carousel_elementor_8ede4ff .ue-icon svg{\n  width:1em;\n  height:1em;\n}\n\n\n#uc_responsive_testemonial_carousel_elementor_8ede4ff .uc_quote_item,\n#uc_responsive_testemonial_carousel_elementor_8ede4ff .ue-flip-item-content{\n  transition: all .3s;\n}\n\n\/* end general styles *\/\n\n\/* carousel type owl *\/\n  #uc_responsive_testemonial_carousel_elementor_8ede4ff .owl-dots {\n    overflow:hidden;\n  }\n\n  #uc_responsive_testemonial_carousel_elementor_8ede4ff .owl-dot {\n    display:inline-block;\n  }\n\n  #uc_responsive_testemonial_carousel_elementor_8ede4ff .owl-nav .owl-prev,\n  #uc_responsive_testemonial_carousel_elementor_8ede4ff .owl-nav .owl-next{\n      position:absolute;\n      display:inline-block;\n      text-align:center;\n  }\n\n  \n  \n\n\/* end carousel type owl *\/\n\n\n\n<\/style>\n\n<div class=\"uc_quote_slider\" style=\"direction:ltr\" >  \n  <!-- carousel type owl -->\n  \t<div class=\"uc_carousel owl-carousel owl-theme uc-items-wrapper  \" id=\"uc_responsive_testemonial_carousel_elementor_8ede4ff\"  >\n      \n\t<div class=\"uc_quote_item ue-item     elementor-repeater-item-43a982e\">\n    <div class=\"uc_quote_info \">\n                \n\t  <div class=\"uc_author\">\n                  <div class=\"ue-image\">\n\t        <img decoding=\"async\" class=\"uc_author_avatar\" src=\"https:\/\/www.windowstoinfinity.art\/wp-content\/uploads\/2025\/12\/1-small-small-1.png\" height=\"48\" width=\"48\" alt=\"\" \/>\n          <\/div>\n          <div class=\"ue-image-spacing\"><\/div>\n                          \n\n        \n\t  <\/div>      <!-- end of credentials -->\n              \n              <div class=\"ue-text\">\n          <p>\u00ab \u00c7a m\u2019a beaucoup surpris, \u00e7a r\u00e9veille des \u00e9motions tr\u00e8s intenses. \u00bb<\/p>      \t  \n        <\/div>\n                    \n      <div class=\"uc_author_info\">\n\t\t  <div class=\"ue_title\"><\/div>\t\t  \t<\/div>\n              \n      \t        \n                    \n\t<\/div>   <\/div>\n<!-- end of block item -->\n\n\t<div class=\"uc_quote_item ue-item     elementor-repeater-item-57862eb\">\n    <div class=\"uc_quote_info \">\n                \n\t  <div class=\"uc_author\">\n                  <div class=\"ue-image\">\n\t        <img decoding=\"async\" class=\"uc_author_avatar\" src=\"https:\/\/www.windowstoinfinity.art\/wp-content\/uploads\/2025\/12\/2-small-small-1.png\" height=\"48\" width=\"48\" alt=\"\" \/>\n          <\/div>\n          <div class=\"ue-image-spacing\"><\/div>\n                          \n\n        \n\t  <\/div>      <!-- end of credentials -->\n              \n              <div class=\"ue-text\">\n          <p>\u00ab \u00c7a oblige \u00e0 r\u00eaver, c\u2019est incroyable qu\u2019un artiste puisse parvenir \u00e0 transmettre ce qu\u2019il voit et qu\u2019on puisse y prendre plaisir. \u00bb<\/p>      \t  \n        <\/div>\n                    \n      <div class=\"uc_author_info\">\n\t\t  <div class=\"ue_title\"><\/div>\t\t  \t<\/div>\n              \n      \t        \n                    \n\t<\/div>   <\/div>\n<!-- end of block item -->\n\n\t<div class=\"uc_quote_item ue-item     elementor-repeater-item-c430de8\">\n    <div class=\"uc_quote_info \">\n                \n\t  <div class=\"uc_author\">\n                  <div class=\"ue-image\">\n\t        <img decoding=\"async\" class=\"uc_author_avatar\" src=\"https:\/\/www.windowstoinfinity.art\/wp-content\/uploads\/2025\/12\/3-small-small-1.png\" height=\"48\" width=\"48\" alt=\"\" \/>\n          <\/div>\n          <div class=\"ue-image-spacing\"><\/div>\n                          \n\n        \n\t  <\/div>      <!-- end of credentials -->\n              \n              <div class=\"ue-text\">\n          <p>\u00ab C\u2019est bien plus que ce que je pouvais esp\u00e9rer, il y a l\u00e0 un m\u00e9lange de tout, depuis des paysages jusqu\u2019\u00e0 des sc\u00e8nes spectaculaires. \u00bb<\/p>      \t  \n        <\/div>\n                    \n      <div class=\"uc_author_info\">\n\t\t  <div class=\"ue_title\"><\/div>\t\t  \t<\/div>\n              \n      \t        \n                    \n\t<\/div>   <\/div>\n<!-- end of block item -->\n\n\t<div class=\"uc_quote_item ue-item     elementor-repeater-item-046ce96\">\n    <div class=\"uc_quote_info \">\n                \n\t  <div class=\"uc_author\">\n                  <div class=\"ue-image\">\n\t        <img loading=\"lazy\" decoding=\"async\" class=\"uc_author_avatar\" src=\"https:\/\/www.windowstoinfinity.art\/wp-content\/uploads\/2025\/12\/4-small-small-1.png\" height=\"48\" width=\"48\" alt=\"\" \/>\n          <\/div>\n          <div class=\"ue-image-spacing\"><\/div>\n                          \n\n        \n\t  <\/div>      <!-- end of credentials -->\n              \n              <div class=\"ue-text\">\n          <p>\u00ab Je transmets toutes mes forces \u00e0 l\u2019artiste pour qu\u2019il puisse la rendre plus grande et la porter dans le monde entier, parce que ces cr\u00e9ations sont parfaites. \u00bb<\/p>      \t  \n        <\/div>\n                    \n      <div class=\"uc_author_info\">\n\t\t  <div class=\"ue_title\"><\/div>\t\t  \t<\/div>\n              \n      \t        \n                    \n\t<\/div>   <\/div>\n<!-- end of block item -->\n\n\t<div class=\"uc_quote_item ue-item     elementor-repeater-item-97db707\">\n    <div class=\"uc_quote_info \">\n                \n\t  <div class=\"uc_author\">\n                  <div class=\"ue-image\">\n\t        <img loading=\"lazy\" decoding=\"async\" class=\"uc_author_avatar\" src=\"https:\/\/www.windowstoinfinity.art\/wp-content\/uploads\/2025\/12\/5-small-small-1.png\" height=\"48\" width=\"48\" alt=\"\" \/>\n          <\/div>\n          <div class=\"ue-image-spacing\"><\/div>\n                          \n\n        \n\t  <\/div>      <!-- end of credentials -->\n              \n              <div class=\"ue-text\">\n          <p>\u00ab La premi\u00e8re chose qui m\u2019est venue \u00e0 l\u2019esprit, c\u2019est que \u00e7a demande beaucoup de temps et de travail, c\u2019est incroyable comme c\u2019est bon. \u00bb<\/p>      \t  \n        <\/div>\n                    \n      <div class=\"uc_author_info\">\n\t\t  <div class=\"ue_title\"><\/div>\t\t  \t<\/div>\n              \n      \t        \n                    \n\t<\/div>   <\/div>\n<!-- end of block item -->\n\n\t<div class=\"uc_quote_item ue-item     elementor-repeater-item-928d27c\">\n    <div class=\"uc_quote_info \">\n                \n\t  <div class=\"uc_author\">\n                  <div class=\"ue-image\">\n\t        <img loading=\"lazy\" decoding=\"async\" class=\"uc_author_avatar\" src=\"https:\/\/www.windowstoinfinity.art\/wp-content\/uploads\/2025\/12\/6-small-small-1.png\" height=\"48\" width=\"48\" alt=\"\" \/>\n          <\/div>\n          <div class=\"ue-image-spacing\"><\/div>\n                          \n\n        \n\t  <\/div>      <!-- end of credentials -->\n              \n              <div class=\"ue-text\">\n          <p>\u00ab Mon attention a \u00e9t\u00e9 attir\u00e9e par son c\u00f4t\u00e9 impressionnant, c\u2019est magnifique. \u00bb<\/p>      \t  \n        <\/div>\n                    \n      <div class=\"uc_author_info\">\n\t\t  <div class=\"ue_title\"><\/div>\t\t  \t<\/div>\n              \n      \t        \n                    \n\t<\/div>   <\/div>\n<!-- end of block item -->\n\n\t<div class=\"uc_quote_item ue-item     elementor-repeater-item-767de1b\">\n    <div class=\"uc_quote_info \">\n                \n\t  <div class=\"uc_author\">\n                  <div class=\"ue-image\">\n\t        <img loading=\"lazy\" decoding=\"async\" class=\"uc_author_avatar\" src=\"https:\/\/www.windowstoinfinity.art\/wp-content\/uploads\/2025\/12\/7-small-small-1.png\" height=\"48\" width=\"48\" alt=\"\" \/>\n          <\/div>\n          <div class=\"ue-image-spacing\"><\/div>\n                          \n\n        \n\t  <\/div>      <!-- end of credentials -->\n              \n              <div class=\"ue-text\">\n          <p>\u00ab \u00c7a m\u2019a sembl\u00e9 un travail comme celui d\u2019une v\u00e9ritable \u0153uvre d\u2019art. \u00bb<\/p>      \t  \n        <\/div>\n                    \n      <div class=\"uc_author_info\">\n\t\t  <div class=\"ue_title\"><\/div>\t\t  \t<\/div>\n              \n      \t        \n                    \n\t<\/div>   <\/div>\n<!-- end of block item -->\n\n\t<div class=\"uc_quote_item ue-item     elementor-repeater-item-98c1166\">\n    <div class=\"uc_quote_info \">\n                \n\t  <div class=\"uc_author\">\n                  <div class=\"ue-image\">\n\t        <img loading=\"lazy\" decoding=\"async\" class=\"uc_author_avatar\" src=\"https:\/\/www.windowstoinfinity.art\/wp-content\/uploads\/2025\/12\/8-small-small-1.png\" height=\"48\" width=\"48\" alt=\"\" \/>\n          <\/div>\n          <div class=\"ue-image-spacing\"><\/div>\n                          \n\n        \n\t  <\/div>      <!-- end of credentials -->\n              \n              <div class=\"ue-text\">\n          <p>\u00ab Hallucinant, il faut voir \u00e7a. \u00bb<\/p>      \t  \n        <\/div>\n                    \n      <div class=\"uc_author_info\">\n\t\t  <div class=\"ue_title\"><\/div>\t\t  \t<\/div>\n              \n      \t        \n                    \n\t<\/div>   <\/div>\n<!-- end of block item -->\n\n\t<div class=\"uc_quote_item ue-item     elementor-repeater-item-a2a8abe\">\n    <div class=\"uc_quote_info \">\n                \n\t  <div class=\"uc_author\">\n                  <div class=\"ue-image\">\n\t        <img loading=\"lazy\" decoding=\"async\" class=\"uc_author_avatar\" src=\"https:\/\/www.windowstoinfinity.art\/wp-content\/uploads\/2025\/12\/9-small-small.png\" height=\"48\" width=\"48\" alt=\"\" \/>\n          <\/div>\n          <div class=\"ue-image-spacing\"><\/div>\n                          \n\n        \n\t  <\/div>      <!-- end of credentials -->\n              \n              <div class=\"ue-text\">\n          <p>\u00ab C\u2019est extraordinaire et impressionnant. \u00bb<\/p>      \t  \n        <\/div>\n                    \n      <div class=\"uc_author_info\">\n\t\t  <div class=\"ue_title\"><\/div>\t\t  \t<\/div>\n              \n      \t        \n                    \n\t<\/div>   <\/div>\n<!-- end of block item -->\n\n\t<div class=\"uc_quote_item ue-item     elementor-repeater-item-91fac58\">\n    <div class=\"uc_quote_info \">\n                \n\t  <div class=\"uc_author\">\n                  <div class=\"ue-image\">\n\t        <img loading=\"lazy\" decoding=\"async\" class=\"uc_author_avatar\" src=\"https:\/\/www.windowstoinfinity.art\/wp-content\/uploads\/2025\/12\/10-small-small.png\" height=\"48\" width=\"48\" alt=\"\" \/>\n          <\/div>\n          <div class=\"ue-image-spacing\"><\/div>\n                          \n\n        \n\t  <\/div>      <!-- end of credentials -->\n              \n              <div class=\"ue-text\">\n          <p>\u00ab Nous sommes rest\u00e9s hallucin\u00e9s. \u00bb<\/p>      \t  \n        <\/div>\n                    \n      <div class=\"uc_author_info\">\n\t\t  <div class=\"ue_title\"><\/div>\t\t  \t<\/div>\n              \n      \t        \n                    \n\t<\/div>   <\/div>\n<!-- end of block item -->\n\n\t<div class=\"uc_quote_item ue-item     elementor-repeater-item-0c380bc\">\n    <div class=\"uc_quote_info \">\n                \n\t  <div class=\"uc_author\">\n                  <div class=\"ue-image\">\n\t        <img loading=\"lazy\" decoding=\"async\" class=\"uc_author_avatar\" src=\"https:\/\/www.windowstoinfinity.art\/wp-content\/uploads\/2025\/12\/11-small-small.png\" height=\"48\" width=\"48\" alt=\"\" \/>\n          <\/div>\n          <div class=\"ue-image-spacing\"><\/div>\n                          \n\n        \n\t  <\/div>      <!-- end of credentials -->\n              \n              <div class=\"ue-text\">\n          <p>\u00ab Spectaculaire. \u00bb<\/p>      \t  \n        <\/div>\n                    \n      <div class=\"uc_author_info\">\n\t\t  <div class=\"ue_title\"><\/div>\t\t  \t<\/div>\n              \n      \t        \n                    \n\t<\/div>   <\/div>\n<!-- end of block item -->\n\n\t<div class=\"uc_quote_item ue-item     elementor-repeater-item-8b44d2c\">\n    <div class=\"uc_quote_info \">\n                \n\t  <div class=\"uc_author\">\n                  <div class=\"ue-image\">\n\t        <img loading=\"lazy\" decoding=\"async\" class=\"uc_author_avatar\" src=\"https:\/\/www.windowstoinfinity.art\/wp-content\/uploads\/2025\/12\/12-small-small.png\" height=\"48\" width=\"48\" alt=\"\" \/>\n          <\/div>\n          <div class=\"ue-image-spacing\"><\/div>\n                          \n\n        \n\t  <\/div>      <!-- end of credentials -->\n              \n              <div class=\"ue-text\">\n          <p>\u00ab Incroyable, \u00e0 ne pas manquer. \u00bb<\/p>      \t  \n        <\/div>\n                    \n      <div class=\"uc_author_info\">\n\t\t  <div class=\"ue_title\"><\/div>\t\t  \t<\/div>\n              \n      \t        \n                    \n\t<\/div>   <\/div>\n<!-- end of block item -->\n\n    <\/div>\t\t\n    <!-- end carousel type owl -->\n\n  <!-- carousel type marquee -->\n    <!-- end carousel type marquee -->\n\n  <!-- carousel type coverflow -->\n    <!-- end carousel type coverflow -->\n\n  <!-- carousel type swipe -->\n    <!-- end carousel type swipe -->\n\n  <!-- carousel type grid -->\n    <!-- end carousel type grid -->\n\n<\/div>\n<!-- end Testimonial Carousel -->\t\t\t\t<\/div>\n\t\t\t\t<\/div>\n\t\t\t\t\t<\/div>\n\t\t\t\t<\/div>\n\t\t\t\t<\/div>\n\t\t","protected":false},"excerpt":{"rendered":"<p>Opinions de visiteurs Las opinions recueillies tout au long des essais r\u00e9alis\u00e9s entre 2020 et 2023 refl\u00e8tent le franc succ\u00e8s de l\u2019exposition. Les visiteurs soulignent la<span class=\"excerpt-hellip\"> [\u2026]<\/span><\/p>\n","protected":false},"author":1,"featured_media":0,"parent":0,"menu_order":0,"comment_status":"closed","ping_status":"closed","template":"elementor_header_footer","meta":{"footnotes":""},"class_list":["post-653","page","type-page","status-publish","hentry"],"_links":{"self":[{"href":"https:\/\/www.windowstoinfinity.art\/fr\/wp-json\/wp\/v2\/pages\/653","targetHints":{"allow":["GET"]}}],"collection":[{"href":"https:\/\/www.windowstoinfinity.art\/fr\/wp-json\/wp\/v2\/pages"}],"about":[{"href":"https:\/\/www.windowstoinfinity.art\/fr\/wp-json\/wp\/v2\/types\/page"}],"author":[{"embeddable":true,"href":"https:\/\/www.windowstoinfinity.art\/fr\/wp-json\/wp\/v2\/users\/1"}],"replies":[{"embeddable":true,"href":"https:\/\/www.windowstoinfinity.art\/fr\/wp-json\/wp\/v2\/comments?post=653"}],"version-history":[{"count":6,"href":"https:\/\/www.windowstoinfinity.art\/fr\/wp-json\/wp\/v2\/pages\/653\/revisions"}],"predecessor-version":[{"id":2022,"href":"https:\/\/www.windowstoinfinity.art\/fr\/wp-json\/wp\/v2\/pages\/653\/revisions\/2022"}],"wp:attachment":[{"href":"https:\/\/www.windowstoinfinity.art\/fr\/wp-json\/wp\/v2\/media?parent=653"}],"curies":[{"name":"wp","href":"https:\/\/api.w.org\/{rel}","templated":true}]}}