{"id":529,"date":"2025-11-26T22:29:25","date_gmt":"2025-11-26T22:29:25","guid":{"rendered":"https:\/\/www.infinitystudios.art\/avis-legal\/"},"modified":"2025-12-17T23:46:25","modified_gmt":"2025-12-17T23:46:25","slug":"avis-legal","status":"publish","type":"page","link":"https:\/\/www.windowstoinfinity.art\/fr\/avis-legal\/","title":{"rendered":"Avis l\u00e9gal"},"content":{"rendered":"\t\t<div data-elementor-type=\"wp-page\" data-elementor-id=\"529\" class=\"elementor elementor-529 elementor-443\">\n\t\t\t\t<div class=\"elementor-element elementor-element-2b8ca1e e-flex e-con-boxed e-con e-parent\" data-id=\"2b8ca1e\" data-element_type=\"container\" data-e-type=\"container\">\n\t\t\t\t\t<div class=\"e-con-inner\">\n\t\t\t\t<div class=\"elementor-element elementor-element-2345086 elementor-widget elementor-widget-heading\" data-id=\"2345086\" data-element_type=\"widget\" data-e-type=\"widget\" data-widget_type=\"heading.default\">\n\t\t\t\t\t<h2 class=\"elementor-heading-title elementor-size-default\">Avis l\u00e9gal<\/h2>\t\t\t\t<\/div>\n\t\t\t\t<div class=\"elementor-element elementor-element-fdad5be elementor-widget elementor-widget-text-editor\" data-id=\"fdad5be\" data-element_type=\"widget\" data-e-type=\"widget\" data-widget_type=\"text-editor.default\">\n\t\t\t\t\t\t\t\t\t<p lang=\"ca-ES\"><span style=\"font-family: Arial, serif;\"><span style=\"font-size: medium;\"><span lang=\"es-ES\">En application de la loi 34\/2002 du 11 juillet, des Services de la soci\u00e9t\u00e9 de l\u2019information et du commerce \u00e9lectronique (LSSI-CE), l\u2019entreprise vous informe qu\u2019elle est propri\u00e9taire du site Internet. En accord avec les termes de l\u2019article 10 de la loi cit\u00e9e ci-dessus, elle vous communique les donn\u00e9es suivantes: <\/span><\/span><\/span><\/p><p lang=\"ca-ES\"><span style=\"font-family: Arial, serif;\"><span style=\"font-size: medium;\"><span lang=\"es-ES\">Le propri\u00e9taire de ce site Internet est:<\/span><\/span><\/span><\/p><table width=\"1140\" cellspacing=\"0\" cellpadding=\"10\"><tbody><tr><td width=\"319\">Nom de l\u2019entreprise<\/td><td width=\"781\"><p lang=\"en-GB\">CREATIVE SYSTEMS IBERIA, S.L.<\/p><\/td><\/tr><tr><td width=\"319\">NIF<\/td><td width=\"781\">B75599639<\/td><\/tr><tr><td width=\"319\">Rue<\/td><td width=\"781\">AMETLLERS, 2<\/td><\/tr><tr><td width=\"319\">Code postal<\/td><td width=\"781\">43770<\/td><\/tr><tr><td width=\"319\">Ville<\/td><td width=\"781\">M\u00d3RA LA NOVA<\/td><\/tr><tr><td width=\"319\">Province<\/td><td width=\"781\">TARRAGONA<\/td><\/tr><\/tbody><\/table><p lang=\"ca-ES\"><span style=\"font-size: medium;\"><span lang=\"es-ES\"><b>Usuarios<\/b><\/span><\/span><\/p><p lang=\"ca-ES\"><span style=\"font-family: Arial, serif;\"><span style=\"font-size: medium;\"><span lang=\"es-ES\">L\u2019acc\u00e8s et\/ou l\u2019utilisation de ce portail vous donnent la qualit\u00e9 d\u2019UTILISATEUR, qui accepte via l\u2019acc\u00e8s et\/ou l\u2019utilisation les Conditions g\u00e9n\u00e9rales d\u2019utilisation ici explicit\u00e9es. Les Conditions pr\u00e9cit\u00e9es seront appliqu\u00e9es ind\u00e9pendamment des Conditions g\u00e9n\u00e9rales de vente qui, le cas \u00e9ch\u00e9ant, sont obligatoires. <\/span><\/span><\/span><\/p><p lang=\"ca-ES\"><span style=\"font-family: Arial, serif;\"><span style=\"font-size: medium;\"><span lang=\"es-ES\"><b>Utilisation du site<\/b><\/span><\/span><\/span><\/p><p lang=\"ca-ES\"><span lang=\"es-ES\"><span style=\"font-family: Arial, serif; font-size: medium;\">Le site Internet permet l\u2019acc\u00e8s par l\u2019UTILISATEUR \u00e0 une multitude d\u2019informations, de services, de programmes, de donn\u00e9es (cf. ci-dessous, \u00ab les contenus \u00bb) qui sont la propri\u00e9t\u00e9 de CREATIVE SYSTEMS IBERIA, S.L. ou de ses donneurs de licence. L\u2019UTILISATEUR assume la responsabilit\u00e9 de l\u2019usage qu\u2019il fait du portail. Cette responsabilit\u00e9 s\u2019\u00e9tend \u00e0 la fourniture des donn\u00e9es d\u2019inscription n\u00e9cessaires \u00e0 l\u2019acc\u00e8s de services et contenus d\u00e9termin\u00e9s.  <\/span><\/span><\/p><p lang=\"ca-ES\"><span lang=\"es-ES\"><span style=\"font-family: Arial, serif; font-size: medium;\">Lors de cette inscription, l\u2019UTILISATEUR s\u2019engage \u00e0 fournir des informations justes et av\u00e9r\u00e9es. Suite \u00e0 cette inscription, l\u2019UTILISATEUR pourra disposer d\u2019un mot de mot de passe duquel il sera responsable, s\u2019engageant \u00e0 en faire un usage diligent et confidentiel. L\u2019UTILISATEUR s\u2019engage \u00e0 faire un usage ad\u00e9quat des contenus et des services que CREATIVE SYSTEMS IBERIA, S.L. propose via son site et, \u00e0 titre indicatif mais non exhaustif, \u00e0 ne pas les utiliser pour:  <\/span><\/span><\/p><ol><li><p lang=\"ca-ES\"><span style=\"font-family: Arial, serif;\"><span style=\"font-size: medium;\"><span lang=\"es-ES\">Commettre des activit\u00e9s illicites, ill\u00e9gales ou contraires \u00e0 la bonne foi et \u00e0 l\u2019ordre public<\/span><\/span><\/span><\/p><\/li><li><p lang=\"ca-ES\"><span style=\"font-family: Arial, serif;\"><span style=\"font-size: medium;\"><span lang=\"es-ES\">Diffuser des contenus ou de la propagande \u00e0 caract\u00e8re raciste, x\u00e9nophobe, pornographique, faisant l\u2019apologie du terrorisme ou contraires aux droits de l\u2019homme<\/span><\/span><\/span><\/p><\/li><li><p lang=\"ca-ES\"><span lang=\"es-ES\"><span style=\"font-family: Arial, serif; font-size: medium;\">Provoquer des d\u00e9gradations dans les syst\u00e8mes physiques ou logistiques de CREATIVE SYSTEMS IBERIA, S.L. de ses fournisseurs ou de tierces personnes, introduire ou diffuser sur le r\u00e9seau des virus informatiques ou tout autre syst\u00e8me physique ou analytique susceptible de provoquer les d\u00e9gradations pr\u00e9cit\u00e9es;<\/span><\/span><\/p><\/li><li><p lang=\"ca-ES\"><span lang=\"es-ES\"><span style=\"font-family: Arial, serif; font-size: medium;\">Tenter d\u2019acc\u00e9der et, le cas \u00e9ch\u00e9ant utiliser, les comptes de courrier \u00e9lectronique d\u2019autres utilisateurs pour modifier et manipuler leurs messages. CREATIVE SYSTEMS IBERIA, S.L. se r\u00e9serve le droit de retirer tous les commentaires et contributions qui porteraient atteinte au respect et \u00e0 la dignit\u00e9 de la personne, qui seraient discriminatoires, x\u00e9nophobes, racistes, pornographiques, qui porteraient atteinte \u00e0 la jeunesse et \u00e0 l\u2019enfance, \u00e0 l\u2019ordre ou \u00e0 la s\u00e9curit\u00e9 publiques ou qui, selon lui, ne seraient pas aptes \u00e0 \u00eatre publi\u00e9s. Dans tous les cas, CREATIVE SYSTEMS IBERIA, S.L. ne pourra \u00eatre tenu pour responsable des opinions publi\u00e9es par les utilisateurs dans les forums, chats ou autres outils de participation.  <\/span><\/span><\/p><\/li><\/ol><p lang=\"ca-ES\"><span style=\"font-family: Arial, serif;\"><span style=\"font-size: medium;\"><span lang=\"es-ES\"><b>Propri\u00e9t\u00e9 intellectuelle et industrielle<\/b><\/span><\/span><\/span><\/p><p lang=\"ca-ES\"><span style=\"font-family: Arial, serif; font-size: medium;\">CREATIVE SYSTEMS IBERIA, S.L.<\/span><span style=\"font-family: Arial, serif;\"><span style=\"font-size: medium;\"><span lang=\"es-ES\"> sera titulaire de tous les droits de propri\u00e9t\u00e9 intellectuelle ou industrielle de son site Internet, ainsi que de tous les \u00e9l\u00e9ments qu\u2019il contient (\u00e0 titre indicatif, les images, le son, l\u2019audio, les vid\u00e9os, les softwares ou les textes ; les marques ou logos, les associations de couleurs, la structure et le design, la s\u00e9lection des mat\u00e9riels employ\u00e9s, les logiciels n\u00e9cessaires \u00e0 son fonctionnement, son acc\u00e8s, son utilisation, etc.).<\/span><\/span><\/span><\/p><p lang=\"ca-ES\"><span lang=\"es-ES\"><span style=\"font-family: Arial, serif; font-size: medium;\">Tous les droits sont r\u00e9serv\u00e9s. En vertu des dispositions des articles 8 et 32.1, second paragraphe, de la loi sur la Propri\u00e9t\u00e9 intellectuelle, sont formellement interdites la reproduction, la distribution et la diffusion publique, y compris sous forme de mise \u00e0 disposition, de tout ou partie des contenus de ce site Internet, \u00e0 des fins commerciales, sur tout support ou par tout moyen technique, sans l\u2019autorisation de CREATIVE SYSTEMS IBERIA, S.L. L\u2019UTILISATEUR s\u2019engage \u00e0 respecter les droits de propri\u00e9t\u00e9 intellectuelle et industrielle dont est titulaire CREATIVE SYSTEMS IBERIA, S.L. Il pourra visionner les contenus du site et m\u00eame les imprimer, les copier et les stocker sur le disque dur de son ordinateur ou tout autre support physique, \u00e0 la condition que ce soit uniquement et exclusivement pour son usage personnel et priv\u00e9. L\u2019UTILISATEUR devra s\u2019abstenir de supprimer, d\u2019alt\u00e9rer, de d\u00e9tourner ou de manipuler tout dispositif de protection ou syst\u00e8me de s\u00e9curit\u00e9 install\u00e9 sur le site de   <\/span><\/span><span style=\"font-family: Arial, serif; font-size: medium;\">CREATIVE SYSTEMS IBERIA, S.L.<\/span><\/p><p lang=\"ca-ES\"><span style=\"font-family: Arial, serif;\"><span style=\"font-size: medium;\"><span lang=\"es-ES\"><b>Exclusion de garanties et responsabilit\u00e9<\/b><\/span><\/span><\/span><\/p><p lang=\"ca-ES\"><span style=\"font-family: Arial, serif;\"><span style=\"font-size: medium;\"><span lang=\"es-ES\">\u00c0 moins qu\u2019il n\u2019ait pas adopt\u00e9 toutes les mesures technologiques n\u00e9cessaires pour l\u2019\u00e9viter, CREATIVE SYSTEMS IBERIA, S.L. ne peut en aucun cas \u00eatre tenu pour responsable des dommages et pr\u00e9judices de quelque nature que pourraient occasionner, \u00e0 titre indicatif : des erreurs ou omissions dans les contenus, le manque de disponibilit\u00e9 du site ou la transmission de virus ou de logiciels malveillants par les contenus.<\/span><\/span><\/span><\/p><p lang=\"ca-ES\"><span style=\"font-family: Arial, serif;\"><span style=\"font-size: medium;\"><span lang=\"es-ES\"><b>Modifications<\/b><\/span><\/span><\/span><\/p><p lang=\"ca-ES\"><span style=\"font-family: Arial, serif; font-size: medium;\">CREATIVE SYSTEMS IBERIA, S.L.<\/span><span style=\"font-family: Arial, serif;\"><span style=\"font-size: medium;\"><span lang=\"es-ES\"> se r\u00e9serve le droit d\u2019effectuer sans avis pr\u00e9alable les modifications sur son site qu\u2019il juge opportunes. Il peut ainsi changer, supprimer ou ajouter tous les contenus et services propos\u00e9s sur le site, ainsi que la mani\u00e8re dont ceux-ci sont pr\u00e9sent\u00e9s ou plac\u00e9s.<\/span><\/span><\/span><\/p><p lang=\"ca-ES\"><span style=\"font-family: Arial, serif;\"><span style=\"font-size: medium;\"><span lang=\"es-ES\"><b>Liens<\/b><\/span><\/span><\/span><\/p><p lang=\"ca-ES\"><span lang=\"es-ES\"><span style=\"font-family: Arial, serif; font-size: medium;\">Dans le cas o\u00f9, sur le site Internet, sont ins\u00e9r\u00e9s des liens ou des hyperliens vers d\u2019autres sites Internet, CREATIVE SYSTEMS IBERIA, S.L. n\u2019exercera aucun type de contr\u00f4le sur les sites en question et leur contenu. En aucun cas, CREATIVE SYSTEMS IBERIA, S.L. n\u2019assumera la responsabilit\u00e9 pour les contenus des liens appartenant \u00e0 un site Internet tiers, ni garantira la disponibilit\u00e9 technique, la qualit\u00e9, la fiabilit\u00e9, l\u2019exactitude, la taille, la v\u00e9racit\u00e9, la validit\u00e9 ou la constitutionnalit\u00e9 de tout mat\u00e9riel ou information contenus dans les hyperliens pr\u00e9cit\u00e9s ou les autres sites Internet. <\/span><\/span><\/p><p lang=\"ca-ES\"><span style=\"font-family: Arial, serif;\"><span style=\"font-size: medium;\"><span lang=\"es-ES\">De m\u00eame, l\u2019inclusion de ces connexions externes ne pourra impliquer aucun type d\u2019association, de fusion ou de participation avec les entit\u00e9s connect\u00e9es.<\/span><\/span><\/span><\/p><p lang=\"ca-ES\"><span style=\"font-family: Arial, serif;\"><span style=\"font-size: medium;\"><span lang=\"es-ES\"><b>Droit d\u2019exclusion<\/b><\/span><\/span><\/span><\/p><p lang=\"ca-ES\"><span style=\"font-family: Arial, serif; font-size: medium;\">CREATIVE SYSTEMS IBERIA, S.L.<\/span><span style=\"font-family: Arial, serif;\"><span style=\"font-size: medium;\"><span lang=\"es-ES\"> se r\u00e9serve le droit de refuser ou de retirer l\u2019acc\u00e8s sans pr\u00e9avis au site et\/ou aux services propos\u00e9s, de sa propre initiative ou \u00e0 la requ\u00eate d\u2019un tiers, aux usagers qui ne respecteraient pas les pr\u00e9sentes Conditions g\u00e9n\u00e9rales d\u2019utilisation.<\/span><\/span><\/span><\/p><p lang=\"ca-ES\"><span style=\"font-family: Arial, serif;\"><span style=\"font-size: medium;\"><span lang=\"es-ES\"><b>G\u00e9n\u00e9ralit\u00e9s<\/b><\/span><\/span><\/span><\/p><p lang=\"ca-ES\"><span style=\"font-family: Arial, serif; font-size: medium;\">CREATIVE SYSTEMS IBERIA, S.L.<\/span><span style=\"font-family: Arial, serif;\"><span style=\"font-size: medium;\"><span lang=\"es-ES\"> exercera des poursuites pour le non-respect des pr\u00e9sentes conditions, ainsi que pour toute utilisation inappropri\u00e9e de son site, en proc\u00e9dant \u00e0 toutes les actions civiles et p\u00e9nales appropri\u00e9es.<\/span><\/span><\/span><\/p><p lang=\"ca-ES\"><span style=\"font-family: Arial, serif;\"><span style=\"font-size: medium;\"><span lang=\"es-ES\"><b>Modification des pr\u00e9sentes conditions et dur\u00e9e<\/b><\/span><\/span><\/span><\/p><p lang=\"ca-ES\"><span style=\"font-family: Arial, serif; font-size: medium;\">CREATIVE SYSTEMS IBERIA, S.L.<\/span><span style=\"font-family: Arial, serif;\"><span style=\"font-size: medium;\"><span lang=\"es-ES\"> pourra modifier \u00e0 tout moment les conditions ici expos\u00e9es, \u00e0 condition qu\u2019elles soient d\u00fbment publi\u00e9es comme ici.<\/span><\/span><\/span><\/p><p lang=\"ca-ES\"><span style=\"font-family: Arial, serif;\"><span style=\"font-size: medium;\"><span lang=\"es-ES\">La validit\u00e9 des conditions cit\u00e9es sera fonction de leur publication et celles-ci resteront en vigueur jusqu\u2019\u00e0 ce qu\u2019elles soient modifi\u00e9es par d\u2019autres d\u00fbment publi\u00e9es.<\/span><\/span><\/span><\/p><p lang=\"ca-ES\"><span style=\"font-family: Arial, serif;\"><span style=\"font-size: medium;\"><span lang=\"es-ES\"><b>L\u00e9gislation applicable et juridiction<\/b><\/span><\/span><\/span><\/p><p lang=\"ca-ES\"><span lang=\"es-ES\"><span style=\"font-family: Arial, serif; font-size: medium;\">La relation entre CREATIVE SYSTEMS IBERIA, S.L. et l\u2019UTILISATEUR sera r\u00e9gie par la r\u00e9glementation espagnole en vigueur, et toute controverse sera soumise aux juridictions et tribunaux de la ville cit\u00e9e ant\u00e9rieurement.<\/span><\/span><\/p><p lang=\"ca-ES\" align=\"center\"><span lang=\"en-GB\"><b>CREATIVE SYSTEMS IBERIA, S.L.<\/b><\/span><\/p><p lang=\"ca-ES\" align=\"center\"><span style=\"color: #272626;\"><span style=\"font-family: Arial, serif;\"><span style=\"font-size: small;\"><span lang=\"es-ES\">Rue Ametllers, 2 -43770- M\u00f3ra la Nova (Tarragona)<\/span><\/span><\/span><\/span><\/p>\t\t\t\t\t\t\t\t<\/div>\n\t\t\t\t\t<\/div>\n\t\t\t\t<\/div>\n\t\t\t\t<\/div>\n\t\t","protected":false},"excerpt":{"rendered":"<p>Avis l\u00e9gal En application de la loi 34\/2002 du 11 juillet, des Services de la soci\u00e9t\u00e9 de l\u2019information et du commerce \u00e9lectronique (LSSI-CE), l\u2019entreprise vous informe<span class=\"excerpt-hellip\"> [\u2026]<\/span><\/p>\n","protected":false},"author":1,"featured_media":0,"parent":0,"menu_order":0,"comment_status":"closed","ping_status":"closed","template":"elementor_header_footer","meta":{"footnotes":""},"class_list":["post-529","page","type-page","status-publish","hentry"],"_links":{"self":[{"href":"https:\/\/www.windowstoinfinity.art\/fr\/wp-json\/wp\/v2\/pages\/529","targetHints":{"allow":["GET"]}}],"collection":[{"href":"https:\/\/www.windowstoinfinity.art\/fr\/wp-json\/wp\/v2\/pages"}],"about":[{"href":"https:\/\/www.windowstoinfinity.art\/fr\/wp-json\/wp\/v2\/types\/page"}],"author":[{"embeddable":true,"href":"https:\/\/www.windowstoinfinity.art\/fr\/wp-json\/wp\/v2\/users\/1"}],"replies":[{"embeddable":true,"href":"https:\/\/www.windowstoinfinity.art\/fr\/wp-json\/wp\/v2\/comments?post=529"}],"version-history":[{"count":4,"href":"https:\/\/www.windowstoinfinity.art\/fr\/wp-json\/wp\/v2\/pages\/529\/revisions"}],"predecessor-version":[{"id":1887,"href":"https:\/\/www.windowstoinfinity.art\/fr\/wp-json\/wp\/v2\/pages\/529\/revisions\/1887"}],"wp:attachment":[{"href":"https:\/\/www.windowstoinfinity.art\/fr\/wp-json\/wp\/v2\/media?parent=529"}],"curies":[{"name":"wp","href":"https:\/\/api.w.org\/{rel}","templated":true}]}}