{"id":1627,"date":"2025-12-13T20:27:50","date_gmt":"2025-12-13T20:27:50","guid":{"rendered":"https:\/\/moccasin-crab-669324.hostingersite.com\/nos-solutions-dexpositions\/"},"modified":"2026-01-18T22:48:27","modified_gmt":"2026-01-18T22:48:27","slug":"nos-solutions-dexpositions","status":"publish","type":"page","link":"https:\/\/www.windowstoinfinity.art\/fr\/nos-solutions-dexpositions\/","title":{"rendered":"Nos solutions d\u2019expositions"},"content":{"rendered":"\t\t<div data-elementor-type=\"wp-page\" data-elementor-id=\"1627\" class=\"elementor elementor-1627 elementor-1073\">\n\t\t\t\t<div class=\"elementor-element elementor-element-2a839fb e-flex e-con-boxed e-con e-parent\" data-id=\"2a839fb\" data-element_type=\"container\" data-e-type=\"container\">\n\t\t\t\t\t<div class=\"e-con-inner\">\n\t\t<div class=\"elementor-element elementor-element-214e611 e-con-full e-flex e-con e-child\" data-id=\"214e611\" data-element_type=\"container\" data-e-type=\"container\">\n\t\t\t\t<div class=\"elementor-element elementor-element-a886f5e elementor-widget elementor-widget-heading\" data-id=\"a886f5e\" data-element_type=\"widget\" data-e-type=\"widget\" data-widget_type=\"heading.default\">\n\t\t\t\t\t<h2 class=\"elementor-heading-title elementor-size-default\">Nos solutions d\u2019expositions<\/h2>\t\t\t\t<\/div>\n\t\t\t\t<div class=\"elementor-element elementor-element-ec1d99b elementor-widget elementor-widget-text-editor\" data-id=\"ec1d99b\" data-element_type=\"widget\" data-e-type=\"widget\" data-widget_type=\"text-editor.default\">\n\t\t\t\t\t\t\t\t\t<p><em>Expotour Itinerant<\/em> propose trois formats d\u2019exposition de l\u2019univers <em>Windows to Infinity,<\/em> adapt\u00e9s \u00e0 diff\u00e9rentes \u00e9chelles et n\u00e9cessit\u00e9s pour apporter l\u2019art immersif partout dans le monde.<\/p>\t\t\t\t\t\t\t\t<\/div>\n\t\t<div class=\"elementor-element elementor-element-116759c e-con-full e-flex e-con e-child\" data-id=\"116759c\" data-element_type=\"container\" data-e-type=\"container\">\n\t\t\t\t<div class=\"elementor-element elementor-element-a0bf0a8 elementor-widget elementor-widget-text-editor\" data-id=\"a0bf0a8\" data-element_type=\"widget\" data-e-type=\"widget\" data-widget_type=\"text-editor.default\">\n\t\t\t\t\t\t\t\t\t<p>Chacun conserve la m\u00eame qualit\u00e9 artistique, technique et \u00e9motionnelle qui d\u00e9finit le projet.<\/p>\t\t\t\t\t\t\t\t<\/div>\n\t\t\t\t<\/div>\n\t\t\t\t<div class=\"elementor-element elementor-element-5a76ce0 elementor-widget elementor-widget-text-editor\" data-id=\"5a76ce0\" data-element_type=\"widget\" data-e-type=\"widget\" data-widget_type=\"text-editor.default\">\n\t\t\t\t\t\t\t\t\t<p>Solutions d\u2019expositions<\/p>\t\t\t\t\t\t\t\t<\/div>\n\t\t<div class=\"elementor-element elementor-element-1b59b03 e-con-full e-flex e-con e-child\" data-id=\"1b59b03\" data-element_type=\"container\" data-e-type=\"container\">\n\t\t<div class=\"elementor-element elementor-element-cd473de e-con-full e-flex e-con e-child\" data-id=\"cd473de\" data-element_type=\"container\" data-e-type=\"container\">\n\t\t\t\t<div class=\"elementor-element elementor-element-008779a elementor-widget elementor-widget-text-editor\" data-id=\"008779a\" data-element_type=\"widget\" data-e-type=\"widget\" data-widget_type=\"text-editor.default\">\n\t\t\t\t\t\t\t\t\t<p><a href=\"#odisea\">La Grande Odyss\u00e9e<\/a><\/p>\t\t\t\t\t\t\t\t<\/div>\n\t\t\t\t<\/div>\n\t\t<div class=\"elementor-element elementor-element-961b3ab e-con-full e-flex e-con e-child\" data-id=\"961b3ab\" data-element_type=\"container\" data-e-type=\"container\">\n\t\t\t\t<div class=\"elementor-element elementor-element-8b2a343 elementor-widget elementor-widget-text-editor\" data-id=\"8b2a343\" data-element_type=\"widget\" data-e-type=\"widget\" data-widget_type=\"text-editor.default\">\n\t\t\t\t\t\t\t\t\t<p><a href=\"#odisea\">Pour de grands espaces ext\u00e9rieurs. La version monumentale et compl\u00e8te, con\u00e7ue pour vivre une journ\u00e9e d\u2019immersion absolue. <\/a><\/p>\t\t\t\t\t\t\t\t<\/div>\n\t\t\t\t<\/div>\n\t\t\t\t<\/div>\n\t\t<div class=\"elementor-element elementor-element-b8d1af4 e-con-full e-flex e-con e-child\" data-id=\"b8d1af4\" data-element_type=\"container\" data-e-type=\"container\">\n\t\t<div class=\"elementor-element elementor-element-66750ca e-con-full e-flex e-con e-child\" data-id=\"66750ca\" data-element_type=\"container\" data-e-type=\"container\">\n\t\t\t\t<div class=\"elementor-element elementor-element-9fe6668 elementor-widget elementor-widget-text-editor\" data-id=\"9fe6668\" data-element_type=\"widget\" data-e-type=\"widget\" data-widget_type=\"text-editor.default\">\n\t\t\t\t\t\t\t\t\t<p><a href=\"#experiencia\">L\u2019exp\u00e9rience<\/a><\/p>\t\t\t\t\t\t\t\t<\/div>\n\t\t\t\t<\/div>\n\t\t<div class=\"elementor-element elementor-element-1febcfc e-con-full e-flex e-con e-child\" data-id=\"1febcfc\" data-element_type=\"container\" data-e-type=\"container\">\n\t\t\t\t<div class=\"elementor-element elementor-element-a575704 elementor-widget elementor-widget-text-editor\" data-id=\"a575704\" data-element_type=\"widget\" data-e-type=\"widget\" data-widget_type=\"text-editor.default\">\n\t\t\t\t\t\t\t\t\t<p><span style=\"white-space-collapse: preserve;\"><a href=\"#experiencia\">Pens\u00e9e pour de grands pavillons ou chapiteaux d\u2019ext\u00e9rieur. Une exposition grand format offrant une demi-journ\u00e9e de plaisir artistique et sensoriel. <\/a><br><\/span><\/p>\t\t\t\t\t\t\t\t<\/div>\n\t\t\t\t<\/div>\n\t\t\t\t<\/div>\n\t\t<div class=\"elementor-element elementor-element-ccfa74e e-con-full e-flex e-con e-child\" data-id=\"ccfa74e\" data-element_type=\"container\" data-e-type=\"container\">\n\t\t<div class=\"elementor-element elementor-element-d96ea56 e-con-full e-flex e-con e-child\" data-id=\"d96ea56\" data-element_type=\"container\" data-e-type=\"container\">\n\t\t\t\t<div class=\"elementor-element elementor-element-434810a elementor-widget elementor-widget-text-editor\" data-id=\"434810a\" data-element_type=\"widget\" data-e-type=\"widget\" data-widget_type=\"text-editor.default\">\n\t\t\t\t\t\t\t\t\t<p><a href=\"#esencia\">L\u2019essence<\/a><\/p>\t\t\t\t\t\t\t\t<\/div>\n\t\t\t\t<\/div>\n\t\t<div class=\"elementor-element elementor-element-7a60d7c e-con-full e-flex e-con e-child\" data-id=\"7a60d7c\" data-element_type=\"container\" data-e-type=\"container\">\n\t\t\t\t<div class=\"elementor-element elementor-element-272f5c3 elementor-widget elementor-widget-text-editor\" data-id=\"272f5c3\" data-element_type=\"widget\" data-e-type=\"widget\" data-widget_type=\"text-editor.default\">\n\t\t\t\t\t\t\t\t\t<p><a href=\"#esencia\">Con\u00e7ue pour des salles d\u2019exposition plus r\u00e9duites. La version la plus compacte et accessible, id\u00e9ale pour une exp\u00e9rience de deux \u00e0 trois heures. <\/a><\/p>\t\t\t\t\t\t\t\t<\/div>\n\t\t\t\t<\/div>\n\t\t\t\t<\/div>\n\t\t\t\t<\/div>\n\t\t<div class=\"elementor-element elementor-element-04f87e5 e-con-full e-flex e-con e-child\" data-id=\"04f87e5\" data-element_type=\"container\" data-e-type=\"container\" data-settings=\"{&quot;background_background&quot;:&quot;classic&quot;}\">\n\t\t\t\t<\/div>\n\t\t\t\t\t<\/div>\n\t\t\t\t<\/div>\n\t\t<div class=\"elementor-element elementor-element-e549ea9 e-flex e-con-boxed e-con e-parent\" data-id=\"e549ea9\" data-element_type=\"container\" data-e-type=\"container\" id=\"odisea\" data-settings=\"{&quot;background_background&quot;:&quot;classic&quot;}\">\n\t\t\t\t\t<div class=\"e-con-inner\">\n\t\t<div class=\"elementor-element elementor-element-fe97922 e-con-full e-flex e-con e-child\" data-id=\"fe97922\" data-element_type=\"container\" data-e-type=\"container\">\n\t\t\t\t<div class=\"elementor-element elementor-element-54d5049 bentonit elementor-widget elementor-widget-text-editor\" data-id=\"54d5049\" data-element_type=\"widget\" data-e-type=\"widget\" data-widget_type=\"text-editor.default\">\n\t\t\t\t\t\t\t\t\t<p>La Grande Odyss\u00e9e<\/p>\t\t\t\t\t\t\t\t<\/div>\n\t\t\t\t<div class=\"elementor-element elementor-element-d3b0cf9 elementor-widget elementor-widget-text-editor\" data-id=\"d3b0cf9\" data-element_type=\"widget\" data-e-type=\"widget\" data-widget_type=\"text-editor.default\">\n\t\t\t\t\t\t\t\t\t<p>L\u2019exp\u00e9rience monumentale<\/p>\t\t\t\t\t\t\t\t<\/div>\n\t\t\t\t<div class=\"elementor-element elementor-element-8d5c1c1 elementor-widget elementor-widget-text-editor\" data-id=\"8d5c1c1\" data-element_type=\"widget\" data-e-type=\"widget\" data-widget_type=\"text-editor.default\">\n\t\t\t\t\t\t\t\t\t<p>La version la plus spectaculaire et compl\u00e8te de <em>Windows to Infinity.<\/em><br>Con\u00e7ue pour des espaces ext\u00e9rieurs o\u00f9 peuvent \u00eatre install\u00e9s de majestueux chapiteaux avec sc\u00e8ne, elle offre une exp\u00e9rience totalement immersive permettant au visiteur de passer toute une journ\u00e9e \u00e0 jouir de l\u2019art, de la technologie et des \u00e9motions.<\/p><p>Dans cette grande odyss\u00e9e sont connect\u00e9es de multiples exp\u00e9riences : <br>Artistes cr\u00e9ant en direct de v\u00e9ritables \u0153uvres de l\u2019univers <em>Windows to Infinity<\/em>, ateliers participatifs, zones de r\u00e9alit\u00e9 virtuelle et augment\u00e9e, photocalls virtuels, zones consacr\u00e9es aux processus cr\u00e9atifs, ainsi qu\u2019espaces artistiques o\u00f9 sont expos\u00e9s sculptures, dioramas, vues monumentales, vues artistiques et la Grande maquette centrale.<br>Le parcours comprend des conteurs, des marionnettes et des personnages de notre univers en interaction avec les visiteurs. En plus des aires de repos, des zones gastronomiques et des boutiques th\u00e9matiques compl\u00e8tent une journ\u00e9e immersive pens\u00e9e pour tous les publics. <\/p><p>Le c\u0153ur de l\u2019exp\u00e9rience culmine dans une salle 360\u00ba aux effets sp\u00e9ciaux de derni\u00e8re g\u00e9n\u00e9ration : une cr\u00e9ation spectaculaire red\u00e9finissant les limites de l\u2019art immersif et pla\u00e7ant <em>Windows to Infinity <\/em>\u00e0 l\u2019avant-garde mondiale de l\u2019innovation visuelle.<\/p><p>Une exp\u00e9rience unique et captivante qui donne \u00e0 chaque ville l\u2019occasion de vivre une journ\u00e9e enti\u00e8re dans la c\u00e9l\u00e9bration de l\u2019art, l\u2019imagination et la technologie la plus avanc\u00e9e.<\/p><p>Surface recommand\u00e9e : \u00e0 partir de 10 000 m\u00b2.<br>Emplacement id\u00e9al : ext\u00e9rieurs, enceintes culturelles en plein air ou grands palais des expositions.<\/p>\t\t\t\t\t\t\t\t<\/div>\n\t\t\t\t<\/div>\n\t\t<div class=\"elementor-element elementor-element-9baa2c0 e-con-full e-flex e-con e-child\" data-id=\"9baa2c0\" data-element_type=\"container\" data-e-type=\"container\">\n\t\t\t\t<\/div>\n\t\t\t\t\t<\/div>\n\t\t\t\t<\/div>\n\t\t<div class=\"elementor-element elementor-element-e8485a8 e-flex e-con-boxed e-con e-parent\" data-id=\"e8485a8\" data-element_type=\"container\" data-e-type=\"container\" id=\"experiencia\" data-settings=\"{&quot;background_background&quot;:&quot;classic&quot;}\">\n\t\t\t\t\t<div class=\"e-con-inner\">\n\t\t<div class=\"elementor-element elementor-element-4f7050a e-con-full e-flex e-con e-child\" data-id=\"4f7050a\" data-element_type=\"container\" data-e-type=\"container\">\n\t\t\t\t<\/div>\n\t\t<div class=\"elementor-element elementor-element-ff79048 e-con-full e-flex e-con e-child\" data-id=\"ff79048\" data-element_type=\"container\" data-e-type=\"container\">\n\t\t\t\t<div class=\"elementor-element elementor-element-07a0f0e bentonit elementor-widget__width-initial elementor-widget elementor-widget-text-editor\" data-id=\"07a0f0e\" data-element_type=\"widget\" data-e-type=\"widget\" data-widget_type=\"text-editor.default\">\n\t\t\t\t\t\t\t\t\t<p>L\u2019exp\u00e9rience<\/p>\t\t\t\t\t\t\t\t<\/div>\n\t\t\t\t<div class=\"elementor-element elementor-element-419518a elementor-widget elementor-widget-text-editor\" data-id=\"419518a\" data-element_type=\"widget\" data-e-type=\"widget\" data-widget_type=\"text-editor.default\">\n\t\t\t\t\t\t\t\t\t<p>L\u2019exposition grand format<\/p>\t\t\t\t\t\t\t\t<\/div>\n\t\t\t\t<div class=\"elementor-element elementor-element-4e8050a elementor-widget elementor-widget-text-editor\" data-id=\"4e8050a\" data-element_type=\"widget\" data-e-type=\"widget\" data-widget_type=\"text-editor.default\">\n\t\t\t\t\t\t\t\t\t<p>Une version puissante et \u00e9quilibr\u00e9e qui conserve toute l\u2019essence de <em>Windows to Infinity,<\/em> adapt\u00e9e \u00e0 une \u00e9chelle plus r\u00e9duite.<br>Elle est con\u00e7ue pour de grands pavillons ou chapiteaux d\u2019ext\u00e9rieur, afin d\u2019offrir au public une exp\u00e9rience immersive de grand impact visuel et \u00e9motionnel, tout en pr\u00e9servant le c\u00f4t\u00e9 spectaculaire, le r\u00e9cit et l\u2019atmosph\u00e8re du projet original.<\/p><p>Cette version s\u2019adapte avec une totale souplesse \u00e0 chaque espace ou projet.<br><span style=\"font-weight: 400;\">Elle peut inclure diff\u00e9rentes exp\u00e9riences de l\u2019univers<\/span> <span style=\"font-weight: 400;\">Windows to Infinity<\/span>, <span style=\"font-weight: 400;\">telles que zones de r\u00e9alit\u00e9 virtuelle ou augment\u00e9e, ateliers, boutiques th\u00e9matiques, vues monumentales, vues artistiques et Grande maquette centrale\u2026 toujours ajust\u00e9es \u00e0 l\u2019environnement, \u00e0 la surface et aux besoins des clients.<\/span><\/p><p>Chaque production est con\u00e7ue de mani\u00e8re personnalis\u00e9e, pour profiter au maximum des possibilit\u00e9s du lieu et offrir une exp\u00e9rience artistique intense, immersive et profond\u00e9ment \u00e9motionnelle. De plus, elle peut int\u00e9grer la salle immersive de 360\u00ba avec ses effets sp\u00e9ciaux de derni\u00e8re g\u00e9n\u00e9ration, con\u00e7ue pour amplifier l\u2019exp\u00e9rience et transporter le visiteur au c\u0153ur de l\u2019univers <em>Windows to Infinity.<\/em><\/p><p>Un format complet et adaptable, con\u00e7u pour offrir entre quatre et cinq heures de plaisir artistique et sensoriel. Il est id\u00e9al pour vivre une exp\u00e9rience inoubliable, une matin\u00e9e ou un apr\u00e8s-midi complet. <\/p><p>Surface recommand\u00e9e : de 3 000 \u00e0 5 000 m\u00b2.<br>Emplacement id\u00e9al : grands pavillons ou chapiteaux d\u2019ext\u00e9rieur.<\/p>\t\t\t\t\t\t\t\t<\/div>\n\t\t\t\t<\/div>\n\t\t\t\t\t<\/div>\n\t\t\t\t<\/div>\n\t\t<div class=\"elementor-element elementor-element-a257631 e-flex e-con-boxed e-con e-parent\" data-id=\"a257631\" data-element_type=\"container\" data-e-type=\"container\" id=\"esencia\" data-settings=\"{&quot;background_background&quot;:&quot;classic&quot;}\">\n\t\t\t\t\t<div class=\"e-con-inner\">\n\t\t<div class=\"elementor-element elementor-element-a07bd0f e-con-full e-flex e-con e-child\" data-id=\"a07bd0f\" data-element_type=\"container\" data-e-type=\"container\">\n\t\t\t\t<div class=\"elementor-element elementor-element-f0516be bentonit elementor-widget elementor-widget-text-editor\" data-id=\"f0516be\" data-element_type=\"widget\" data-e-type=\"widget\" data-widget_type=\"text-editor.default\">\n\t\t\t\t\t\t\t\t\t<p>L\u2019essence<\/p>\t\t\t\t\t\t\t\t<\/div>\n\t\t\t\t<div class=\"elementor-element elementor-element-8fb0d2e elementor-widget elementor-widget-text-editor\" data-id=\"8fb0d2e\" data-element_type=\"widget\" data-e-type=\"widget\" data-widget_type=\"text-editor.default\">\n\t\t\t\t\t\t\t\t\t<p>L\u2019exp\u00e9rience concentr\u00e9e de l\u2019univers<\/p>\t\t\t\t\t\t\t\t<\/div>\n\t\t\t\t<div class=\"elementor-element elementor-element-3ffc45e elementor-widget elementor-widget-text-editor\" data-id=\"3ffc45e\" data-element_type=\"widget\" data-e-type=\"widget\" data-widget_type=\"text-editor.default\">\n\t\t\t\t\t\t\t\t\t<p>La version la plus r\u00e9duite et accessible de <em>Windows to Infinity,<\/em> cr\u00e9\u00e9e pour adapter cet univers artistique \u00e0 tous types d\u2019espaces, de publics ou de villes.<br>Con\u00e7ue pour les salles en int\u00e9rieur de centres culturels et d\u2019exposition, avec des plafonds plus bas et des acc\u00e8s r\u00e9duits, elle conserve la magie, le r\u00e9cit et l\u2019aspect spectaculaire du projet original, adapt\u00e9s avec pr\u00e9cision dans un format agile et efficace. <\/p><p>Son syst\u00e8me de montage est rapide, modulaire et \u00e9conomique, con\u00e7u pour une installation en quelques heures.<br>Les \u0153uvres et les exp\u00e9riences sont pr\u00e9sent\u00e9es dans des \u00e9chelles adapt\u00e9es, tout en conservant leur force visuelle et artistique.<br>Elle comprend les vues monumentales, les vues artistiques l\u00e9gendaires, les exp\u00e9riences de r\u00e9alit\u00e9 virtuelle et augment\u00e9e, les photocalls virtuels, les processus cr\u00e9atifs et la Grande maquette centrale, tous ajust\u00e9s \u00e0 la taille et \u00e0 la configuration de chaque espace.<\/p><p>Un format pens\u00e9 pour offrir une exp\u00e9rience durant deux \u00e0 trois heures, id\u00e9al pour ceux qui cherchent \u00e0 surprendre le visiteur avec une proposition immersive, artistique et techniquement impeccable.<\/p><p>Surface recommand\u00e9e : de 600 \u00e0 1 500 m\u00b2.<br>Emplacement id\u00e9al : salles d\u2019exposition moyennes, centres culturels.<\/p>\t\t\t\t\t\t\t\t<\/div>\n\t\t\t\t<\/div>\n\t\t<div class=\"elementor-element elementor-element-4351dff e-con-full e-flex e-con e-child\" data-id=\"4351dff\" data-element_type=\"container\" data-e-type=\"container\">\n\t\t\t\t<\/div>\n\t\t\t\t\t<\/div>\n\t\t\t\t<\/div>\n\t\t<div class=\"elementor-element elementor-element-de31362 e-flex e-con-boxed e-con e-parent\" data-id=\"de31362\" data-element_type=\"container\" data-e-type=\"container\">\n\t\t\t\t\t<div class=\"e-con-inner\">\n\t\t\t\t<div class=\"elementor-element elementor-element-cf0110f elementor-button-info elementor-align-center elementor-widget elementor-widget-button\" data-id=\"cf0110f\" data-element_type=\"widget\" data-e-type=\"widget\" data-widget_type=\"button.default\">\n\t\t\t\t\t\t\t\t\t\t<a class=\"elementor-button elementor-button-link elementor-size-sm\" href=\"https:\/\/www.windowstoinfinity.art\/fr\/contact\/\">\n\t\t\t\t\t\t<span class=\"elementor-button-content-wrapper\">\n\t\t\t\t\t\t\t\t\t<span class=\"elementor-button-text\">Contact<\/span>\n\t\t\t\t\t<\/span>\n\t\t\t\t\t<\/a>\n\t\t\t\t\t\t\t\t<\/div>\n\t\t\t\t\t<\/div>\n\t\t\t\t<\/div>\n\t\t\t\t<\/div>\n\t\t","protected":false},"excerpt":{"rendered":"<p>Nos solutions d\u2019expositions Expotour Itinerant propose trois formats d\u2019exposition de l\u2019univers Windows to Infinity, adapt\u00e9s \u00e0 diff\u00e9rentes \u00e9chelles et n\u00e9cessit\u00e9s pour apporter l\u2019art immersif partout dans<span class=\"excerpt-hellip\"> [\u2026]<\/span><\/p>\n","protected":false},"author":2,"featured_media":0,"parent":0,"menu_order":0,"comment_status":"closed","ping_status":"closed","template":"elementor_header_footer","meta":{"footnotes":""},"class_list":["post-1627","page","type-page","status-publish","hentry"],"_links":{"self":[{"href":"https:\/\/www.windowstoinfinity.art\/fr\/wp-json\/wp\/v2\/pages\/1627","targetHints":{"allow":["GET"]}}],"collection":[{"href":"https:\/\/www.windowstoinfinity.art\/fr\/wp-json\/wp\/v2\/pages"}],"about":[{"href":"https:\/\/www.windowstoinfinity.art\/fr\/wp-json\/wp\/v2\/types\/page"}],"author":[{"embeddable":true,"href":"https:\/\/www.windowstoinfinity.art\/fr\/wp-json\/wp\/v2\/users\/2"}],"replies":[{"embeddable":true,"href":"https:\/\/www.windowstoinfinity.art\/fr\/wp-json\/wp\/v2\/comments?post=1627"}],"version-history":[{"count":3,"href":"https:\/\/www.windowstoinfinity.art\/fr\/wp-json\/wp\/v2\/pages\/1627\/revisions"}],"predecessor-version":[{"id":2129,"href":"https:\/\/www.windowstoinfinity.art\/fr\/wp-json\/wp\/v2\/pages\/1627\/revisions\/2129"}],"wp:attachment":[{"href":"https:\/\/www.windowstoinfinity.art\/fr\/wp-json\/wp\/v2\/media?parent=1627"}],"curies":[{"name":"wp","href":"https:\/\/api.w.org\/{rel}","templated":true}]}}