{"id":1540,"date":"2025-12-12T22:18:07","date_gmt":"2025-12-12T22:18:07","guid":{"rendered":"https:\/\/moccasin-crab-669324.hostingersite.com\/lexposition\/"},"modified":"2026-01-17T16:37:38","modified_gmt":"2026-01-17T16:37:38","slug":"lexposition","status":"publish","type":"page","link":"https:\/\/www.windowstoinfinity.art\/fr\/lexposition\/","title":{"rendered":"L\u2019Exposition"},"content":{"rendered":"\t\t<div data-elementor-type=\"wp-page\" data-elementor-id=\"1540\" class=\"elementor elementor-1540 elementor-947\">\n\t\t\t\t<div class=\"elementor-element elementor-element-29f5103 e-flex e-con-boxed e-con e-parent\" data-id=\"29f5103\" data-element_type=\"container\" data-e-type=\"container\">\n\t\t\t\t\t<div class=\"e-con-inner\">\n\t\t\t\t<div class=\"elementor-element elementor-element-c018f27 elementor-pagination-position-inside elementor-widget elementor-widget-image-carousel\" data-id=\"c018f27\" data-element_type=\"widget\" data-e-type=\"widget\" data-settings=\"{&quot;slides_to_show&quot;:&quot;1&quot;,&quot;navigation&quot;:&quot;dots&quot;,&quot;lazyload&quot;:&quot;yes&quot;,&quot;autoplay&quot;:&quot;yes&quot;,&quot;pause_on_hover&quot;:&quot;yes&quot;,&quot;pause_on_interaction&quot;:&quot;yes&quot;,&quot;autoplay_speed&quot;:5000,&quot;infinite&quot;:&quot;yes&quot;,&quot;effect&quot;:&quot;slide&quot;,&quot;speed&quot;:500}\" data-widget_type=\"image-carousel.default\">\n\t\t\t\t\t\t\t<div class=\"elementor-image-carousel-wrapper swiper\" role=\"region\" aria-roledescription=\"carousel\" aria-label=\"Carrusel de im\u00e1genes\" dir=\"ltr\">\n\t\t\t<div class=\"elementor-image-carousel swiper-wrapper swiper-image-stretch\" aria-live=\"off\">\n\t\t\t\t\t\t\t\t<div class=\"swiper-slide\" role=\"group\" aria-roledescription=\"slide\" aria-label=\"1 sur 7\"><figure class=\"swiper-slide-inner\"><img class=\"swiper-slide-image swiper-lazy\" data-src=\"https:\/\/www.windowstoinfinity.art\/wp-content\/uploads\/2025\/12\/1.jpg\" alt=\"1\" \/><div class=\"swiper-lazy-preloader\"><\/div><\/figure><\/div><div class=\"swiper-slide\" role=\"group\" aria-roledescription=\"slide\" aria-label=\"2 sur 7\"><figure class=\"swiper-slide-inner\"><img class=\"swiper-slide-image swiper-lazy\" data-src=\"https:\/\/www.windowstoinfinity.art\/wp-content\/uploads\/2025\/12\/2-1.jpg\" alt=\"2\" \/><div class=\"swiper-lazy-preloader\"><\/div><\/figure><\/div><div class=\"swiper-slide\" role=\"group\" aria-roledescription=\"slide\" aria-label=\"3 sur 7\"><figure class=\"swiper-slide-inner\"><img class=\"swiper-slide-image swiper-lazy\" data-src=\"https:\/\/www.windowstoinfinity.art\/wp-content\/uploads\/2025\/12\/3-2.jpg\" alt=\"3\" \/><div class=\"swiper-lazy-preloader\"><\/div><\/figure><\/div><div class=\"swiper-slide\" role=\"group\" aria-roledescription=\"slide\" aria-label=\"4 sur 7\"><figure class=\"swiper-slide-inner\"><img class=\"swiper-slide-image swiper-lazy\" data-src=\"https:\/\/www.windowstoinfinity.art\/wp-content\/uploads\/2025\/12\/4-1.jpg\" alt=\"4\" \/><div class=\"swiper-lazy-preloader\"><\/div><\/figure><\/div><div class=\"swiper-slide\" role=\"group\" aria-roledescription=\"slide\" aria-label=\"5 sur 7\"><figure class=\"swiper-slide-inner\"><img class=\"swiper-slide-image swiper-lazy\" data-src=\"https:\/\/www.windowstoinfinity.art\/wp-content\/uploads\/2025\/12\/5-1.jpg\" alt=\"5\" \/><div class=\"swiper-lazy-preloader\"><\/div><\/figure><\/div><div class=\"swiper-slide\" role=\"group\" aria-roledescription=\"slide\" aria-label=\"6 sur 7\"><figure class=\"swiper-slide-inner\"><img class=\"swiper-slide-image swiper-lazy\" data-src=\"https:\/\/www.windowstoinfinity.art\/wp-content\/uploads\/2025\/12\/6.jpg\" alt=\"6\" \/><div class=\"swiper-lazy-preloader\"><\/div><\/figure><\/div><div class=\"swiper-slide\" role=\"group\" aria-roledescription=\"slide\" aria-label=\"7 sur 7\"><figure class=\"swiper-slide-inner\"><img class=\"swiper-slide-image swiper-lazy\" data-src=\"https:\/\/www.windowstoinfinity.art\/wp-content\/uploads\/2025\/12\/7.jpg\" alt=\"7\" \/><div class=\"swiper-lazy-preloader\"><\/div><\/figure><\/div>\t\t\t<\/div>\n\t\t\t\t\t\t\t\n\t\t\t\t\t\t\t\t\t<div class=\"swiper-pagination\"><\/div>\n\t\t\t\t\t\t\t\t\t<\/div>\n\t\t\t\t\t\t<\/div>\n\t\t\t\t\t<\/div>\n\t\t\t\t<\/div>\n\t\t<div class=\"elementor-element elementor-element-e36697d e-flex e-con-boxed e-con e-child\" data-id=\"e36697d\" data-element_type=\"container\" data-e-type=\"container\">\n\t\t\t\t\t<div class=\"e-con-inner\">\n\t\t<div class=\"elementor-element elementor-element-d38a864 e-con-full e-flex e-con e-child\" data-id=\"d38a864\" data-element_type=\"container\" data-e-type=\"container\">\n\t\t\t\t<div class=\"elementor-element elementor-element-87acc4f elementor-widget elementor-widget-heading\" data-id=\"87acc4f\" data-element_type=\"widget\" data-e-type=\"widget\" data-widget_type=\"heading.default\">\n\t\t\t\t\t<h2 class=\"elementor-heading-title elementor-size-default\">Culture en mouvement<\/h2>\t\t\t\t<\/div>\n\t\t\t\t<div class=\"elementor-element elementor-element-150fdc8 elementor-widget elementor-widget-text-editor\" data-id=\"150fdc8\" data-element_type=\"widget\" data-e-type=\"widget\" data-widget_type=\"text-editor.default\">\n\t\t\t\t\t\t\t\t\t<p>Nous sommes des cr\u00e9ateurs d\u2019expositions et de spectacles itin\u00e9rants qui d\u00e9passent les fronti\u00e8res physiques, \u00e9motionnelles et culturelles.<br>Forte de plus de 35 ans d\u2019exp\u00e9rience dans la conception, la r\u00e9alisation et le montage dans l\u2019Europe tout enti\u00e8re, notre connaissance du secteur est profonde, technique et pr\u00e9cise.<\/p><p> <\/p><p>Avec des si\u00e8ges \u00e0 Tarragone et Madrid ainsi que plus de 10 000 m\u00b2 d\u2019installations \u00e9ph\u00e9m\u00e8res, nous proposons des services int\u00e9graux allant de la conception et la production artistique jusqu\u2019\u00e0 la r\u00e9alisation, la logistique et le montage d\u2019espaces d\u2019exposition et commerciaux.<\/p><p> <\/p><p><em>Expotour Itinerant<\/em>, par le biais de sa maison de production<em> Infinity Studios<\/em>, est ce qui rend possible les expositions de <em>Windows to Infinity<\/em>: en convertissant les id\u00e9es en exp\u00e9riences r\u00e9elles, en fusionnant cr\u00e9ativit\u00e9, technique et ma\u00eetrise impeccable pour des salles d\u2019exposition, mus\u00e9es et centres culturels.<\/p>\t\t\t\t\t\t\t\t<\/div>\n\t\t\t\t<div class=\"elementor-element elementor-element-251e99b elementor-widget elementor-widget-text-editor\" data-id=\"251e99b\" data-element_type=\"widget\" data-e-type=\"widget\" data-widget_type=\"text-editor.default\">\n\t\t\t\t\t\t\t\t\t<p>Nous sommes la culture en mouvement : une alliance entre art, ing\u00e9nierie et \u00e9motion qui donne vie \u00e0 des mondes destin\u00e9s \u00e0 voyager et \u00e0 \u00e9mouvoir.<\/p>\t\t\t\t\t\t\t\t<\/div>\n\t\t\t\t<\/div>\n\t\t<div class=\"elementor-element elementor-element-af9f8a7 e-con-full e-flex e-con e-child\" data-id=\"af9f8a7\" data-element_type=\"container\" data-e-type=\"container\" data-settings=\"{&quot;background_background&quot;:&quot;classic&quot;}\">\n\t\t\t\t<\/div>\n\t\t\t\t\t<\/div>\n\t\t\t\t<\/div>\n\t\t<div class=\"elementor-element elementor-element-ac66d8e e-flex e-con-boxed e-con e-parent\" data-id=\"ac66d8e\" data-element_type=\"container\" data-e-type=\"container\">\n\t\t\t\t\t<div class=\"e-con-inner\">\n\t\t<div class=\"elementor-element elementor-element-8fd66e3 e-con-full e-flex e-con e-child\" data-id=\"8fd66e3\" data-element_type=\"container\" data-e-type=\"container\" data-settings=\"{&quot;background_background&quot;:&quot;classic&quot;}\">\n\t\t\t\t<\/div>\n\t\t<div class=\"elementor-element elementor-element-fc256b3 e-con-full e-flex e-con e-child\" data-id=\"fc256b3\" data-element_type=\"container\" data-e-type=\"container\">\n\t\t\t\t<div class=\"elementor-element elementor-element-94a58f0 elementor-widget elementor-widget-heading\" data-id=\"94a58f0\" data-element_type=\"widget\" data-e-type=\"widget\" data-widget_type=\"heading.default\">\n\t\t\t\t\t<h2 class=\"elementor-heading-title elementor-size-default\">Notre philosophie<\/h2>\t\t\t\t<\/div>\n\t\t\t\t<div class=\"elementor-element elementor-element-a6d86d9 elementor-widget elementor-widget-text-editor\" data-id=\"a6d86d9\" data-element_type=\"widget\" data-e-type=\"widget\" data-widget_type=\"text-editor.default\">\n\t\t\t\t\t\t\t\t\t<p>Notre approche associe la tradition artisanale \u00e0 l\u2019innovation technologique.<br>Des structures physiques jusqu\u2019aux exp\u00e9riences digitales immersives, nous abordons chaque projet avec une vision int\u00e9grale, prenant soin de l\u2019\u00e2me et de l\u2019identit\u00e9 de chaque institution, th\u00e9matique ou r\u00e9cit culturel.<\/p><p>Pour nous, l\u2019art est \u00e0 l\u2019origine de tout.<br>Chaque projet na\u00eet d\u2019une id\u00e9e artistique, d\u2019une \u00e9motion, d\u2019une histoire qui a besoin d\u2019\u00eatre racont\u00e9e.<br>Les outils digitaux tels que la r\u00e9alit\u00e9 virtuelle, exp\u00e9riences de r\u00e9alit\u00e9 augment\u00e9e, projections \u00e0 360\u00b0 ou effets sp\u00e9ciaux ne constituent pas la fin, mais le moyen qui amplifie cette \u00e9motion, permettant aux visiteurs de la vivre plus intens\u00e9ment.<\/p><p>Nos exp\u00e9riences sont con\u00e7ues pour tous les publics et toutes les cultures, des plus jeunes aux plus \u00e2g\u00e9s.<br>Nous croyons en un art universel qui rassemble les g\u00e9n\u00e9rations, les sensibilit\u00e9s et les langues, permettant que chacun puisse trouver son propre reflet dans nos \u0153uvres.<\/p><p>De plus, chaque cr\u00e9ation transmet des valeurs et des messages qui invitent \u00e0 la r\u00e9flexion, proposant un dialogue entre l\u2019\u00e9motion et la pens\u00e9e.<br>Nous cherchons \u00e0 ce que chaque exp\u00e9rience laisse une trace, un \u00e9cho int\u00e9rieur qui perdure longtemps apr\u00e8s la visite.<\/p>\t\t\t\t\t\t\t\t<\/div>\n\t\t\t\t<\/div>\n\t\t\t\t\t<\/div>\n\t\t\t\t<\/div>\n\t\t<div class=\"elementor-element elementor-element-4365896 e-flex e-con-boxed e-con e-child\" data-id=\"4365896\" data-element_type=\"container\" data-e-type=\"container\">\n\t\t\t\t\t<div class=\"e-con-inner\">\n\t\t<div class=\"elementor-element elementor-element-32e5a0a e-con-full e-flex e-con e-child\" data-id=\"32e5a0a\" data-element_type=\"container\" data-e-type=\"container\">\n\t\t\t\t<div class=\"elementor-element elementor-element-26f8cea elementor-widget elementor-widget-heading\" data-id=\"26f8cea\" data-element_type=\"widget\" data-e-type=\"widget\" data-widget_type=\"heading.default\">\n\t\t\t\t\t<h2 class=\"elementor-heading-title elementor-size-default\">Les Innovators<\/h2>\t\t\t\t<\/div>\n\t\t\t\t<div class=\"elementor-element elementor-element-f1a349c elementor-widget elementor-widget-text-editor\" data-id=\"f1a349c\" data-element_type=\"widget\" data-e-type=\"widget\" data-widget_type=\"text-editor.default\">\n\t\t\t\t\t\t\t\t\t<p>L\u2019\u00e2me de <em>Expotour Itinerant<\/em> r\u00e9side dans son \u00e9quipe : les Innovators.<br>Un collectif compos\u00e9 d\u2019artistes, designers, ing\u00e9nieurs, cin\u00e9astes et bien d\u2019autres.<\/p><p>Leur mission est de donner vie \u00e0 chaque vision artistique gr\u00e2ce \u00e0 l\u2019excellence technique, une cr\u00e9ativit\u00e9 sans limites et une profonde connexion \u00e9motionnelle avec le public.<br>Chaque exposition, chaque \u0153uvre et chaque exp\u00e9rience immersive prennent naissance dans ce c\u0153ur multidisciplinaire et se d\u00e9veloppent int\u00e9gralement au sein de son \u00e9quipe.<\/p><p>Nous disposons de plusieurs bureaux techniques, de d\u00e9partements de design graphique et de mod\u00e9lisation 3D, d\u2019\u00e9quipes de programmation et d\u2019effets sp\u00e9ciaux, ainsi que d\u2019experts en r\u00e9alit\u00e9 virtuelle et augment\u00e9e et d\u2019une production cin\u00e9matographique.<br>Cette structure nous permet de mat\u00e9rialiser des id\u00e9es complexes et de les convertir en exp\u00e9riences qui associent art, science et \u00e9motion.<\/p>\t\t\t\t\t\t\t\t<\/div>\n\t\t\t\t<div class=\"elementor-element elementor-element-82ebcaa elementor-widget elementor-widget-text-editor\" data-id=\"82ebcaa\" data-element_type=\"widget\" data-e-type=\"widget\" data-widget_type=\"text-editor.default\">\n\t\t\t\t\t\t\t\t\t<p>Les <em>Innovators <\/em>sont la base de tout ce que nous faisons : une \u00e9quipe passionn\u00e9e qui r\u00e9unit talent, technique et sensibilit\u00e9 pour construire des mondes qui inspirent.<\/p>\t\t\t\t\t\t\t\t<\/div>\n\t\t\t\t<\/div>\n\t\t<div class=\"elementor-element elementor-element-fc68b11 e-con-full e-flex e-con e-child\" data-id=\"fc68b11\" data-element_type=\"container\" data-e-type=\"container\">\n\t\t\t\t<div class=\"elementor-element elementor-element-ea60692 bentonit elementor-widget elementor-widget-text-editor\" data-id=\"ea60692\" data-element_type=\"widget\" data-e-type=\"widget\" data-widget_type=\"text-editor.default\">\n\t\t\t\t\t\t\t\t\t<p>L\u2019art vient toujours en premier.<br>La technologie l\u2019amplifie.<br>Jamais elle ne le remplace.<\/p>\t\t\t\t\t\t\t\t<\/div>\n\t\t\t\t<\/div>\n\t\t\t\t\t<\/div>\n\t\t\t\t<\/div>\n\t\t<div class=\"elementor-element elementor-element-68b36f2 e-flex e-con-boxed e-con e-parent\" data-id=\"68b36f2\" data-element_type=\"container\" data-e-type=\"container\">\n\t\t\t\t\t<div class=\"e-con-inner\">\n\t\t<div class=\"elementor-element elementor-element-f36d36c e-con-full e-flex e-con e-child\" data-id=\"f36d36c\" data-element_type=\"container\" data-e-type=\"container\">\n\t\t\t\t<div class=\"elementor-element elementor-element-8286d89 elementor-widget elementor-widget-heading\" data-id=\"8286d89\" data-element_type=\"widget\" data-e-type=\"widget\" data-widget_type=\"heading.default\">\n\t\t\t\t\t<h2 class=\"elementor-heading-title elementor-size-default\">Guide du voyage, audioguides et vid\u00e9oguides<\/h2>\t\t\t\t<\/div>\n\t\t\t\t<\/div>\n\t\t\t\t\t<\/div>\n\t\t\t\t<\/div>\n\t\t<div class=\"elementor-element elementor-element-4c3d7ea e-flex e-con-boxed e-con e-parent\" data-id=\"4c3d7ea\" data-element_type=\"container\" data-e-type=\"container\">\n\t\t\t\t\t<div class=\"e-con-inner\">\n\t\t\t\t<div class=\"elementor-element elementor-element-6ed6b2b elementor-widget elementor-widget-image\" data-id=\"6ed6b2b\" data-element_type=\"widget\" data-e-type=\"widget\" data-widget_type=\"image.default\">\n\t\t\t\t\t\t\t\t\t\t\t\t\t\t\t<img fetchpriority=\"high\" decoding=\"async\" width=\"1200\" height=\"499\" src=\"https:\/\/www.windowstoinfinity.art\/wp-content\/uploads\/2025\/12\/3-3.jpg\" class=\"attachment-full size-full wp-image-1527\" alt=\"\" srcset=\"https:\/\/www.windowstoinfinity.art\/wp-content\/uploads\/2025\/12\/3-3.jpg 1200w, https:\/\/www.windowstoinfinity.art\/wp-content\/uploads\/2025\/12\/3-3-300x125.jpg 300w, https:\/\/www.windowstoinfinity.art\/wp-content\/uploads\/2025\/12\/3-3-1024x426.jpg 1024w, https:\/\/www.windowstoinfinity.art\/wp-content\/uploads\/2025\/12\/3-3-768x319.jpg 768w, https:\/\/www.windowstoinfinity.art\/wp-content\/uploads\/2025\/12\/3-3-150x62.jpg 150w, https:\/\/www.windowstoinfinity.art\/wp-content\/uploads\/2025\/12\/3-3-480x200.jpg 480w\" sizes=\"(max-width:767px) 480px, (max-width:1200px) 100vw, 1200px\" \/>\t\t\t\t\t\t\t\t\t\t\t\t\t\t\t<\/div>\n\t\t\t\t\t<\/div>\n\t\t\t\t<\/div>\n\t\t<div class=\"elementor-element elementor-element-0bc760c e-flex e-con-boxed e-con e-parent\" data-id=\"0bc760c\" data-element_type=\"container\" data-e-type=\"container\">\n\t\t\t\t\t<div class=\"e-con-inner\">\n\t\t<div class=\"elementor-element elementor-element-0079410 e-flex e-con-boxed e-con e-child\" data-id=\"0079410\" data-element_type=\"container\" data-e-type=\"container\">\n\t\t\t\t\t<div class=\"e-con-inner\">\n\t\t<div class=\"elementor-element elementor-element-a602ca5 e-con-full e-flex e-con e-child\" data-id=\"a602ca5\" data-element_type=\"container\" data-e-type=\"container\">\n\t\t\t\t<div class=\"elementor-element elementor-element-68c53d9 elementor-widget elementor-widget-text-editor\" data-id=\"68c53d9\" data-element_type=\"widget\" data-e-type=\"widget\" data-widget_type=\"text-editor.default\">\n\t\t\t\t\t\t\t\t\t<p>Un accompagnement pour explorer chaque monde<\/p>\t\t\t\t\t\t\t\t<\/div>\n\t\t\t\t<div class=\"elementor-element elementor-element-d726c83 elementor-widget elementor-widget-text-editor\" data-id=\"d726c83\" data-element_type=\"widget\" data-e-type=\"widget\" data-widget_type=\"text-editor.default\">\n\t\t\t\t\t\t\t\t\t<p>Dans <em>Windows to Infinity,<\/em> le visiteur se convertit en explorateur.<br>Au d\u00e9but de son parcours, il re\u00e7oit le guide du voyage : un livre soigneusement con\u00e7u qui l\u2019accompagne durant toute l\u2019exp\u00e9rience.<br>Plus qu\u2019une carte, c\u2019est un compagnon de route : il permet de s\u2019orienter, propose des curiosit\u00e9s, de l\u2019information technique et artistique sur chaque zone, et m\u00eame des liens Internet pour approfondir les contenus digitaux de l\u2019exposition.<\/p><p> <\/p><p>Tout au long du parcours, chaque espace est connect\u00e9 au moyen d\u2019audioguides et de vid\u00e9oguides interactifs, accessibles depuis le t\u00e9l\u00e9phone mobile du visiteur.<br>Gr\u00e2ce \u00e0 des codes QR, il pourra d\u00e9couvrir la musique originale des \u0153uvres, \u00e9couter les r\u00e9cits qui inspirent les mondes, regarder les vid\u00e9os des personnages et des histoires qui les entourent, et acc\u00e9der \u00e0 des r\u00e9flexions artistiques, \u00e0 des critiques et documentaires qui enrichissent l\u2019exp\u00e9rience.<\/p><p> <\/p><p>Chaque contenu digital a \u00e9t\u00e9 cr\u00e9\u00e9 sp\u00e9cialement pour <em>Windows to Infinity,<\/em> faisant de la visite une exp\u00e9rience totalement immersive dans laquelle l\u2019art, la narration et la technologie s\u2019entrelacent dans une exp\u00e9rience vivante unique.<\/p><p> <\/p><p>Tout le contenu est disponible en diff\u00e9rentes langues, dont toujours la langue locale, afin de garantir que les visiteurs de tous pays puissent profiter de l\u2019exposition et la comprendre dans leur propre langue.<\/p><p> <\/p><p>Cette association de livre, son et image fait du parcours une exp\u00e9rience vivante, immersive et sans limites, o\u00f9 la connaissance et l\u2019\u00e9motion avancent main dans la main.<\/p>\t\t\t\t\t\t\t\t<\/div>\n\t\t\t\t<\/div>\n\t\t<div class=\"elementor-element elementor-element-f01a949 e-con-full e-flex e-con e-child\" data-id=\"f01a949\" data-element_type=\"container\" data-e-type=\"container\" data-settings=\"{&quot;background_background&quot;:&quot;classic&quot;}\">\n\t\t\t\t<\/div>\n\t\t\t\t\t<\/div>\n\t\t\t\t<\/div>\n\t\t\t\t\t<\/div>\n\t\t\t\t<\/div>\n\t\t\t\t<\/div>\n\t\t","protected":false},"excerpt":{"rendered":"<p>Culture en mouvement Nous sommes des cr\u00e9ateurs d\u2019expositions et de spectacles itin\u00e9rants qui d\u00e9passent les fronti\u00e8res physiques, \u00e9motionnelles et culturelles.Forte de plus de 35 ans d\u2019exp\u00e9rience<span class=\"excerpt-hellip\"> [\u2026]<\/span><\/p>\n","protected":false},"author":2,"featured_media":0,"parent":0,"menu_order":0,"comment_status":"closed","ping_status":"closed","template":"elementor_header_footer","meta":{"footnotes":""},"class_list":["post-1540","page","type-page","status-publish","hentry"],"_links":{"self":[{"href":"https:\/\/www.windowstoinfinity.art\/fr\/wp-json\/wp\/v2\/pages\/1540","targetHints":{"allow":["GET"]}}],"collection":[{"href":"https:\/\/www.windowstoinfinity.art\/fr\/wp-json\/wp\/v2\/pages"}],"about":[{"href":"https:\/\/www.windowstoinfinity.art\/fr\/wp-json\/wp\/v2\/types\/page"}],"author":[{"embeddable":true,"href":"https:\/\/www.windowstoinfinity.art\/fr\/wp-json\/wp\/v2\/users\/2"}],"replies":[{"embeddable":true,"href":"https:\/\/www.windowstoinfinity.art\/fr\/wp-json\/wp\/v2\/comments?post=1540"}],"version-history":[{"count":3,"href":"https:\/\/www.windowstoinfinity.art\/fr\/wp-json\/wp\/v2\/pages\/1540\/revisions"}],"predecessor-version":[{"id":2118,"href":"https:\/\/www.windowstoinfinity.art\/fr\/wp-json\/wp\/v2\/pages\/1540\/revisions\/2118"}],"wp:attachment":[{"href":"https:\/\/www.windowstoinfinity.art\/fr\/wp-json\/wp\/v2\/media?parent=1540"}],"curies":[{"name":"wp","href":"https:\/\/api.w.org\/{rel}","templated":true}]}}