{"id":675,"date":"2025-11-17T21:12:36","date_gmt":"2025-11-17T21:12:36","guid":{"rendered":"https:\/\/www.infinitystudios.art\/werte\/"},"modified":"2025-12-15T15:05:33","modified_gmt":"2025-12-15T15:05:33","slug":"werte","status":"publish","type":"page","link":"https:\/\/www.windowstoinfinity.art\/de\/werte\/","title":{"rendered":"Werte"},"content":{"rendered":"\t\t<div data-elementor-type=\"wp-page\" data-elementor-id=\"675\" class=\"elementor elementor-675 elementor-142\">\n\t\t\t\t<div class=\"elementor-element elementor-element-15a1f43 e-flex e-con-boxed e-con e-parent\" data-id=\"15a1f43\" data-element_type=\"container\" data-e-type=\"container\">\n\t\t\t\t\t<div class=\"e-con-inner\">\n\t\t\t\t<div class=\"elementor-element elementor-element-26da91a elementor-widget__width-initial elementor-widget elementor-widget-heading\" data-id=\"26da91a\" data-element_type=\"widget\" data-e-type=\"widget\" data-widget_type=\"heading.default\">\n\t\t\t\t\t<h2 class=\"elementor-heading-title elementor-size-default\">Unsere Werte<\/h2>\t\t\t\t<\/div>\n\t\t\t\t\t<\/div>\n\t\t\t\t<\/div>\n\t\t<div class=\"elementor-element elementor-element-02bdd5e e-flex e-con-boxed e-con e-parent\" data-id=\"02bdd5e\" data-element_type=\"container\" data-e-type=\"container\">\n\t\t\t\t\t<div class=\"e-con-inner\">\n\t\t<div class=\"elementor-element elementor-element-0c26d18 e-con-full e-flex e-con e-child\" data-id=\"0c26d18\" data-element_type=\"container\" data-e-type=\"container\">\n\t\t\t\t<div class=\"elementor-element elementor-element-d3bcb46 elementor-widget elementor-widget-text-editor\" data-id=\"d3bcb46\" data-element_type=\"widget\" data-e-type=\"widget\" data-widget_type=\"text-editor.default\">\n\t\t\t\t\t\t\t\t\t<h6>Engagement f\u00fcr die Kultur<\/h6>\t\t\t\t\t\t\t\t<\/div>\n\t\t\t\t<div class=\"elementor-element elementor-element-181c9b5 elementor-widget elementor-widget-text-editor\" data-id=\"181c9b5\" data-element_type=\"widget\" data-e-type=\"widget\" data-widget_type=\"text-editor.default\">\n\t\t\t\t\t\t\t\t\t<p>Wir von<em> Expotour Itinerant <\/em>verstehen Kultur als ein grundlegendes Gut, als eine gemeinsame Sprache, die uns Menschen \u00fcber Grenzen hinweg verbindet.<br>Unsere Arbeit beschr\u00e4nkt sich nicht darauf, Kunst zu zeigen: Wir m\u00f6chten sie teilen, zug\u00e4nglich machen und allen Zielgruppen und Generationen n\u00e4herbringen.<br>Wir arbeiten mit Museen, Institutionen und K\u00fcnstlern aus aller Welt zusammen, damit jedes Projekt zu einem lebendigen, offenen und partizipativen Erlebnis wird.<\/p>\t\t\t\t\t\t\t\t<\/div>\n\t\t\t\t<div class=\"elementor-element elementor-element-65c9074 elementor-widget elementor-widget-text-editor\" data-id=\"65c9074\" data-element_type=\"widget\" data-e-type=\"widget\" data-widget_type=\"text-editor.default\">\n\t\t\t\t\t\t\t\t\t<p>Wir finden, dass Kultur niemandem geh\u00f6rt, sondern allen.<\/p>\t\t\t\t\t\t\t\t<\/div>\n\t\t\t\t<div class=\"elementor-element elementor-element-a85526e elementor-widget elementor-widget-text-editor\" data-id=\"a85526e\" data-element_type=\"widget\" data-e-type=\"widget\" data-widget_type=\"text-editor.default\">\n\t\t\t\t\t\t\t\t\t<h6>Engagement f\u00fcr die Werte<\/h6>\t\t\t\t\t\t\t\t<\/div>\n\t\t\t\t<div class=\"elementor-element elementor-element-0baec87 elementor-widget elementor-widget-text-editor\" data-id=\"0baec87\" data-element_type=\"widget\" data-e-type=\"widget\" data-widget_type=\"text-editor.default\">\n\t\t\t\t\t\t\t\t\t<p>Hinter jedem Werk, jeder Vision steht ein menschliches und k\u00fcnstlerisches Bed\u00fcrfnis: eine Botschaft zu vermitteln, tiefe Emotionen zu wecken und am Bewusstsein zu r\u00fchren.<br>W\u00e4hrend des kreativen Prozesses wird man dazu angeregt, zu vermitteln, was bewegt: eine Reflexion, eine Warnung, eine Hoffnung.<br>Diese Botschaften, die in jedem Werk vorhanden sind, ber\u00fchren universelle Themen: Mitgef\u00fchl, Gerechtigkeit, Empathie, Erinnerung, Respekt und Freiheit.<\/p>\t\t\t\t\t\t\t\t<\/div>\n\t\t\t\t<div class=\"elementor-element elementor-element-b1bafc7 elementor-widget elementor-widget-text-editor\" data-id=\"b1bafc7\" data-element_type=\"widget\" data-e-type=\"widget\" data-widget_type=\"text-editor.default\">\n\t\t\t\t\t\t\t\t\t<p>Nicht selten ist das Publikum zu Tr\u00e4nen ger\u00fchrt, denn die Werke werden nicht nur betrachtet, sondern erlebt.<\/p><p>Dieses Projekt schl\u00e4gt eine Br\u00fccke zwischen Kunst und Menschlichkeit.<\/p>\t\t\t\t\t\t\t\t<\/div>\n\t\t\t\t<div class=\"elementor-element elementor-element-d7c87e2 elementor-widget elementor-widget-text-editor\" data-id=\"d7c87e2\" data-element_type=\"widget\" data-e-type=\"widget\" data-widget_type=\"text-editor.default\">\n\t\t\t\t\t\t\t\t\t<p>Es ist ein Aufruf, Wesentliches wiederzuentdecken und uns darauf zu besinnen, dass wir alle demselben Universums angeh\u00f6ren.<\/p>\t\t\t\t\t\t\t\t<\/div>\n\t\t\t\t<div class=\"elementor-element elementor-element-133cfa1 elementor-widget elementor-widget-text-editor\" data-id=\"133cfa1\" data-element_type=\"widget\" data-e-type=\"widget\" data-widget_type=\"text-editor.default\">\n\t\t\t\t\t\t\t\t\t<h6>Engagement f\u00fcr neue Handwerker:innen<\/h6>\t\t\t\t\t\t\t\t<\/div>\n\t\t\t\t<div class=\"elementor-element elementor-element-5b61f87 elementor-widget elementor-widget-text-editor\" data-id=\"5b61f87\" data-element_type=\"widget\" data-e-type=\"widget\" data-widget_type=\"text-editor.default\">\n\t\t\t\t\t\t\t\t\t<p>Wir glauben, dass eine eindr\u00fcckliche Erfahrung wie ein Samen ist, der vielleicht jahrelang schlummert und dann jederzeit in Form von Kunst, einer Idee, einer Berufung aufkeimen kann; vielleicht treffen sogar alle drei Aspekte zusammen.<br>Wir glauben an Learning by Doing und sind stolz und bereit, neuen Generationen au\u00dfergew\u00f6hnliche Erfahrungen voller Inhalte und Lehren zu bieten und sie so dazu anzuregen, \u00fcber den eigenen Tellerrand hinauszuschauen.<br>Windows to Infinity m\u00f6chte in allen den Funken wecken, nach dem Sinnvollen zu suchen oder noch besser: es zu schaffen.<\/p><p>Es erf\u00fcllt uns mit Stolz, das L\u00e4cheln der kleinen Besucher zu sehen, w\u00e4hrend sie die Details unserer Welten bestaunen. Dann wissen wir, dass die Kunst etwas in ihnen bewegt.<\/p>\t\t\t\t\t\t\t\t<\/div>\n\t\t\t\t<div class=\"elementor-element elementor-element-35ba8b5 elementor-widget elementor-widget-text-editor\" data-id=\"35ba8b5\" data-element_type=\"widget\" data-e-type=\"widget\" data-widget_type=\"text-editor.default\">\n\t\t\t\t\t\t\t\t\t<p>Wir streben danach, allen Besuchern eine Erfahrung zu bieten, die sie mit ihrer eigenen Stimme und Botschaft wiederbeleben und nachbilden m\u00f6chten.<\/p>\t\t\t\t\t\t\t\t<\/div>\n\t\t\t\t<\/div>\n\t\t<div class=\"elementor-element elementor-element-fd1ac93 e-con-full e-flex e-con e-child\" data-id=\"fd1ac93\" data-element_type=\"container\" data-e-type=\"container\">\n\t\t\t\t<div class=\"elementor-element elementor-element-9933806 elementor-widget elementor-widget-text-editor\" data-id=\"9933806\" data-element_type=\"widget\" data-e-type=\"widget\" data-widget_type=\"text-editor.default\">\n\t\t\t\t\t\t\t\t\t<h6>Engagement f\u00fcr den Planeten<\/h6>\t\t\t\t\t\t\t\t<\/div>\n\t\t\t\t<div class=\"elementor-element elementor-element-ad47b6b elementor-widget elementor-widget-text-editor\" data-id=\"ad47b6b\" data-element_type=\"widget\" data-e-type=\"widget\" data-widget_type=\"text-editor.default\">\n\t\t\t\t\t\t\t\t\t<p>Windows to Infinity und Expotour Itinerant wurden mit einer klaren Idee ins Leben gerufen: zu schaffen, ohne zu zerst\u00f6ren.<br>Deshalb arbeiten wir mit recycelten Materialien, modularen Strukturen und energiesparender Technologie.<br>Jede Installation wird mit Respekt vor der Erde entworfen, indem wir wiederverwenden und umwandeln, was andere wegwerfen.<\/p>\t\t\t\t\t\t\t\t<\/div>\n\t\t\t\t<div class=\"elementor-element elementor-element-7c3d6c0 elementor-widget elementor-widget-text-editor\" data-id=\"7c3d6c0\" data-element_type=\"widget\" data-e-type=\"widget\" data-widget_type=\"text-editor.default\">\n\t\t\t\t\t\t\t\t\t<p>Unser Fu\u00dfabdruck ist nicht physisch, sondern emotional.<\/p>\t\t\t\t\t\t\t\t<\/div>\n\t\t\t\t<div class=\"elementor-element elementor-element-262a28e elementor-widget elementor-widget-text-editor\" data-id=\"262a28e\" data-element_type=\"widget\" data-e-type=\"widget\" data-widget_type=\"text-editor.default\">\n\t\t\t\t\t\t\t\t\t<p>Denn Kunst sollte keine Abf\u00e4lle hinterlassen &#8230; nur Erinnerungen.<\/p>\t\t\t\t\t\t\t\t<\/div>\n\t\t\t\t<div class=\"elementor-element elementor-element-323357d elementor-widget elementor-widget-image\" data-id=\"323357d\" data-element_type=\"widget\" data-e-type=\"widget\" data-widget_type=\"image.default\">\n\t\t\t\t\t\t\t\t\t\t\t\t\t\t\t<img fetchpriority=\"high\" decoding=\"async\" width=\"682\" height=\"1024\" src=\"https:\/\/www.windowstoinfinity.art\/wp-content\/uploads\/2025\/12\/dino-682x1024.png\" class=\"attachment-large size-large wp-image-1640\" alt=\"\" srcset=\"https:\/\/www.windowstoinfinity.art\/wp-content\/uploads\/2025\/12\/dino-682x1024.png 682w, https:\/\/www.windowstoinfinity.art\/wp-content\/uploads\/2025\/12\/dino-200x300.png 200w, https:\/\/www.windowstoinfinity.art\/wp-content\/uploads\/2025\/12\/dino-768x1153.png 768w, https:\/\/www.windowstoinfinity.art\/wp-content\/uploads\/2025\/12\/dino-50x75.png 50w, https:\/\/www.windowstoinfinity.art\/wp-content\/uploads\/2025\/12\/dino-480x721.png 480w, https:\/\/www.windowstoinfinity.art\/wp-content\/uploads\/2025\/12\/dino.png 799w\" sizes=\"(max-width:767px) 480px, 682px\" \/>\t\t\t\t\t\t\t\t\t\t\t\t\t\t\t<\/div>\n\t\t\t\t<\/div>\n\t\t\t\t\t<\/div>\n\t\t\t\t<\/div>\n\t\t\t\t<\/div>\n\t\t","protected":false},"excerpt":{"rendered":"<p>Unsere Werte Engagement f\u00fcr die Kultur Wir von Expotour Itinerant verstehen Kultur als ein grundlegendes Gut, als eine gemeinsame Sprache, die uns Menschen \u00fcber Grenzen hinweg<span class=\"excerpt-hellip\"> [\u2026]<\/span><\/p>\n","protected":false},"author":1,"featured_media":0,"parent":0,"menu_order":0,"comment_status":"closed","ping_status":"closed","template":"elementor_header_footer","meta":{"footnotes":""},"class_list":["post-675","page","type-page","status-publish","hentry"],"_links":{"self":[{"href":"https:\/\/www.windowstoinfinity.art\/de\/wp-json\/wp\/v2\/pages\/675","targetHints":{"allow":["GET"]}}],"collection":[{"href":"https:\/\/www.windowstoinfinity.art\/de\/wp-json\/wp\/v2\/pages"}],"about":[{"href":"https:\/\/www.windowstoinfinity.art\/de\/wp-json\/wp\/v2\/types\/page"}],"author":[{"embeddable":true,"href":"https:\/\/www.windowstoinfinity.art\/de\/wp-json\/wp\/v2\/users\/1"}],"replies":[{"embeddable":true,"href":"https:\/\/www.windowstoinfinity.art\/de\/wp-json\/wp\/v2\/comments?post=675"}],"version-history":[{"count":2,"href":"https:\/\/www.windowstoinfinity.art\/de\/wp-json\/wp\/v2\/pages\/675\/revisions"}],"predecessor-version":[{"id":1642,"href":"https:\/\/www.windowstoinfinity.art\/de\/wp-json\/wp\/v2\/pages\/675\/revisions\/1642"}],"wp:attachment":[{"href":"https:\/\/www.windowstoinfinity.art\/de\/wp-json\/wp\/v2\/media?parent=675"}],"curies":[{"name":"wp","href":"https:\/\/api.w.org\/{rel}","templated":true}]}}