{"id":669,"date":"2025-08-18T12:38:13","date_gmt":"2025-08-18T12:38:13","guid":{"rendered":"https:\/\/www.infinitystudios.art\/datenschutzhinweis\/"},"modified":"2025-12-30T12:06:01","modified_gmt":"2025-12-30T12:06:01","slug":"datenschutzhinweis","status":"publish","type":"page","link":"https:\/\/www.windowstoinfinity.art\/de\/datenschutzhinweis\/","title":{"rendered":"Datenschutzhinweis"},"content":{"rendered":"\t\t<div data-elementor-type=\"wp-page\" data-elementor-id=\"669\" class=\"elementor elementor-669 elementor-3\">\n\t\t\t\t<div class=\"elementor-element elementor-element-80b6e99 e-flex e-con-boxed e-con e-parent\" data-id=\"80b6e99\" data-element_type=\"container\" data-e-type=\"container\">\n\t\t\t\t\t<div class=\"e-con-inner\">\n\t\t\t\t<div class=\"elementor-element elementor-element-0ba5a11 elementor-widget elementor-widget-heading\" data-id=\"0ba5a11\" data-element_type=\"widget\" data-e-type=\"widget\" data-widget_type=\"heading.default\">\n\t\t\t\t\t<h2 class=\"elementor-heading-title elementor-size-default\">Datenschutzhinweis<\/h2>\t\t\t\t<\/div>\n\t\t\t\t<div class=\"elementor-element elementor-element-abe5844 elementor-widget elementor-widget-text-editor\" data-id=\"abe5844\" data-element_type=\"widget\" data-e-type=\"widget\" data-widget_type=\"text-editor.default\">\n\t\t\t\t\t\t\t\t\t<p>Wir sind ein Unternehmen, in dem Informationstransparenz grundlegend ist, um eine vertrauensvolle Beziehung zu den Menschen, die unser Projekt bilden, sowie zu unseren Lieferanten und Kunden aufzubauen. Daher ist der Schutz der personenbezogenen Daten der Menschen, die uns vertrauen, von entscheidender Bedeutung, und wir m\u00f6chten Sie mit diesem Datenschutzhinweis dar\u00fcber informieren, wie wir solche Daten sammeln und wie wir sie verarbeiten oder verwenden.<br>Dieser Datenschutzhinweis legt die Grundlage fest, auf der das Unternehmen die personenbezogenen Daten behandelt, die uns unsere Nutzer freiwillig \u00fcber unsere Website zur Verf\u00fcgung stellen.<br>Dieser Hinweis gilt immer dann, wenn Daten an das Unternehmen \u00fcbermittelt werden, das f\u00fcr Ihre Daten verantwortlich ist (Datenverantwortlicher), sowie f\u00fcr die \u00dcbermittlung personenbezogener Daten \u00fcber Kontakt- oder Anmeldeformulare (Name, E-Mail usw.).<\/p><p><b>Unsere Pflichten<\/b><\/p><ul><li><p>Wir achten die Privatsph\u00e4re unserer Nutzer und verarbeiten personenbezogene Daten mit deren Zustimmung.<\/p><\/li><li><p>Wir verarbeiten die personenbezogenen Daten, die f\u00fcr uns unbedingt erforderlich sind, um die angeforderte Dienstleistung zu erbringen, und behandeln sie sicher und vertraulich, indem wir die n\u00f6tigen Ma\u00dfnahmen ergreifen, um einen unbefugten Zugriff und eine missbr\u00e4uchliche Verwendung der Daten zu verhindern.<\/p><\/li><li><p>Wir verwenden keine personenbezogenen Daten f\u00fcr Zwecke, f\u00fcr die wir nicht zuvor die Zustimmung erhalten haben.<\/p><\/li><li><p>Wir geben personenbezogenen Daten weder an Dritte weiter noch teilen wir sie.<\/p><\/li><li><p>Wir bewahren personenbezogene Daten nur so lange auf, wie es f\u00fcr den spezifischen Zweck, f\u00fcr den sie bereitgestellt wurden, unbedingt erforderlich ist.<\/p><\/li><\/ul><p><b>Wer f\u00fcr Ihre personenbezogenen Daten verantwortlich ist<\/b><\/p><table width=\"1140\" cellspacing=\"0\" cellpadding=\"10\"><tbody><tr><td width=\"319\"><p>Firmenname<\/p><\/td><td width=\"781\"><p lang=\"en-GB\">CREATIVE SYSTEMS IBERIA, S.L.<\/p><\/td><\/tr><tr><td width=\"319\"><p>Steuernummer<\/p><\/td><td width=\"781\"><p>B75599639<\/p><\/td><\/tr><tr><td width=\"319\"><p>Stra\u00dfe<\/p><\/td><td width=\"781\"><p>AMETLLERS, 2<\/p><\/td><\/tr><tr><td width=\"319\"><p>Postleitzahl<\/p><\/td><td width=\"781\"><p>43770<\/p><\/td><\/tr><tr><td width=\"319\"><p>Ort<\/p><\/td><td width=\"781\"><p>M\u00d3RA LA NOVA<\/p><\/td><\/tr><tr><td width=\"319\"><p>Region<\/p><\/td><td width=\"781\"><p>TARRAGONA<\/p><\/td><\/tr><\/tbody><\/table><p><b>Definition von personenbezogenen Daten und der Verarbeitung personenbezogener Daten<\/b><\/p><p>Personenbezogene Daten sind alle Informationen, die sich auf eine identifizierte oder identifizierbare nat\u00fcrliche Person beziehen. Als identifizierbar wird eine nat\u00fcrliche Person angesehen, deren Identit\u00e4t direkt oder indirekt festgestellt werden kann, insbesondere durch Zuordnung zu einer Kennung wie einem Namen, einer Kennnummer, Standortdaten, einer Online-Kennung oder einem oder mehreren besonderen Merkmalen, die Ausdruck der physischen, physiologischen, genetischen, psychischen, wirtschaftlichen, kulturellen oder sozialen Identit\u00e4t dieser Person sind. <br>Als Verarbeitung personenbezogener Daten gilt auch jeder mit oder ohne Hilfe automatisierter Verfahren ausgef\u00fchrte Vorgang oder Vorg\u00e4nge mit personenbezogenen Daten oder einer Reihe personenbezogener Daten wie die Erfassung, Speicherung, Organisation, Strukturierung, Aufbewahrung, Anpassung oder Ver\u00e4nderung, Extraktion, Abfrage, Benutzung, Weitergabe durch \u00dcbermittlung, Verbreitung oder jede andere Form der Bereitstellung, Vergleichung oder Verkn\u00fcpfung, Einschr\u00e4nkung, L\u00f6schung oder Vernichtung. <\/p><p><b>Art und Zweck der Verarbeitung Ihrer personenbezogenen Daten<\/b><\/p><ul><li><p>Anforderung von Informationen durch den Benutzer <br>Zur Verwaltung der vom Nutzer \u00fcber das Kontaktformular und\/oder die auf der Website angegebene E-Mail-Adresse, Postanschrift und\/oder Telefonnummer \u00fcbermittelten Informationsanfragen.<\/p><\/li><\/ul><ul><li><p>Anmeldung zum Newsletter<br>Zur Verwaltung des Newsletter-Abonnements<\/p><\/li><\/ul><ul><li><p>Arbeit f\u00fcr uns nach Zusendung Ihres Lebenslaufs <br>Verwaltung von Lebensl\u00e4ufen, die \u00fcber das Formular auf der Website eingehen.<\/p><\/li><\/ul><ul><li><p>Registrierung und Zugriff auf das Benutzerprofil<br>Verwaltung der Registrierung und des Zugangs zum Benutzerportal mit Hilfe des entsprechenden Benutzerkontos und Passworts.<\/p><\/li><\/ul><ul><li><p>Blog-Kommentare verwalten.<br>Das Senden und Empfangen von Nutzerkommentaren im Blog verwalten.<\/p><\/li><\/ul><p><b>Welche pers\u00f6nlichen Daten wir sammeln<\/b><\/p><p>\u00dcber unsere Website k\u00f6nnen wir personenbezogene Daten f\u00fcr verschiedene Zwecke erfassen:<\/p><ul><li><p>Informationsanfrage des Benutzers<br>Wir erfassen die personenbezogenen Daten, die Sie uns im Zusammenhang mit der von Ihnen gestellten Anfrage zur Verf\u00fcgung gestellt haben.<\/p><\/li><\/ul><ul><li><p>Anmeldung zum newsletter<br>Wir erfassen Ihre E-Mail-Adresse.<\/p><\/li><\/ul><ul><li><p>Arbeit f\u00fcr uns nach Zusendung Ihres Lebenslaufs <br>Wir erfassen die Angaben in Ihrem Lebenslauf, den Sie uns zur Verf\u00fcgung gestellt haben.<\/p><\/li><\/ul><ul><li><p>Registrierung und Zugriff auf das Benutzerprofil <br>Benutzername und Passwort sowie alle anderen Daten, die zur Erstellung des Kontos oder Profils angegeben werden.de<\/p><\/li><\/ul><ul><li><p>Blog-Kommentare verwalten.<br>Alle Daten, die beim Ver\u00f6ffentlichen des jeweiligen Kommentars angegeben wurden.<\/p><\/li><\/ul><p>Je nach dem Zweck, f\u00fcr den die Daten zur Verf\u00fcgung gestellt werden, werden nur die unbedingt n\u00f6tigen Daten angefordert. Wichtig ist, dass sich der Benutzer bewusst ist, welche Daten er bereitstellt und zu welchem Zweck, denn im Rahmen der Bereitstellung willigt er ein, dass wir diese Daten f\u00fcr den erforderlichen Zweck erfassen, speichern und verwenden, und kann die \u00fcber die entsprechenden Kan\u00e4le erteilte Einwilligung jederzeit widerrufen. Die Einwilligung des Dateninhabers ist die Rechtsgrundlage und Berechtigung f\u00fcr die Verarbeitung seiner personenbezogenen Daten. <\/p><p><b>Berechtigungsgrundlage f\u00fcr die Verarbeitung der personenbezogenen Daten<\/b><\/p><p>Gem\u00e4\u00df den geltenden Datenschutzbestimmungen ben\u00f6tigen wir eine Berechtigungsgrundlage f\u00fcr die Verarbeitung Ihrer personenbezogenen Daten. Die Grundlage daf\u00fcr ist Ihre Einwilligung. <\/p><p><b>Qu\u00e9 derechos tiene sobre los datos personales aportados<\/b><\/p><p>Als Benutzer k\u00f6nnen Sie die folgenden Rechte aus\u00fcben:<\/p><ul><li><p>Auskunftsrecht: Sie haben das Recht, vom Unternehmen eine Best\u00e4tigung dar\u00fcber zu erhalten, ob Ihre personenbezogenen Daten verarbeitet werden und wenn ja, welche Daten verarbeitet werden.<\/p><\/li><li><p>Recht auf Berichtigung: Sie haben das Recht, von CREATIVE SYSTEMS IBERIA, S.L. die Berichtigung unrichtiger personenbezogener Daten zu verlangen. In Ihrem Berichtigungsantrag m\u00fcssen Sie die Daten angeben, die Sie \u00e4ndern lassen m\u00f6chten. <\/p><\/li><li><p><u><g id=\"gid_1\"><g id=\"gid_2\"><g id=\"gid_3\">Widerspruchsrecht<\/g><\/g><\/g><\/u><g id=\"gid_4\"><g id=\"gid_5\"><g id=\"gid_6\">: Sie haben das Recht, aus Gr\u00fcnden, die sich aus Ihrer besonderen Situation ergeben, jederzeit Widerspruch gegen die Verarbeitung der Sie betreffenden personenbezogenen Daten einzulegen, die auf der Grundlage der berechtigten Interessen des Unternehmens erfolgt. In diesem Fall wird das Unternehmen die Verarbeitung der personenbezogenen Daten einstellen, sofern wir keine zwingenden schutzw\u00fcrdigen Gr\u00fcnde f\u00fcr die Verarbeitung nachweisen k\u00f6nnen, die gegen\u00fcber Ihren Interessen, Rechten und Freiheiten \u00fcberwiegen oder die der Formulierung, Aus\u00fcbung oder Verteidigung von Anspr\u00fcchen dienen. <\/g><\/g><\/g> <\/p><\/li><li><p>Recht auf L\u00f6schung: Sie haben das Recht, von CREATIVE SYSTEMS IBERIA, S.L. die L\u00f6schung Ihrer personenbezogenen Daten zu verlangen.<\/p><\/li><li><p><u><g id=\"gid_1\"><g id=\"gid_2\"><g id=\"gid_3\">Recht auf Daten\u00fcbertragbarkeit<\/g><\/g><\/g><\/u><g id=\"gid_4\"><g id=\"gid_5\"><g id=\"gid_6\">: Sie haben das Recht, Ihre personenbezogenen Daten durch das Unternehmen an einen anderen f\u00fcr die Datenverarbeitung Verantwortlichen \u00fcbermitteln zu lassen. Dieses Recht kann nur ausge\u00fcbt werden, wenn die Verarbeitung auf der Erf\u00fcllung eines Vertrags oder auf Ihrer Einwilligung beruht und die Verarbeitung mit Hilfe automatisierter Verfahren durchgef\u00fchrt wird. <\/g><\/g><\/g> <\/p><\/li><li><p>Recht auf Einschr\u00e4nkung der Verarbeitung: Sie haben das Recht, von uns die Aussetzung der Verarbeitung Ihrer Daten zu verlangen, wenn: Sie die Richtigkeit der Daten bestreiten, w\u00e4hrend CREATIVE SYSTEMS IBERIA, S.L. diese Richtigkeit \u00fcberpr\u00fcft; Sie Ihr Widerspruchsrecht gegen die Verarbeitung Ihrer Daten ausge\u00fcbt haben, w\u00e4hrend gepr\u00fcft wird, ob die berechtigten Gr\u00fcnde von CREATIVE SYSTEMS IBERIA, S.L. Ihre Interessen als betroffene Person \u00fcberwiegen.<\/p><\/li><\/ul><p>Sie k\u00f6nnen diese Rechte jederzeit aus\u00fcben, indem Sie eine schriftliche Anfrage zusammen mit einem Identit\u00e4tsnachweis an den Verantwortlichen f\u00fcr die Datenverarbeitung unter der oben angegebenen Adresse oder per E-Mail an info@expotouritinerant.com senden.<\/p><p>Dar\u00fcber hinaus k\u00f6nnen Sie sich bei der Aufsichtsbeh\u00f6rde, in diesem Fall der spanischen Datenschutzbeh\u00f6rde [Agencia Espa\u00f1ola de Protecci\u00f3n de Datos], beschweren, wenn Sie der Ansicht sind, dass die Verarbeitung personenbezogener Daten gegen geltendes Recht verst\u00f6\u00dft.<\/p><p><b>Datensicherheit und -speicherung<\/b><\/p><p>Wir bewahren die Daten so lange auf, wie es f\u00fcr die Erbringung der angeforderten Dienstleistung unbedingt erforderlich ist und solange die betroffene Person nicht ihre L\u00f6schung verlangt. Dabei ergreifen wir geeignete technische und organisatorische Ma\u00dfnahmen gegen die unbefugte oder unrechtm\u00e4\u00dfige Verarbeitung und gegen zuf\u00e4lligen Verlust, Zerst\u00f6rung oder Besch\u00e4digung und unternehmen alle erdenklichen Anstrengungen, um die Daten zu sch\u00fctzen und zu sichern.<\/p><p><b>Welche personenbezogenen Daten wir an Dritte weitergeben<\/b><\/p><p>Es sind keine Daten\u00fcbermittlungen vorgesehen, au\u00dfer in F\u00e4llen, in denen eine rechtliche Verpflichtung besteht oder die \u00dcbermittlung notwendig ist, um Ihnen den angeforderten Dienst ordnungsgem\u00e4\u00df bereitzustellen. Internationale Daten\u00fcbermittlungen sind nicht vorgesehen. <\/p><p><span lang=\"en-GB\"><b>CREATIVE SYSTEMS IBERIA, S.L.<\/b><\/span><\/p><p>Stra\u00dfe Ametllers, 2 -43770- M\u00f3ra la Nova (Tarragona)<\/p>\t\t\t\t\t\t\t\t<\/div>\n\t\t\t\t\t<\/div>\n\t\t\t\t<\/div>\n\t\t\t\t<\/div>\n\t\t","protected":false},"excerpt":{"rendered":"<p>Datenschutzhinweis Wir sind ein Unternehmen, in dem Informationstransparenz grundlegend ist, um eine vertrauensvolle Beziehung zu den Menschen, die unser Projekt bilden, sowie zu unseren Lieferanten und<span class=\"excerpt-hellip\"> [\u2026]<\/span><\/p>\n","protected":false},"author":1,"featured_media":0,"parent":0,"menu_order":0,"comment_status":"closed","ping_status":"open","template":"elementor_header_footer","meta":{"footnotes":""},"class_list":["post-669","page","type-page","status-publish","hentry"],"_links":{"self":[{"href":"https:\/\/www.windowstoinfinity.art\/de\/wp-json\/wp\/v2\/pages\/669","targetHints":{"allow":["GET"]}}],"collection":[{"href":"https:\/\/www.windowstoinfinity.art\/de\/wp-json\/wp\/v2\/pages"}],"about":[{"href":"https:\/\/www.windowstoinfinity.art\/de\/wp-json\/wp\/v2\/types\/page"}],"author":[{"embeddable":true,"href":"https:\/\/www.windowstoinfinity.art\/de\/wp-json\/wp\/v2\/users\/1"}],"replies":[{"embeddable":true,"href":"https:\/\/www.windowstoinfinity.art\/de\/wp-json\/wp\/v2\/comments?post=669"}],"version-history":[{"count":3,"href":"https:\/\/www.windowstoinfinity.art\/de\/wp-json\/wp\/v2\/pages\/669\/revisions"}],"predecessor-version":[{"id":1877,"href":"https:\/\/www.windowstoinfinity.art\/de\/wp-json\/wp\/v2\/pages\/669\/revisions\/1877"}],"wp:attachment":[{"href":"https:\/\/www.windowstoinfinity.art\/de\/wp-json\/wp\/v2\/media?parent=669"}],"curies":[{"name":"wp","href":"https:\/\/api.w.org\/{rel}","templated":true}]}}