{"id":655,"date":"2025-11-17T20:59:47","date_gmt":"2025-11-17T20:59:47","guid":{"rendered":"https:\/\/www.infinitystudios.art\/kundenfeedback\/"},"modified":"2026-01-17T15:55:49","modified_gmt":"2026-01-17T15:55:49","slug":"kundenfeedback","status":"publish","type":"page","link":"https:\/\/www.windowstoinfinity.art\/de\/kundenfeedback\/","title":{"rendered":"Feedback"},"content":{"rendered":"\t\t<div data-elementor-type=\"wp-page\" data-elementor-id=\"655\" class=\"elementor elementor-655 elementor-129\">\n\t\t\t\t<div class=\"elementor-element elementor-element-be9ec3b e-flex e-con-boxed e-con e-parent\" data-id=\"be9ec3b\" data-element_type=\"container\" data-e-type=\"container\">\n\t\t\t\t\t<div class=\"e-con-inner\">\n\t\t\t\t<div class=\"elementor-element elementor-element-f5b5277 elementor-widget elementor-widget-heading\" data-id=\"f5b5277\" data-element_type=\"widget\" data-e-type=\"widget\" data-widget_type=\"heading.default\">\n\t\t\t\t\t<h2 class=\"elementor-heading-title elementor-size-default\">Besucherfeedback<\/h2>\t\t\t\t<\/div>\n\t\t\t\t\t<\/div>\n\t\t\t\t<\/div>\n\t\t<div class=\"elementor-element elementor-element-fd1d0be e-flex e-con-boxed e-con e-parent\" data-id=\"fd1d0be\" data-element_type=\"container\" data-e-type=\"container\" data-settings=\"{&quot;background_background&quot;:&quot;classic&quot;}\">\n\t\t\t\t\t<div class=\"e-con-inner\">\n\t\t\t\t<div class=\"elementor-element elementor-element-1298a5c elementor-widget__width-initial elementor-widget elementor-widget-text-editor\" data-id=\"1298a5c\" data-element_type=\"widget\" data-e-type=\"widget\" data-widget_type=\"text-editor.default\">\n\t\t\t\t\t\t\t\t\t<p>Das Feedback w\u00e4hrend der Testphase zwischen 2020 und 2023 spiegelt den durchschlagenden Erfolg der Ausstellung.<\/p><p>Die Besucher unterstreichen die F\u00e4higkeit von <em>Windows to Infinity, <\/em>tiefe Emotionen zu wecken, von Staunen bis Nostalgie, und zwar im Rahmen einer Erfahrung, die \u00fcber das Konventionelle hinausgeht. <br>Dar\u00fcber hinaus haben viele Besucher zum Ausdruck gebracht, dass die Ausstellung ihre Wahrnehmung von Kunst und Geschichte ver\u00e4ndert hat: Sie hat ihnen geholfen, auf neue, \u00fcberraschende Weise eine emotionale Verbindung zur Vergangenheit herzustellen.<\/p><p>Von der Bewunderung der kleinsten Besucher bis hin zur Reflexion der Erwachsenen wurde Windows to Infinity als ein Projekt beschrieben, das im Herzen aller Besucher nachhallt.<\/p>\t\t\t\t\t\t\t\t<\/div>\n\t\t\t\t<div class=\"elementor-element elementor-element-8ede4ff elementor-widget elementor-widget-ucaddon_responsive_testemonial_carousel\" data-id=\"8ede4ff\" data-element_type=\"widget\" data-e-type=\"widget\" data-widget_type=\"ucaddon_responsive_testemonial_carousel.default\">\n\t\t\t\t<div class=\"elementor-widget-container\">\n\t\t\t\t\t\n<!-- start Testimonial Carousel -->\n\t\t<link id='font-awesome-css' href='https:\/\/www.windowstoinfinity.art\/wp-content\/plugins\/unlimited-elements-for-elementor\/assets_libraries\/font-awesome6\/fontawesome-all.min.css' type='text\/css' rel='stylesheet' >\n\t\t<link id='font-awesome-4-shim-css' href='https:\/\/www.windowstoinfinity.art\/wp-content\/plugins\/unlimited-elements-for-elementor\/assets_libraries\/font-awesome6\/fontawesome-v4-shims.min.css' type='text\/css' rel='stylesheet' >\n\t\t<link id='owl-carousel-css' href='https:\/\/www.windowstoinfinity.art\/wp-content\/plugins\/unlimited-elements-for-elementor\/assets_libraries\/owl-carousel-new\/assets\/owl.carousel.css' type='text\/css' rel='stylesheet' >\n\n<style>\/* widget: Testimonial Carousel *\/\n\n\/* general styles *\/\n.uc_quote_slider{\n  min-height:1px;\n}\n\n#uc_responsive_testemonial_carousel_elementor_8ede4ff *{\n  box-sizing:border-box;\n}\n\n#uc_responsive_testemonial_carousel_elementor_8ede4ff .uc_quote_info .uc_author_avatar {\n  width: 100%;\n}\n\n#uc_responsive_testemonial_carousel_elementor_8ede4ff .uc_quote_info .uc_author {\n  display: inline-flex;\n  align-items: center; \n    text-align:center;\n  }\n\n#uc_responsive_testemonial_carousel_elementor_8ede4ff .uc_stars{\n  display:flex;\n}\n\n#uc_responsive_testemonial_carousel_elementor_8ede4ff .uc_quote_info{\n  display:flex;\n}\n\n#uc_responsive_testemonial_carousel_elementor_8ede4ff *{\n  outline:none;\n}\n\n#uc_responsive_testemonial_carousel_elementor_8ede4ff .ue-image{\n  flex-grow:0;\n  flex-shrink:0;\n}\n\n#uc_responsive_testemonial_carousel_elementor_8ede4ff .uc_quote_info .uc_author_info .uc_company {\n    color: ;\n}\n\n#uc_responsive_testemonial_carousel_elementor_8ede4ff .ue-image-spacing{\n  flex-grow:0;\n  flex-shrink:0;\n}\n\n#uc_responsive_testemonial_carousel_elementor_8ede4ff .ue-icon{\n  display:inline-flex;\n  justify-content:center;\n  align-items:center;\n}\n\n#uc_responsive_testemonial_carousel_elementor_8ede4ff .ue-icon svg{\n  width:1em;\n  height:1em;\n}\n\n\n#uc_responsive_testemonial_carousel_elementor_8ede4ff .uc_quote_item,\n#uc_responsive_testemonial_carousel_elementor_8ede4ff .ue-flip-item-content{\n  transition: all .3s;\n}\n\n\/* end general styles *\/\n\n\/* carousel type owl *\/\n  #uc_responsive_testemonial_carousel_elementor_8ede4ff .owl-dots {\n    overflow:hidden;\n  }\n\n  #uc_responsive_testemonial_carousel_elementor_8ede4ff .owl-dot {\n    display:inline-block;\n  }\n\n  #uc_responsive_testemonial_carousel_elementor_8ede4ff .owl-nav .owl-prev,\n  #uc_responsive_testemonial_carousel_elementor_8ede4ff .owl-nav .owl-next{\n      position:absolute;\n      display:inline-block;\n      text-align:center;\n  }\n\n  \n  \n\n\/* end carousel type owl *\/\n\n\n\n<\/style>\n\n<div class=\"uc_quote_slider\" style=\"direction:ltr\" >  \n  <!-- carousel type owl -->\n  \t<div class=\"uc_carousel owl-carousel owl-theme uc-items-wrapper  \" id=\"uc_responsive_testemonial_carousel_elementor_8ede4ff\"  >\n      \n\t<div class=\"uc_quote_item ue-item     elementor-repeater-item-43a982e\">\n    <div class=\"uc_quote_info \">\n                \n\t  <div class=\"uc_author\">\n                  <div class=\"ue-image\">\n\t        <img decoding=\"async\" class=\"uc_author_avatar\" src=\"https:\/\/www.windowstoinfinity.art\/wp-content\/uploads\/2025\/12\/1-small-small-1.png\" height=\"48\" width=\"48\" alt=\"\" \/>\n          <\/div>\n          <div class=\"ue-image-spacing\"><\/div>\n                          \n\n        \n\t  <\/div>      <!-- end of credentials -->\n              \n              <div class=\"ue-text\">\n          <p>\u201eMich hat sehr \u00fcberrascht, welche intensive Emotionen es weckt.\u201c<\/p>      \t  \n        <\/div>\n                    \n      <div class=\"uc_author_info\">\n\t\t  <div class=\"ue_title\"><\/div>\t\t  \t<\/div>\n              \n      \t        \n                    \n\t<\/div>   <\/div>\n<!-- end of block item -->\n\n\t<div class=\"uc_quote_item ue-item     elementor-repeater-item-57862eb\">\n    <div class=\"uc_quote_info \">\n                \n\t  <div class=\"uc_author\">\n                  <div class=\"ue-image\">\n\t        <img decoding=\"async\" class=\"uc_author_avatar\" src=\"https:\/\/www.windowstoinfinity.art\/wp-content\/uploads\/2025\/12\/2-small-small-1.png\" height=\"48\" width=\"48\" alt=\"\" \/>\n          <\/div>\n          <div class=\"ue-image-spacing\"><\/div>\n                          \n\n        \n\t  <\/div>      <!-- end of credentials -->\n              \n              <div class=\"ue-text\">\n          <p>\u201eEs zwingt dich quasi zum Tr\u00e4umen. Unglaublich, dass ein K\u00fcnstler dir vermitteln kann, was er sieht, und du es genie\u00dfen kannst.\u201c<\/p>      \t  \n        <\/div>\n                    \n      <div class=\"uc_author_info\">\n\t\t  <div class=\"ue_title\"><\/div>\t\t  \t<\/div>\n              \n      \t        \n                    \n\t<\/div>   <\/div>\n<!-- end of block item -->\n\n\t<div class=\"uc_quote_item ue-item     elementor-repeater-item-c430de8\">\n    <div class=\"uc_quote_info \">\n                \n\t  <div class=\"uc_author\">\n                  <div class=\"ue-image\">\n\t        <img decoding=\"async\" class=\"uc_author_avatar\" src=\"https:\/\/www.windowstoinfinity.art\/wp-content\/uploads\/2025\/12\/3-small-small-1.png\" height=\"48\" width=\"48\" alt=\"\" \/>\n          <\/div>\n          <div class=\"ue-image-spacing\"><\/div>\n                          \n\n        \n\t  <\/div>      <!-- end of credentials -->\n              \n              <div class=\"ue-text\">\n          <p>\u201eEs ist viel mehr, als ich erwartet hatte. Es ist eine bunte Mischung, von Landschaften bis hin zu spektakul\u00e4ren Szenen.\u201c<\/p>      \t  \n        <\/div>\n                    \n      <div class=\"uc_author_info\">\n\t\t  <div class=\"ue_title\"><\/div>\t\t  \t<\/div>\n              \n      \t        \n                    \n\t<\/div>   <\/div>\n<!-- end of block item -->\n\n\t<div class=\"uc_quote_item ue-item     elementor-repeater-item-046ce96\">\n    <div class=\"uc_quote_info \">\n                \n\t  <div class=\"uc_author\">\n                  <div class=\"ue-image\">\n\t        <img loading=\"lazy\" decoding=\"async\" class=\"uc_author_avatar\" src=\"https:\/\/www.windowstoinfinity.art\/wp-content\/uploads\/2025\/12\/4-small-small-1.png\" height=\"48\" width=\"48\" alt=\"\" \/>\n          <\/div>\n          <div class=\"ue-image-spacing\"><\/div>\n                          \n\n        \n\t  <\/div>      <!-- end of credentials -->\n              \n              <div class=\"ue-text\">\n          <p>\u201eIch verleihe dem K\u00fcnstler viel Kraft, damit er sie erweitern und in die ganze Welt tragen kann, denn es sind perfekte Kreationen.\u201c<\/p>      \t  \n        <\/div>\n                    \n      <div class=\"uc_author_info\">\n\t\t  <div class=\"ue_title\"><\/div>\t\t  \t<\/div>\n              \n      \t        \n                    \n\t<\/div>   <\/div>\n<!-- end of block item -->\n\n\t<div class=\"uc_quote_item ue-item     elementor-repeater-item-97db707\">\n    <div class=\"uc_quote_info \">\n                \n\t  <div class=\"uc_author\">\n                  <div class=\"ue-image\">\n\t        <img loading=\"lazy\" decoding=\"async\" class=\"uc_author_avatar\" src=\"https:\/\/www.windowstoinfinity.art\/wp-content\/uploads\/2025\/12\/5-small-small-1.png\" height=\"48\" width=\"48\" alt=\"\" \/>\n          <\/div>\n          <div class=\"ue-image-spacing\"><\/div>\n                          \n\n        \n\t  <\/div>      <!-- end of credentials -->\n              \n              <div class=\"ue-text\">\n          <p>\u201eDas Erste, was mir durch den Kopf ging, war, wie viel Zeit und Arbeit das alles kostet. Es ist unglaublich gut.\u201c<\/p>      \t  \n        <\/div>\n                    \n      <div class=\"uc_author_info\">\n\t\t  <div class=\"ue_title\"><\/div>\t\t  \t<\/div>\n              \n      \t        \n                    \n\t<\/div>   <\/div>\n<!-- end of block item -->\n\n\t<div class=\"uc_quote_item ue-item     elementor-repeater-item-928d27c\">\n    <div class=\"uc_quote_info \">\n                \n\t  <div class=\"uc_author\">\n                  <div class=\"ue-image\">\n\t        <img loading=\"lazy\" decoding=\"async\" class=\"uc_author_avatar\" src=\"https:\/\/www.windowstoinfinity.art\/wp-content\/uploads\/2025\/12\/6-small-small-1.png\" height=\"48\" width=\"48\" alt=\"\" \/>\n          <\/div>\n          <div class=\"ue-image-spacing\"><\/div>\n                          \n\n        \n\t  <\/div>      <!-- end of credentials -->\n              \n              <div class=\"ue-text\">\n          <p>\u201eIch war v\u00f6llig beeindruckt. Es ist gro\u00dfartig.\u201c<\/p>      \t  \n        <\/div>\n                    \n      <div class=\"uc_author_info\">\n\t\t  <div class=\"ue_title\"><\/div>\t\t  \t<\/div>\n              \n      \t        \n                    \n\t<\/div>   <\/div>\n<!-- end of block item -->\n\n\t<div class=\"uc_quote_item ue-item     elementor-repeater-item-767de1b\">\n    <div class=\"uc_quote_info \">\n                \n\t  <div class=\"uc_author\">\n                  <div class=\"ue-image\">\n\t        <img loading=\"lazy\" decoding=\"async\" class=\"uc_author_avatar\" src=\"https:\/\/www.windowstoinfinity.art\/wp-content\/uploads\/2025\/12\/7-small-small-1.png\" height=\"48\" width=\"48\" alt=\"\" \/>\n          <\/div>\n          <div class=\"ue-image-spacing\"><\/div>\n                          \n\n        \n\t  <\/div>      <!-- end of credentials -->\n              \n              <div class=\"ue-text\">\n          <p>\u201eWas f\u00fcr ein tolles Kunstwerk.\u201c<\/p>      \t  \n        <\/div>\n                    \n      <div class=\"uc_author_info\">\n\t\t  <div class=\"ue_title\"><\/div>\t\t  \t<\/div>\n              \n      \t        \n                    \n\t<\/div>   <\/div>\n<!-- end of block item -->\n\n\t<div class=\"uc_quote_item ue-item     elementor-repeater-item-98c1166\">\n    <div class=\"uc_quote_info \">\n                \n\t  <div class=\"uc_author\">\n                  <div class=\"ue-image\">\n\t        <img loading=\"lazy\" decoding=\"async\" class=\"uc_author_avatar\" src=\"https:\/\/www.windowstoinfinity.art\/wp-content\/uploads\/2025\/12\/8-small-small-1.png\" height=\"48\" width=\"48\" alt=\"\" \/>\n          <\/div>\n          <div class=\"ue-image-spacing\"><\/div>\n                          \n\n        \n\t  <\/div>      <!-- end of credentials -->\n              \n              <div class=\"ue-text\">\n          <p>\u201eWahnsinn, das muss man gesehen haben.\u201c<\/p>      \t  \n        <\/div>\n                    \n      <div class=\"uc_author_info\">\n\t\t  <div class=\"ue_title\"><\/div>\t\t  \t<\/div>\n              \n      \t        \n                    \n\t<\/div>   <\/div>\n<!-- end of block item -->\n\n\t<div class=\"uc_quote_item ue-item     elementor-repeater-item-a2a8abe\">\n    <div class=\"uc_quote_info \">\n                \n\t  <div class=\"uc_author\">\n                  <div class=\"ue-image\">\n\t        <img loading=\"lazy\" decoding=\"async\" class=\"uc_author_avatar\" src=\"https:\/\/www.windowstoinfinity.art\/wp-content\/uploads\/2025\/12\/9-small-small.png\" height=\"48\" width=\"48\" alt=\"\" \/>\n          <\/div>\n          <div class=\"ue-image-spacing\"><\/div>\n                          \n\n        \n\t  <\/div>      <!-- end of credentials -->\n              \n              <div class=\"ue-text\">\n          <p>\u201eEs ist au\u00dfergew\u00f6hnlich und beeindruckend.\u201c<\/p>      \t  \n        <\/div>\n                    \n      <div class=\"uc_author_info\">\n\t\t  <div class=\"ue_title\"><\/div>\t\t  \t<\/div>\n              \n      \t        \n                    \n\t<\/div>   <\/div>\n<!-- end of block item -->\n\n\t<div class=\"uc_quote_item ue-item     elementor-repeater-item-91fac58\">\n    <div class=\"uc_quote_info \">\n                \n\t  <div class=\"uc_author\">\n                  <div class=\"ue-image\">\n\t        <img loading=\"lazy\" decoding=\"async\" class=\"uc_author_avatar\" src=\"https:\/\/www.windowstoinfinity.art\/wp-content\/uploads\/2025\/12\/10-small-small.png\" height=\"48\" width=\"48\" alt=\"\" \/>\n          <\/div>\n          <div class=\"ue-image-spacing\"><\/div>\n                          \n\n        \n\t  <\/div>      <!-- end of credentials -->\n              \n              <div class=\"ue-text\">\n          <p>\u201eWir waren total begeistert.\u201c<\/p>      \t  \n        <\/div>\n                    \n      <div class=\"uc_author_info\">\n\t\t  <div class=\"ue_title\"><\/div>\t\t  \t<\/div>\n              \n      \t        \n                    \n\t<\/div>   <\/div>\n<!-- end of block item -->\n\n\t<div class=\"uc_quote_item ue-item     elementor-repeater-item-0c380bc\">\n    <div class=\"uc_quote_info \">\n                \n\t  <div class=\"uc_author\">\n                  <div class=\"ue-image\">\n\t        <img loading=\"lazy\" decoding=\"async\" class=\"uc_author_avatar\" src=\"https:\/\/www.windowstoinfinity.art\/wp-content\/uploads\/2025\/12\/11-small-small.png\" height=\"48\" width=\"48\" alt=\"\" \/>\n          <\/div>\n          <div class=\"ue-image-spacing\"><\/div>\n                          \n\n        \n\t  <\/div>      <!-- end of credentials -->\n              \n              <div class=\"ue-text\">\n          <p>\u201eSpektakul\u00e4r.\u201c<\/p>      \t  \n        <\/div>\n                    \n      <div class=\"uc_author_info\">\n\t\t  <div class=\"ue_title\"><\/div>\t\t  \t<\/div>\n              \n      \t        \n                    \n\t<\/div>   <\/div>\n<!-- end of block item -->\n\n\t<div class=\"uc_quote_item ue-item     elementor-repeater-item-8b44d2c\">\n    <div class=\"uc_quote_info \">\n                \n\t  <div class=\"uc_author\">\n                  <div class=\"ue-image\">\n\t        <img loading=\"lazy\" decoding=\"async\" class=\"uc_author_avatar\" src=\"https:\/\/www.windowstoinfinity.art\/wp-content\/uploads\/2025\/12\/12-small-small.png\" height=\"48\" width=\"48\" alt=\"\" \/>\n          <\/div>\n          <div class=\"ue-image-spacing\"><\/div>\n                          \n\n        \n\t  <\/div>      <!-- end of credentials -->\n              \n              <div class=\"ue-text\">\n          <p>\u201eUnglaublich \u2013 das darf man sich nicht entgehen lassen.\u201c<\/p>      \t  \n        <\/div>\n                    \n      <div class=\"uc_author_info\">\n\t\t  <div class=\"ue_title\"><\/div>\t\t  \t<\/div>\n              \n      \t        \n                    \n\t<\/div>   <\/div>\n<!-- end of block item -->\n\n    <\/div>\t\t\n    <!-- end carousel type owl -->\n\n  <!-- carousel type marquee -->\n    <!-- end carousel type marquee -->\n\n  <!-- carousel type coverflow -->\n    <!-- end carousel type coverflow -->\n\n  <!-- carousel type swipe -->\n    <!-- end carousel type swipe -->\n\n  <!-- carousel type grid -->\n    <!-- end carousel type grid -->\n\n<\/div>\n<!-- end Testimonial Carousel -->\t\t\t\t<\/div>\n\t\t\t\t<\/div>\n\t\t\t\t\t<\/div>\n\t\t\t\t<\/div>\n\t\t\t\t<\/div>\n\t\t","protected":false},"excerpt":{"rendered":"<p>Besucherfeedback Das Feedback w\u00e4hrend der Testphase zwischen 2020 und 2023 spiegelt den durchschlagenden Erfolg der Ausstellung. Die Besucher unterstreichen die F\u00e4higkeit von Windows to Infinity, tiefe<span class=\"excerpt-hellip\"> [\u2026]<\/span><\/p>\n","protected":false},"author":1,"featured_media":0,"parent":0,"menu_order":0,"comment_status":"closed","ping_status":"closed","template":"elementor_header_footer","meta":{"footnotes":""},"class_list":["post-655","page","type-page","status-publish","hentry"],"_links":{"self":[{"href":"https:\/\/www.windowstoinfinity.art\/de\/wp-json\/wp\/v2\/pages\/655","targetHints":{"allow":["GET"]}}],"collection":[{"href":"https:\/\/www.windowstoinfinity.art\/de\/wp-json\/wp\/v2\/pages"}],"about":[{"href":"https:\/\/www.windowstoinfinity.art\/de\/wp-json\/wp\/v2\/types\/page"}],"author":[{"embeddable":true,"href":"https:\/\/www.windowstoinfinity.art\/de\/wp-json\/wp\/v2\/users\/1"}],"replies":[{"embeddable":true,"href":"https:\/\/www.windowstoinfinity.art\/de\/wp-json\/wp\/v2\/comments?post=655"}],"version-history":[{"count":8,"href":"https:\/\/www.windowstoinfinity.art\/de\/wp-json\/wp\/v2\/pages\/655\/revisions"}],"predecessor-version":[{"id":2105,"href":"https:\/\/www.windowstoinfinity.art\/de\/wp-json\/wp\/v2\/pages\/655\/revisions\/2105"}],"wp:attachment":[{"href":"https:\/\/www.windowstoinfinity.art\/de\/wp-json\/wp\/v2\/media?parent=655"}],"curies":[{"name":"wp","href":"https:\/\/api.w.org\/{rel}","templated":true}]}}