{"id":531,"date":"2025-11-26T22:29:25","date_gmt":"2025-11-26T22:29:25","guid":{"rendered":"https:\/\/www.infinitystudios.art\/rechtlicher-hinweis\/"},"modified":"2025-12-17T23:54:06","modified_gmt":"2025-12-17T23:54:06","slug":"rechtlicher-hinweis","status":"publish","type":"page","link":"https:\/\/www.windowstoinfinity.art\/de\/rechtlicher-hinweis\/","title":{"rendered":"Rechtlicher Hinweis"},"content":{"rendered":"\t\t<div data-elementor-type=\"wp-page\" data-elementor-id=\"531\" class=\"elementor elementor-531 elementor-443\">\n\t\t\t\t<div class=\"elementor-element elementor-element-2b8ca1e e-flex e-con-boxed e-con e-parent\" data-id=\"2b8ca1e\" data-element_type=\"container\" data-e-type=\"container\">\n\t\t\t\t\t<div class=\"e-con-inner\">\n\t\t\t\t<div class=\"elementor-element elementor-element-2345086 elementor-widget elementor-widget-heading\" data-id=\"2345086\" data-element_type=\"widget\" data-e-type=\"widget\" data-widget_type=\"heading.default\">\n\t\t\t\t\t<h2 class=\"elementor-heading-title elementor-size-default\">Rechtlicher Hinweis<\/h2>\t\t\t\t<\/div>\n\t\t\t\t<div class=\"elementor-element elementor-element-fdad5be elementor-widget elementor-widget-text-editor\" data-id=\"fdad5be\" data-element_type=\"widget\" data-e-type=\"widget\" data-widget_type=\"text-editor.default\">\n\t\t\t\t\t\t\t\t\t<p lang=\"ca-ES\"><span style=\"font-family: Arial, serif;\"><span style=\"font-size: medium;\"><span lang=\"es-ES\">In Erf\u00fcllung des spanischen Gesetzes 34\/2002 vom 11. Juli \u00fcber die Dienstleistungen der Informationsgesellschaft und den elektronischen Gesch\u00e4ftsverkehr (LSSI-CE) informiert Sie das Unternehmen, dass es Eigent\u00fcmer der Website ist. Gem\u00e4\u00df den Anforderungen in Artikel 10 des oben genannten Gesetzes macht das Unternehmen folgende Angaben: <\/span><\/span><\/span><\/p><p lang=\"ca-ES\"><span style=\"font-family: Arial, serif;\"><span style=\"font-size: medium;\"><span lang=\"es-ES\">Der Eigent\u00fcmer dieser Website ist:<\/span><\/span><\/span><\/p><table width=\"1140\" cellspacing=\"0\" cellpadding=\"10\"><tbody><tr><td width=\"319\">Firmenname<\/td><td width=\"781\"><p lang=\"en-GB\">CREATIVE SYSTEMS IBERIA, S.L.<\/p><\/td><\/tr><tr><td width=\"319\">Steuernummer<\/td><td width=\"781\">B75599639<\/td><\/tr><tr><td width=\"319\">Stra\u00dfe<\/td><td width=\"781\">AMETLLERS, 2<\/td><\/tr><tr><td width=\"319\">Postleitzahl<\/td><td width=\"781\">43770<\/td><\/tr><tr><td width=\"319\">Ort<\/td><td width=\"781\">M\u00d3RA LA NOVA<\/td><\/tr><tr><td width=\"319\">Region<\/td><td width=\"781\">TARRAGONA<\/td><\/tr><\/tbody><\/table><p lang=\"ca-ES\"><span style=\"font-size: medium;\"><span lang=\"es-ES\"><b>Benutzer<\/b><\/span><\/span><\/p><p lang=\"ca-ES\"><span style=\"font-family: Arial, serif;\"><span style=\"font-size: medium;\"><span lang=\"es-ES\">Der Zugang und\/oder die Nutzung dieser Website setzt voraus, dass der BENUTZER im Zuge dessen die vorliegenden Allgemeinen Nutzungsbedingungen akzeptiert. Diese gelten unabh\u00e4ngig von den gegebenenfalls zwingend einzuhaltenden Allgemeinen Vertragsbedingungen. <\/span><\/span><\/span><\/p><p lang=\"ca-ES\"><span style=\"font-family: Arial, serif;\"><span style=\"font-size: medium;\"><span lang=\"es-ES\"><b>Nutzung der Website<\/b><\/span><\/span><\/span><\/p><p lang=\"ca-ES\"><span lang=\"es-ES\"><span style=\"font-family: Arial, serif; font-size: medium;\">Die Website bietet Zugang zu einer Vielzahl von Informationen, Dienstleistungen, Programmen oder Daten (im Folgenden \u201edie Inhalte\u201c) im Internet, die CREATIVE SYSTEMS IBERIA, S.L. oder ihren Lizenzgebern geh\u00f6ren und zu denen der BENUTZER Zugang haben kann. Der BENUTZER haftet f\u00fcr die Nutzung der Website. Diese Haftung erstreckt sich auch auf die Registrierung, die f\u00fcr den Zugang zu bestimmten Dienstleistungen oder Inhalten erforderlich sein kann.  <\/span><\/span><\/p><p lang=\"ca-ES\"><span lang=\"es-ES\"><span style=\"font-family: Arial, serif; font-size: medium;\">Bei dieser Registrierung haftet der BENUTZER daf\u00fcr, wahrheitsgem\u00e4\u00dfe und rechtm\u00e4\u00dfige Angaben zu machen. Infolge der Registrierung kann der BENUTZER ein Passwort erhalten, f\u00fcr das er verantwortlich ist und sich verpflichtet, es sorgf\u00e4ltig und vertraulich zu verwenden. Der BENUTZER verpflichtet sich, die Inhalte und Dienste, die CREATIVE SYSTEMS IBERIA, S.L. auf seiner Website anbietet, angemessen zu nutzen und sie unter anderem nicht f\u00fcr folgende Zwecke zu verwenden:  <\/span><\/span><\/p><ol><li><p lang=\"ca-ES\"><span style=\"font-family: Arial, serif;\"><span style=\"font-size: medium;\"><span lang=\"es-ES\">Handlungen, die ungesetzlich oder illegal sind oder gegen Treu und Glauben und die \u00f6ffentliche Ordnung versto\u00dfen;<\/span><\/span><\/span><\/p><\/li><li><p lang=\"ca-ES\"><span style=\"font-family: Arial, serif;\"><span style=\"font-size: medium;\"><span lang=\"es-ES\">Inhalte oder Propaganda mit rassistischem, fremdenfeindlichem, pornografischem, illegalem, terroristischem oder menschenrechtsverletzendem Charakter zu verbreiten;<\/span><\/span><\/span><\/p><\/li><li><p lang=\"ca-ES\"><span lang=\"es-ES\"><span style=\"font-family: Arial, serif; font-size: medium;\">Sch\u00e4den an den physischen und logischen Systemen von CREATIVE SYSTEMS IBERIA, S.L., seinen Lieferanten oder Dritten zu verursachen, Computerviren im Netzwerk oder anderen physischen oder logischen Systemen einzuf\u00fchren oder zu verbreiten, die die vorgenannten Sch\u00e4den verursachen k\u00f6nnen;<\/span><\/span><\/p><\/li><li><p lang=\"ca-ES\"><span lang=\"es-ES\"><span style=\"font-family: Arial, serif; font-size: medium;\">Versuche des Zugriffs auf die E-Mail-Konten anderer Benutzer und gegebenenfalls deren Nutzung und die Ver\u00e4nderung oder Verf\u00e4lschung ihrer Nachrichten. CREATIVE SYSTEMS IBERIA, S.L. beh\u00e4lt sich das Recht vor, alle Kommentare und Beitr\u00e4ge zu entfernen, die gegen die Achtung der Menschenw\u00fcrde versto\u00dfen, diskriminierend, fremdenfeindlich, rassistisch oder pornografisch sind, Jugendlichen oder Kindern schaden, die \u00f6ffentliche Ordnung oder Sicherheit verletzen oder die nach Meinung des Unternehmens nicht zur Ver\u00f6ffentlichung geeignet sind. In jedem Fall haftet CREATIVE SYSTEMS IBERIA, S.L. nicht f\u00fcr die von den Benutzern in Foren, Chats oder anderen Beteiligungsinstrumenten ge\u00e4u\u00dferten Meinungen.  <\/span><\/span><\/p><\/li><\/ol><p lang=\"ca-ES\"><span style=\"font-family: Arial, serif;\"><span style=\"font-size: medium;\"><span lang=\"es-ES\"><b>Urheberrecht<\/b><\/span><\/span><\/span><\/p><p lang=\"ca-ES\"><span style=\"font-family: Arial, serif; font-size: medium;\">CREATIVE SYSTEMS IBERIA, S.L.<\/span><span style=\"font-family: Arial, serif;\"><span style=\"font-size: medium;\"><span lang=\"es-ES\"> ist Eigent\u00fcmer aller geistigen und gewerblichen Eigentumsrechte seiner Webseite sowie der darin enthaltenen Elemente (unter anderem Bilder, Ton, Audio, Video, Software oder Texte; Marken oder Logos, Farbkombinationen, Struktur und Design, Auswahl der verwendeten Materialien; f\u00fcr den Betrieb, Zugang und die Nutzung erforderliche Computerprogramme usw.).<\/span><\/span><\/span><\/p><p lang=\"ca-ES\"><span lang=\"es-ES\"><span style=\"font-family: Arial, serif; font-size: medium;\">Alle Rechte vorbehalten. Gem\u00e4\u00df den Bestimmungen in den Artikeln 8 und 32.1, zweiter Absatz, des spanischen Urheberrechtsgesetzes, sind die Vervielf\u00e4ltigung, Verbreitung und \u00f6ffentliche Bekanntmachung, einschlie\u00dflich der Bereitstellung, des gesamten oder teilweisen Inhalts dieser Website zu kommerziellen Zwecken in beliebigen Medien und mit beliebigen technischen Mitteln ohne Genehmigung von CREATIVE SYSTEMS IBERIA, S.L. ausdr\u00fccklich verboten. Der BENUTZER verpflichtet sich, die Rechte des geistigen und gewerblichen Eigentums von CREATIVE SYSTEMS IBERIA, S.L. zu respektieren. Der BENUTZER darf die Elemente der Website ansehen und sogar ausdrucken, kopieren und auf der Festplatte seines Computers oder auf einem anderen physischen Medium speichern, solange dies einzig und allein zu seinem pers\u00f6nlichen und privaten Gebrauch geschieht. Der BENUTZER darf keine auf den Seiten von CREATIVE SYSTEMS IBERIA, S.L. installierten Schutzvorrichtungen oder Sicherheitssysteme l\u00f6schen, ver\u00e4ndern, umgehen oder manipulieren.   <\/span><\/span><span style=\"font-family: Arial, serif; font-size: medium;\">CREATIVE SYSTEMS IBERIA, S.L.<\/span><\/p><p lang=\"ca-ES\"><span style=\"font-family: Arial, serif;\"><span style=\"font-size: medium;\"><span lang=\"es-ES\"><b>Gew\u00e4hrleistungs- und Haftungsausschluss<\/b><\/span><\/span><\/span><\/p><p lang=\"ca-ES\"><span style=\"font-family: Arial, serif; font-size: medium;\">CREATIVE SYSTEMS IBERIA, S.L.<\/span><span style=\"font-family: Arial, serif;\"><span style=\"font-size: medium;\"><span lang=\"es-ES\"> haftet keinesfalls f\u00fcr Sch\u00e4den jeglicher Art, die durch Fehler oder Auslassungen in den Inhalten, mangelnde Verf\u00fcgbarkeit der Website oder die \u00dcbertragung von Viren oder b\u00f6sartigen oder sch\u00e4dlichen Programmen in den Inhalten verursacht werden k\u00f6nnen, obwohl alle notwendigen technischen Ma\u00dfnahmen zu deren Vermeidung getroffen wurden.<\/span><\/span><\/span><\/p><p lang=\"ca-ES\"><span style=\"font-family: Arial, serif;\"><span style=\"font-size: medium;\"><span lang=\"es-ES\"><b>\u00c4nderungen<\/b><\/span><\/span><\/span><\/p><p lang=\"ca-ES\"><span style=\"font-family: Arial, serif; font-size: medium;\">CREATIVE SYSTEMS IBERIA, S.L.<\/span><span style=\"font-family: Arial, serif;\"><span style=\"font-size: medium;\"><span lang=\"es-ES\"> beh\u00e4lt sich das Recht vor, ohne Vorank\u00fcndigung \u00c4nderungen an seiner Website vorzunehmen und kann sowohl den Inhalt und die Dienste, die dort angeboten werden, als auch die Art und Weise, wie sie pr\u00e4sentiert werden, \u00e4ndern, l\u00f6schen oder hinzuf\u00fcgen.<\/span><\/span><\/span><\/p><p lang=\"ca-ES\"><span style=\"font-family: Arial, serif;\"><span style=\"font-size: medium;\"><span lang=\"es-ES\"><b>Links<\/b><\/span><\/span><\/span><\/p><p lang=\"ca-ES\"><span lang=\"es-ES\"><span style=\"font-family: Arial, serif; font-size: medium;\">Sollte die Website Links oder Hyperlinks zu anderen Websites enthalten, \u00fcbt CREATIVE SYSTEMS IBERIA, S.L. keinerlei Kontrolle \u00fcber diese Seiten und Inhalte aus. CREATIVE SYSTEMS IBERIA, S.L. haftet keinesfalls f\u00fcr den Inhalt eines Links einer externen Website und garantiert auch nicht die technische Verf\u00fcgbarkeit, Qualit\u00e4t, Zuverl\u00e4ssigkeit, Genauigkeit, Vollst\u00e4ndigkeit, Wahrhaftigkeit, G\u00fcltigkeit und Verfassungsm\u00e4\u00dfigkeit von Material oder Informationen, die in einem dieser Hyperlinks oder auf anderen Websites enthalten sind. <\/span><\/span><\/p><p lang=\"ca-ES\"><span style=\"font-family: Arial, serif;\"><span style=\"font-size: medium;\"><span lang=\"es-ES\">Au\u00dferdem stellt die Aufnahme dieser externen Verlinkungen keinerlei Assoziierung, Fusion oder Beteiligung mit den verlinkten Einrichtungen dar.<\/span><\/span><\/span><\/p><p lang=\"ca-ES\"><span style=\"font-family: Arial, serif;\"><span style=\"font-size: medium;\"><span lang=\"es-ES\"><b>Ausschlussrecht<\/b><\/span><\/span><\/span><\/p><p lang=\"ca-ES\"><span style=\"font-family: Arial, serif; font-size: medium;\">CREATIVE SYSTEMS IBERIA, S.L.<\/span><span style=\"font-family: Arial, serif;\"><span style=\"font-size: medium;\"><span lang=\"es-ES\"> beh\u00e4lt sich das Recht vor, ohne Vorank\u00fcndigung, auf eigenen Wunsch oder auf Wunsch eines Dritten, den Zugang zur Website und\/oder zu den angebotenen Diensten denjenigen Benutzern zu verweigern oder zu entziehen, die die vorliegenden Allgemeinen Nutzungsbedingungen nicht einhalten.<\/span><\/span><\/span><\/p><p lang=\"ca-ES\"><span style=\"font-family: Arial, serif;\"><span style=\"font-size: medium;\"><span lang=\"es-ES\"><b>Allgemeines<\/b><\/span><\/span><\/span><\/p><p lang=\"ca-ES\"><span style=\"font-family: Arial, serif; font-size: medium;\">CREATIVE SYSTEMS IBERIA, S.L.<\/span><span style=\"font-family: Arial, serif;\"><span style=\"font-size: medium;\"><span lang=\"es-ES\"> wird die Verletzung dieser Bedingungen sowie jede missbr\u00e4uchliche Nutzung seiner Website verfolgen und alle dem Unternehmen gesetzlich zustehenden zivil- und strafrechtlichen Ma\u00dfnahmen ergreifen.<\/span><\/span><\/span><\/p><p lang=\"ca-ES\"><span style=\"font-family: Arial, serif;\"><span style=\"font-size: medium;\"><span lang=\"es-ES\"><b>\u00c4nderung und G\u00fcltigkeit dieser Bedingungen<\/b><\/span><\/span><\/span><\/p><p lang=\"ca-ES\"><span style=\"font-family: Arial, serif; font-size: medium;\">CREATIVE SYSTEMS IBERIA, S.L.<\/span><span style=\"font-family: Arial, serif;\"><span style=\"font-size: medium;\"><span lang=\"es-ES\"> kann die hier festgelegten Bedingungen jederzeit \u00e4ndern, die in der hier genannten Version ordnungsgem\u00e4\u00df ver\u00f6ffentlicht werden.<\/span><\/span><\/span><\/p><p lang=\"ca-ES\"><span style=\"font-family: Arial, serif;\"><span style=\"font-size: medium;\"><span lang=\"es-ES\">Die G\u00fcltigkeit dieser Bedingungen h\u00e4ngt von Ihrer Ausstellung ab und besteht so lange, bis die Bedingungen durch andere, ordnungsgem\u00e4\u00df ver\u00f6ffentlichte Bedingungen ge\u00e4ndert werden.<\/span><\/span><\/span><\/p><p lang=\"ca-ES\"><span style=\"font-family: Arial, serif;\"><span style=\"font-size: medium;\"><span lang=\"es-ES\"><b>Geltendes Recht und Gerichtsbarkeit<\/b><\/span><\/span><\/span><\/p><p lang=\"ca-ES\"><span lang=\"es-ES\"><span style=\"font-family: Arial, serif; font-size: medium;\">Die Beziehung zwischen CREATIVE SYSTEMS IBERIA, S.L. und dem BENUTZER unterliegt der geltenden spanischen Gesetzgebung, und Streitigkeiten werden den Gerichten und Gerichtsh\u00f6fen der oben genannten Stadt vorgelegt.<\/span><\/span><\/p><p lang=\"ca-ES\" align=\"center\"><span lang=\"en-GB\"><b>CREATIVE SYSTEMS IBERIA, S.L.<\/b><\/span><\/p><p lang=\"ca-ES\" align=\"center\"><span style=\"color: #272626;\"><span style=\"font-family: Arial, serif;\"><span style=\"font-size: small;\"><span lang=\"es-ES\">Stra\u00dfe Ametllers, 2 -43770- M\u00f3ra la Nova (Tarragona)<\/span><\/span><\/span><\/span><\/p>\t\t\t\t\t\t\t\t<\/div>\n\t\t\t\t\t<\/div>\n\t\t\t\t<\/div>\n\t\t\t\t<\/div>\n\t\t","protected":false},"excerpt":{"rendered":"<p>Rechtlicher Hinweis In Erf\u00fcllung des spanischen Gesetzes 34\/2002 vom 11. Juli \u00fcber die Dienstleistungen der Informationsgesellschaft und den elektronischen Gesch\u00e4ftsverkehr (LSSI-CE) informiert Sie das Unternehmen, dass<span class=\"excerpt-hellip\"> [\u2026]<\/span><\/p>\n","protected":false},"author":1,"featured_media":0,"parent":0,"menu_order":0,"comment_status":"closed","ping_status":"closed","template":"elementor_header_footer","meta":{"footnotes":""},"class_list":["post-531","page","type-page","status-publish","hentry"],"_links":{"self":[{"href":"https:\/\/www.windowstoinfinity.art\/de\/wp-json\/wp\/v2\/pages\/531","targetHints":{"allow":["GET"]}}],"collection":[{"href":"https:\/\/www.windowstoinfinity.art\/de\/wp-json\/wp\/v2\/pages"}],"about":[{"href":"https:\/\/www.windowstoinfinity.art\/de\/wp-json\/wp\/v2\/types\/page"}],"author":[{"embeddable":true,"href":"https:\/\/www.windowstoinfinity.art\/de\/wp-json\/wp\/v2\/users\/1"}],"replies":[{"embeddable":true,"href":"https:\/\/www.windowstoinfinity.art\/de\/wp-json\/wp\/v2\/comments?post=531"}],"version-history":[{"count":2,"href":"https:\/\/www.windowstoinfinity.art\/de\/wp-json\/wp\/v2\/pages\/531\/revisions"}],"predecessor-version":[{"id":1888,"href":"https:\/\/www.windowstoinfinity.art\/de\/wp-json\/wp\/v2\/pages\/531\/revisions\/1888"}],"wp:attachment":[{"href":"https:\/\/www.windowstoinfinity.art\/de\/wp-json\/wp\/v2\/media?parent=531"}],"curies":[{"name":"wp","href":"https:\/\/api.w.org\/{rel}","templated":true}]}}