{"id":1632,"date":"2025-12-13T20:27:50","date_gmt":"2025-12-13T20:27:50","guid":{"rendered":"https:\/\/moccasin-crab-669324.hostingersite.com\/unsere-ausstellungsloesungen\/"},"modified":"2026-01-18T22:47:25","modified_gmt":"2026-01-18T22:47:25","slug":"unsere-ausstellungsloesungen","status":"publish","type":"page","link":"https:\/\/www.windowstoinfinity.art\/de\/unsere-ausstellungsloesungen\/","title":{"rendered":"Unsere Ausstellungsl\u00f6sungen"},"content":{"rendered":"\t\t<div data-elementor-type=\"wp-page\" data-elementor-id=\"1632\" class=\"elementor elementor-1632 elementor-1073\">\n\t\t\t\t<div class=\"elementor-element elementor-element-2a839fb e-flex e-con-boxed e-con e-parent\" data-id=\"2a839fb\" data-element_type=\"container\" data-e-type=\"container\">\n\t\t\t\t\t<div class=\"e-con-inner\">\n\t\t<div class=\"elementor-element elementor-element-214e611 e-con-full e-flex e-con e-child\" data-id=\"214e611\" data-element_type=\"container\" data-e-type=\"container\">\n\t\t\t\t<div class=\"elementor-element elementor-element-a886f5e elementor-widget elementor-widget-heading\" data-id=\"a886f5e\" data-element_type=\"widget\" data-e-type=\"widget\" data-widget_type=\"heading.default\">\n\t\t\t\t\t<h2 class=\"elementor-heading-title elementor-size-default\">Unsere Ausstellungsl\u00f6sungen<\/h2>\t\t\t\t<\/div>\n\t\t\t\t<div class=\"elementor-element elementor-element-ec1d99b elementor-widget elementor-widget-text-editor\" data-id=\"ec1d99b\" data-element_type=\"widget\" data-e-type=\"widget\" data-widget_type=\"text-editor.default\">\n\t\t\t\t\t\t\t\t\t<p><em>Expotour Itinerant<\/em> bietet drei Ausstellungsformate aus dem Universum <em>Windows to Infinity.<\/em> Sie sind an unterschiedliche Gr\u00f6\u00dfenordnungen und Bed\u00fcrfnisse angepasst, um die immersive Kunst in alle Welt zu tragen.<\/p>\t\t\t\t\t\t\t\t<\/div>\n\t\t<div class=\"elementor-element elementor-element-116759c e-con-full e-flex e-con e-child\" data-id=\"116759c\" data-element_type=\"container\" data-e-type=\"container\">\n\t\t\t\t<div class=\"elementor-element elementor-element-a0bf0a8 elementor-widget elementor-widget-text-editor\" data-id=\"a0bf0a8\" data-element_type=\"widget\" data-e-type=\"widget\" data-widget_type=\"text-editor.default\">\n\t\t\t\t\t\t\t\t\t<p>Jedes Format bietet die gleiche k\u00fcnstlerische, technische und emotionale Qualit\u00e4t, die das Projekt auszeichnet.<\/p>\t\t\t\t\t\t\t\t<\/div>\n\t\t\t\t<\/div>\n\t\t\t\t<div class=\"elementor-element elementor-element-5a76ce0 elementor-widget elementor-widget-text-editor\" data-id=\"5a76ce0\" data-element_type=\"widget\" data-e-type=\"widget\" data-widget_type=\"text-editor.default\">\n\t\t\t\t\t\t\t\t\t<p>Ausstellungsl\u00f6sungen<\/p>\t\t\t\t\t\t\t\t<\/div>\n\t\t<div class=\"elementor-element elementor-element-1b59b03 e-con-full e-flex e-con e-child\" data-id=\"1b59b03\" data-element_type=\"container\" data-e-type=\"container\">\n\t\t<div class=\"elementor-element elementor-element-cd473de e-con-full e-flex e-con e-child\" data-id=\"cd473de\" data-element_type=\"container\" data-e-type=\"container\">\n\t\t\t\t<div class=\"elementor-element elementor-element-008779a elementor-widget elementor-widget-text-editor\" data-id=\"008779a\" data-element_type=\"widget\" data-e-type=\"widget\" data-widget_type=\"text-editor.default\">\n\t\t\t\t\t\t\t\t\t<p><a href=\"#odisea\">Die Grosse Odyssee<\/a><\/p>\t\t\t\t\t\t\t\t<\/div>\n\t\t\t\t<\/div>\n\t\t<div class=\"elementor-element elementor-element-961b3ab e-con-full e-flex e-con e-child\" data-id=\"961b3ab\" data-element_type=\"container\" data-e-type=\"container\">\n\t\t\t\t<div class=\"elementor-element elementor-element-8b2a343 elementor-widget elementor-widget-text-editor\" data-id=\"8b2a343\" data-element_type=\"widget\" data-e-type=\"widget\" data-widget_type=\"text-editor.default\">\n\t\t\t\t\t\t\t\t\t<p><a href=\"#odisea\">F\u00fcr gro\u00dfe Au\u00dfenbereiche. Die monumentale, vollst\u00e4ndige Version l\u00e4dt zu einem Tag v\u00f6lliger Immersion ein. <\/a><\/p>\t\t\t\t\t\t\t\t<\/div>\n\t\t\t\t<\/div>\n\t\t\t\t<\/div>\n\t\t<div class=\"elementor-element elementor-element-b8d1af4 e-con-full e-flex e-con e-child\" data-id=\"b8d1af4\" data-element_type=\"container\" data-e-type=\"container\">\n\t\t<div class=\"elementor-element elementor-element-66750ca e-con-full e-flex e-con e-child\" data-id=\"66750ca\" data-element_type=\"container\" data-e-type=\"container\">\n\t\t\t\t<div class=\"elementor-element elementor-element-9fe6668 elementor-widget elementor-widget-text-editor\" data-id=\"9fe6668\" data-element_type=\"widget\" data-e-type=\"widget\" data-widget_type=\"text-editor.default\">\n\t\t\t\t\t\t\t\t\t<p><a href=\"#experiencia\">Das Erlebnis<\/a><\/p>\t\t\t\t\t\t\t\t<\/div>\n\t\t\t\t<\/div>\n\t\t<div class=\"elementor-element elementor-element-1febcfc e-con-full e-flex e-con e-child\" data-id=\"1febcfc\" data-element_type=\"container\" data-e-type=\"container\">\n\t\t\t\t<div class=\"elementor-element elementor-element-a575704 elementor-widget elementor-widget-text-editor\" data-id=\"a575704\" data-element_type=\"widget\" data-e-type=\"widget\" data-widget_type=\"text-editor.default\">\n\t\t\t\t\t\t\t\t\t<p><span style=\"white-space-collapse: preserve;\"><a href=\"#experiencia\">F\u00fcr gro\u00dfe Pavillons oder Zelte im Freien. Die gro\u00dfformatige Ausstellung bietet ein halbt\u00e4giges k\u00fcnstlerisches und sensorisches Erlebnis. <\/a><br><\/span><\/p>\t\t\t\t\t\t\t\t<\/div>\n\t\t\t\t<\/div>\n\t\t\t\t<\/div>\n\t\t<div class=\"elementor-element elementor-element-ccfa74e e-con-full e-flex e-con e-child\" data-id=\"ccfa74e\" data-element_type=\"container\" data-e-type=\"container\">\n\t\t<div class=\"elementor-element elementor-element-d96ea56 e-con-full e-flex e-con e-child\" data-id=\"d96ea56\" data-element_type=\"container\" data-e-type=\"container\">\n\t\t\t\t<div class=\"elementor-element elementor-element-434810a elementor-widget elementor-widget-text-editor\" data-id=\"434810a\" data-element_type=\"widget\" data-e-type=\"widget\" data-widget_type=\"text-editor.default\">\n\t\t\t\t\t\t\t\t\t<p><a href=\"#esencia\">Die Essenz<\/a><\/p>\t\t\t\t\t\t\t\t<\/div>\n\t\t\t\t<\/div>\n\t\t<div class=\"elementor-element elementor-element-7a60d7c e-con-full e-flex e-con e-child\" data-id=\"7a60d7c\" data-element_type=\"container\" data-e-type=\"container\">\n\t\t\t\t<div class=\"elementor-element elementor-element-272f5c3 elementor-widget elementor-widget-text-editor\" data-id=\"272f5c3\" data-element_type=\"widget\" data-e-type=\"widget\" data-widget_type=\"text-editor.default\">\n\t\t\t\t\t\t\t\t\t<p><a href=\"#esencia\">F\u00fcr kleinere Ausstellungsr\u00e4ume. Die besonders kompakte, zug\u00e4ngliche Version ist ideal f\u00fcr ein zwei- bis dreist\u00fcndiges Erlebnis. <\/a><\/p>\t\t\t\t\t\t\t\t<\/div>\n\t\t\t\t<\/div>\n\t\t\t\t<\/div>\n\t\t\t\t<\/div>\n\t\t<div class=\"elementor-element elementor-element-04f87e5 e-con-full e-flex e-con e-child\" data-id=\"04f87e5\" data-element_type=\"container\" data-e-type=\"container\" data-settings=\"{&quot;background_background&quot;:&quot;classic&quot;}\">\n\t\t\t\t<\/div>\n\t\t\t\t\t<\/div>\n\t\t\t\t<\/div>\n\t\t<div class=\"elementor-element elementor-element-e549ea9 e-flex e-con-boxed e-con e-parent\" data-id=\"e549ea9\" data-element_type=\"container\" data-e-type=\"container\" id=\"odisea\" data-settings=\"{&quot;background_background&quot;:&quot;classic&quot;}\">\n\t\t\t\t\t<div class=\"e-con-inner\">\n\t\t<div class=\"elementor-element elementor-element-fe97922 e-con-full e-flex e-con e-child\" data-id=\"fe97922\" data-element_type=\"container\" data-e-type=\"container\">\n\t\t\t\t<div class=\"elementor-element elementor-element-54d5049 bentonit elementor-widget elementor-widget-text-editor\" data-id=\"54d5049\" data-element_type=\"widget\" data-e-type=\"widget\" data-widget_type=\"text-editor.default\">\n\t\t\t\t\t\t\t\t\t<p>Die Grosse Odyssee<\/p>\t\t\t\t\t\t\t\t<\/div>\n\t\t\t\t<div class=\"elementor-element elementor-element-d3b0cf9 elementor-widget elementor-widget-text-editor\" data-id=\"d3b0cf9\" data-element_type=\"widget\" data-e-type=\"widget\" data-widget_type=\"text-editor.default\">\n\t\t\t\t\t\t\t\t\t<p>Das monumentale Erlebnis<\/p>\t\t\t\t\t\t\t\t<\/div>\n\t\t\t\t<div class=\"elementor-element elementor-element-8d5c1c1 elementor-widget elementor-widget-text-editor\" data-id=\"8d5c1c1\" data-element_type=\"widget\" data-e-type=\"widget\" data-widget_type=\"text-editor.default\">\n\t\t\t\t\t\t\t\t\t<p>Es ist die spektakul\u00e4rste und umfassendste Version von <em>Windows to Infinity.<\/em><br>Sie wurde entworfen f\u00fcr Au\u00dfenbereiche, in denen riesige B\u00fchnenzelte aufgestellt werden k\u00f6nnen, und bietet ein v\u00f6llig immersives Erlebnis, bei dem der Besucher einen ganzen Tag lang Kunst, Technologie und Emotionen genie\u00dfen kann.<\/p><p>Diese gro\u00dfe Odyssee verbindet mehrere Erlebnisse:<br>Live-K\u00fcnstler, die echte Werke aus dem Universum <em>Windows to Infinity<\/em> schaffen, Mitmach-Workshops, Bereiche mit Virtual Reality und Augmented Reality, virtuelle Fotokulissen, Bereiche rund um die kreativen Prozesse sowie Kunstr\u00e4ume mit Skulpturen, Dioramen, Monumentalen Visionen, K\u00fcnstlerische Visionen und das Gro\u00dfe Zentralmodell ausgestellt werden.<br>Der Rundgang umfasst Geschichtenerz\u00e4hler, Marionetten und Figuren aus unserem Universum, die mit den Besuchern interagieren. Dar\u00fcber hinaus gibt es Ruhezonen, Gastronomiebereiche und Themenboutiquen, die den immersiven Tag f\u00fcr jedes Publikum abrunden. <\/p><p>Der H\u00f6hepunkt des Erlebnisses ist ein 360-Grad-Raum mit modernsten Spezialeffekten: eine spektakul\u00e4re Kreation, die die Grenzen der immersiven Kunst neu definiert und <em>Windows to Infinity <\/em>zur Weltspitze der visuellen Innovation macht.<\/p><p>Diese einzigartige, mitrei\u00dfende Erlebnis bietet jeder Stadt die M\u00f6glichkeit, einen ganzen Tag lang ein Fest der Kunst, Fantasie und modernsten Technologie zu erleben.<\/p><p>Empfohlene Fl\u00e4che: ab 10.000 m\u00b2<br>Idealer Standort: Au\u00dfenbereiche, Kulturst\u00e4tten im Freien oder gro\u00dfe Messehallen.<\/p>\t\t\t\t\t\t\t\t<\/div>\n\t\t\t\t<\/div>\n\t\t<div class=\"elementor-element elementor-element-9baa2c0 e-con-full e-flex e-con e-child\" data-id=\"9baa2c0\" data-element_type=\"container\" data-e-type=\"container\">\n\t\t\t\t<\/div>\n\t\t\t\t\t<\/div>\n\t\t\t\t<\/div>\n\t\t<div class=\"elementor-element elementor-element-e8485a8 e-flex e-con-boxed e-con e-parent\" data-id=\"e8485a8\" data-element_type=\"container\" data-e-type=\"container\" id=\"experiencia\" data-settings=\"{&quot;background_background&quot;:&quot;classic&quot;}\">\n\t\t\t\t\t<div class=\"e-con-inner\">\n\t\t<div class=\"elementor-element elementor-element-4f7050a e-con-full e-flex e-con e-child\" data-id=\"4f7050a\" data-element_type=\"container\" data-e-type=\"container\">\n\t\t\t\t<\/div>\n\t\t<div class=\"elementor-element elementor-element-ff79048 e-con-full e-flex e-con e-child\" data-id=\"ff79048\" data-element_type=\"container\" data-e-type=\"container\">\n\t\t\t\t<div class=\"elementor-element elementor-element-07a0f0e bentonit elementor-widget__width-initial elementor-widget elementor-widget-text-editor\" data-id=\"07a0f0e\" data-element_type=\"widget\" data-e-type=\"widget\" data-widget_type=\"text-editor.default\">\n\t\t\t\t\t\t\t\t\t<p>Das Erlebnis<\/p>\t\t\t\t\t\t\t\t<\/div>\n\t\t\t\t<div class=\"elementor-element elementor-element-419518a elementor-widget elementor-widget-text-editor\" data-id=\"419518a\" data-element_type=\"widget\" data-e-type=\"widget\" data-widget_type=\"text-editor.default\">\n\t\t\t\t\t\t\t\t\t<p>Die gro\u00dfformatige Ausstellung<\/p>\t\t\t\t\t\t\t\t<\/div>\n\t\t\t\t<div class=\"elementor-element elementor-element-4e8050a elementor-widget elementor-widget-text-editor\" data-id=\"4e8050a\" data-element_type=\"widget\" data-e-type=\"widget\" data-widget_type=\"text-editor.default\">\n\t\t\t\t\t\t\t\t\t<p>Diese ebenso kraftvolle wie ausgewogene Version bewahrt die Essenz von <em>Windows to Infinity <\/em>und ist in einem kleineren Ma\u00dfstab verf\u00fcgbar.<br>Sie ist f\u00fcr gro\u00dfe Pavillons oder Zelte im Freien gedacht und bietet dem Publikum ein immersives Erlebnis mit gro\u00dfer visueller, emotionaler Wirkung. Die spektakul\u00e4re Aufmachung, das Narrativ und die Atmosph\u00e4re des urspr\u00fcnglichen Projekts bleiben dabei erhalten.<\/p><p>Die Version l\u00e4sst sich v\u00f6llig flexibel an jeden Raum und jedes Projekt anpassen.<br><span style=\"font-weight: 400;\">Sie kann verschiedene Erlebnisse aus dem Universum<\/span> <i><span style=\"font-weight: 400;\">Windows to Infinity<\/span><\/i> umfassen, <span style=\"font-weight: 400;\">beispielsweise Bereich mit Virtual Reality oder Augmented Reality, Workshops, Themenboutiquen, Monumentale Visionen, K\u00fcnstlerische Visionen und das Gro\u00dfe Zentralmodell. Die Gestaltung ist stets auf die Umgebung, die Fl\u00e4che und die Bed\u00fcrfnisse jedes Kunden zugeschnitten.<\/span><\/p><p>Die Produktion wird individuell so gestaltet, dass die M\u00f6glichkeiten des Ortes optimal genutzt werden und ein intensives, immersives und zutiefst emotionales Kunsterlebnis geboten wird.<br>Dar\u00fcber hinaus l\u00e4sst sich der 360-Grad-Raum mit modernsten Spezialeffekten integrieren. Er sorgt f\u00fcr ein noch umfangreicheres Erlebnis und entf\u00fchrt die Besucher in das Herz des Universums <em>Windows to Infinity <\/em>entf\u00fchrt.<\/p><p>Dieses umfassende, vielseitiges Format bietet vier bis f\u00fcnf Stunden k\u00fcnstlerischen und sensorischen Genuss bietet. So k\u00f6nnen die Besucher einen ganzen Vormittag oder Nachmittag bei einem unvergesslichen Erlebnis verbringen. <\/p><p>Empfohlene Fl\u00e4che: 3.000 bis 5.000 m\u00b2.<br>Idealer Standort: gro\u00dfe Pavillons oder Zelte im Freien.<\/p>\t\t\t\t\t\t\t\t<\/div>\n\t\t\t\t<\/div>\n\t\t\t\t\t<\/div>\n\t\t\t\t<\/div>\n\t\t<div class=\"elementor-element elementor-element-a257631 e-flex e-con-boxed e-con e-parent\" data-id=\"a257631\" data-element_type=\"container\" data-e-type=\"container\" id=\"esencia\" data-settings=\"{&quot;background_background&quot;:&quot;classic&quot;}\">\n\t\t\t\t\t<div class=\"e-con-inner\">\n\t\t<div class=\"elementor-element elementor-element-a07bd0f e-con-full e-flex e-con e-child\" data-id=\"a07bd0f\" data-element_type=\"container\" data-e-type=\"container\">\n\t\t\t\t<div class=\"elementor-element elementor-element-f0516be bentonit elementor-widget elementor-widget-text-editor\" data-id=\"f0516be\" data-element_type=\"widget\" data-e-type=\"widget\" data-widget_type=\"text-editor.default\">\n\t\t\t\t\t\t\t\t\t<p>Die Essenz<\/p>\t\t\t\t\t\t\t\t<\/div>\n\t\t\t\t<div class=\"elementor-element elementor-element-8fb0d2e elementor-widget elementor-widget-text-editor\" data-id=\"8fb0d2e\" data-element_type=\"widget\" data-e-type=\"widget\" data-widget_type=\"text-editor.default\">\n\t\t\t\t\t\t\t\t\t<p>Die konzentrierte Erfahrung des Universums<\/p>\t\t\t\t\t\t\t\t<\/div>\n\t\t\t\t<div class=\"elementor-element elementor-element-3ffc45e elementor-widget elementor-widget-text-editor\" data-id=\"3ffc45e\" data-element_type=\"widget\" data-e-type=\"widget\" data-widget_type=\"text-editor.default\">\n\t\t\t\t\t\t\t\t\t<p>Diese kompakte Version von <em>Windows to Infinity <\/em>soll das k\u00fcnstlerische Universum f\u00fcr alle Arten von R\u00e4umen, Publikum und St\u00e4dten leicht zug\u00e4nglich machen<br>Sie wurde entworfen f\u00fcr Innenr\u00e4ume von Kultur- und Ausstellungszentren mit niedrigen Decken und eingeschr\u00e4nkten Zug\u00e4ngen. Dennoch bewahrt es die Magie, das Narrativ und die spektakul\u00e4re Aufmachung des urspr\u00fcnglichen Projekts, nur eben pr\u00e4zise angepasst an ein agiles, effizientes Format. <\/p><p>Das Montagesystem ist schnell, modular und kosteng\u00fcnstig und erm\u00f6glicht den Aufbau in wenigen Stunden.<br>Die Werke und Erlebnisse werden in angepassten Ma\u00dfst\u00e4ben pr\u00e4sentiert, in denen ihre visuelle, k\u00fcnstlerische Ausdruckskraft vollst\u00e4ndig erhalten bleibt.<br>Diese Version umfasst Monumentale Visionen, Legend\u00e4re K\u00fcnstlerische Visionen, Erlebnisse mit Virtual Reality und Augmented Reality, virtuelle Fotokulissen, kreative Prozesse und das Gro\u00dfe Zentralmodell, alles angepasst an die Gr\u00f6\u00dfe und Anordnung der jeweiligen R\u00e4umlichkeiten.<\/p><p>Das Format bietet ein zwei- bis dreist\u00fcndiges Erlebnis und eignet sich perfekt, um die Besucher mit einem immersiven, k\u00fcnstlerischen und technisch einwandfreien Angebot zu beeindrucken.<\/p><p>Empfohlene Fl\u00e4che: 600 bis 1.500 m\u00b2.<br>Idealer Standort: mittelgro\u00dfe Ausstellungsr\u00e4ume, Kulturzentren.<\/p>\t\t\t\t\t\t\t\t<\/div>\n\t\t\t\t<\/div>\n\t\t<div class=\"elementor-element elementor-element-4351dff e-con-full e-flex e-con e-child\" data-id=\"4351dff\" data-element_type=\"container\" data-e-type=\"container\">\n\t\t\t\t<\/div>\n\t\t\t\t\t<\/div>\n\t\t\t\t<\/div>\n\t\t<div class=\"elementor-element elementor-element-de31362 e-flex e-con-boxed e-con e-parent\" data-id=\"de31362\" data-element_type=\"container\" data-e-type=\"container\">\n\t\t\t\t\t<div class=\"e-con-inner\">\n\t\t\t\t<div class=\"elementor-element elementor-element-cf0110f elementor-button-info elementor-align-center elementor-widget elementor-widget-button\" data-id=\"cf0110f\" data-element_type=\"widget\" data-e-type=\"widget\" data-widget_type=\"button.default\">\n\t\t\t\t\t\t\t\t\t\t<a class=\"elementor-button elementor-button-link elementor-size-sm\" href=\"https:\/\/www.windowstoinfinity.art\/de\/kontakt\/\">\n\t\t\t\t\t\t<span class=\"elementor-button-content-wrapper\">\n\t\t\t\t\t\t\t\t\t<span class=\"elementor-button-text\">Kontakt<\/span>\n\t\t\t\t\t<\/span>\n\t\t\t\t\t<\/a>\n\t\t\t\t\t\t\t\t<\/div>\n\t\t\t\t\t<\/div>\n\t\t\t\t<\/div>\n\t\t\t\t<\/div>\n\t\t","protected":false},"excerpt":{"rendered":"<p>Unsere Ausstellungsl\u00f6sungen Expotour Itinerant bietet drei Ausstellungsformate aus dem Universum Windows to Infinity. Sie sind an unterschiedliche Gr\u00f6\u00dfenordnungen und Bed\u00fcrfnisse angepasst, um die immersive Kunst in<span class=\"excerpt-hellip\"> [\u2026]<\/span><\/p>\n","protected":false},"author":2,"featured_media":0,"parent":0,"menu_order":0,"comment_status":"closed","ping_status":"closed","template":"elementor_header_footer","meta":{"footnotes":""},"class_list":["post-1632","page","type-page","status-publish","hentry"],"_links":{"self":[{"href":"https:\/\/www.windowstoinfinity.art\/de\/wp-json\/wp\/v2\/pages\/1632","targetHints":{"allow":["GET"]}}],"collection":[{"href":"https:\/\/www.windowstoinfinity.art\/de\/wp-json\/wp\/v2\/pages"}],"about":[{"href":"https:\/\/www.windowstoinfinity.art\/de\/wp-json\/wp\/v2\/types\/page"}],"author":[{"embeddable":true,"href":"https:\/\/www.windowstoinfinity.art\/de\/wp-json\/wp\/v2\/users\/2"}],"replies":[{"embeddable":true,"href":"https:\/\/www.windowstoinfinity.art\/de\/wp-json\/wp\/v2\/comments?post=1632"}],"version-history":[{"count":3,"href":"https:\/\/www.windowstoinfinity.art\/de\/wp-json\/wp\/v2\/pages\/1632\/revisions"}],"predecessor-version":[{"id":2128,"href":"https:\/\/www.windowstoinfinity.art\/de\/wp-json\/wp\/v2\/pages\/1632\/revisions\/2128"}],"wp:attachment":[{"href":"https:\/\/www.windowstoinfinity.art\/de\/wp-json\/wp\/v2\/media?parent=1632"}],"curies":[{"name":"wp","href":"https:\/\/api.w.org\/{rel}","templated":true}]}}