{"id":1550,"date":"2025-12-12T22:18:07","date_gmt":"2025-12-12T22:18:07","guid":{"rendered":"https:\/\/moccasin-crab-669324.hostingersite.com\/ausstellung\/"},"modified":"2026-01-18T22:44:27","modified_gmt":"2026-01-18T22:44:27","slug":"ausstellung","status":"publish","type":"page","link":"https:\/\/www.windowstoinfinity.art\/de\/ausstellung\/","title":{"rendered":"Ausstellung"},"content":{"rendered":"\t\t<div data-elementor-type=\"wp-page\" data-elementor-id=\"1550\" class=\"elementor elementor-1550 elementor-947\">\n\t\t\t\t<div class=\"elementor-element elementor-element-29f5103 e-flex e-con-boxed e-con e-parent\" data-id=\"29f5103\" data-element_type=\"container\" data-e-type=\"container\">\n\t\t\t\t\t<div class=\"e-con-inner\">\n\t\t\t\t<div class=\"elementor-element elementor-element-c018f27 elementor-pagination-position-inside elementor-widget elementor-widget-image-carousel\" data-id=\"c018f27\" data-element_type=\"widget\" data-e-type=\"widget\" data-settings=\"{&quot;slides_to_show&quot;:&quot;1&quot;,&quot;navigation&quot;:&quot;dots&quot;,&quot;lazyload&quot;:&quot;yes&quot;,&quot;autoplay&quot;:&quot;yes&quot;,&quot;pause_on_hover&quot;:&quot;yes&quot;,&quot;pause_on_interaction&quot;:&quot;yes&quot;,&quot;autoplay_speed&quot;:5000,&quot;infinite&quot;:&quot;yes&quot;,&quot;effect&quot;:&quot;slide&quot;,&quot;speed&quot;:500}\" data-widget_type=\"image-carousel.default\">\n\t\t\t\t\t\t\t<div class=\"elementor-image-carousel-wrapper swiper\" role=\"region\" aria-roledescription=\"carousel\" aria-label=\"Carrusel de im\u00e1genes\" dir=\"ltr\">\n\t\t\t<div class=\"elementor-image-carousel swiper-wrapper swiper-image-stretch\" aria-live=\"off\">\n\t\t\t\t\t\t\t\t<div class=\"swiper-slide\" role=\"group\" aria-roledescription=\"slide\" aria-label=\"1 von 7\"><figure class=\"swiper-slide-inner\"><img class=\"swiper-slide-image swiper-lazy\" data-src=\"https:\/\/www.windowstoinfinity.art\/wp-content\/uploads\/2025\/12\/1.jpg\" alt=\"1\" \/><div class=\"swiper-lazy-preloader\"><\/div><\/figure><\/div><div class=\"swiper-slide\" role=\"group\" aria-roledescription=\"slide\" aria-label=\"2 von 7\"><figure class=\"swiper-slide-inner\"><img class=\"swiper-slide-image swiper-lazy\" data-src=\"https:\/\/www.windowstoinfinity.art\/wp-content\/uploads\/2025\/12\/2-1.jpg\" alt=\"2\" \/><div class=\"swiper-lazy-preloader\"><\/div><\/figure><\/div><div class=\"swiper-slide\" role=\"group\" aria-roledescription=\"slide\" aria-label=\"3 von 7\"><figure class=\"swiper-slide-inner\"><img class=\"swiper-slide-image swiper-lazy\" data-src=\"https:\/\/www.windowstoinfinity.art\/wp-content\/uploads\/2025\/12\/3-2.jpg\" alt=\"3\" \/><div class=\"swiper-lazy-preloader\"><\/div><\/figure><\/div><div class=\"swiper-slide\" role=\"group\" aria-roledescription=\"slide\" aria-label=\"4 von 7\"><figure class=\"swiper-slide-inner\"><img class=\"swiper-slide-image swiper-lazy\" data-src=\"https:\/\/www.windowstoinfinity.art\/wp-content\/uploads\/2025\/12\/4-1.jpg\" alt=\"4\" \/><div class=\"swiper-lazy-preloader\"><\/div><\/figure><\/div><div class=\"swiper-slide\" role=\"group\" aria-roledescription=\"slide\" aria-label=\"5 von 7\"><figure class=\"swiper-slide-inner\"><img class=\"swiper-slide-image swiper-lazy\" data-src=\"https:\/\/www.windowstoinfinity.art\/wp-content\/uploads\/2025\/12\/5-1.jpg\" alt=\"5\" \/><div class=\"swiper-lazy-preloader\"><\/div><\/figure><\/div><div class=\"swiper-slide\" role=\"group\" aria-roledescription=\"slide\" aria-label=\"6 von 7\"><figure class=\"swiper-slide-inner\"><img class=\"swiper-slide-image swiper-lazy\" data-src=\"https:\/\/www.windowstoinfinity.art\/wp-content\/uploads\/2025\/12\/6.jpg\" alt=\"6\" \/><div class=\"swiper-lazy-preloader\"><\/div><\/figure><\/div><div class=\"swiper-slide\" role=\"group\" aria-roledescription=\"slide\" aria-label=\"7 von 7\"><figure class=\"swiper-slide-inner\"><img class=\"swiper-slide-image swiper-lazy\" data-src=\"https:\/\/www.windowstoinfinity.art\/wp-content\/uploads\/2025\/12\/7.jpg\" alt=\"7\" \/><div class=\"swiper-lazy-preloader\"><\/div><\/figure><\/div>\t\t\t<\/div>\n\t\t\t\t\t\t\t\n\t\t\t\t\t\t\t\t\t<div class=\"swiper-pagination\"><\/div>\n\t\t\t\t\t\t\t\t\t<\/div>\n\t\t\t\t\t\t<\/div>\n\t\t\t\t\t<\/div>\n\t\t\t\t<\/div>\n\t\t<div class=\"elementor-element elementor-element-e36697d e-flex e-con-boxed e-con e-child\" data-id=\"e36697d\" data-element_type=\"container\" data-e-type=\"container\">\n\t\t\t\t\t<div class=\"e-con-inner\">\n\t\t<div class=\"elementor-element elementor-element-d38a864 e-con-full e-flex e-con e-child\" data-id=\"d38a864\" data-element_type=\"container\" data-e-type=\"container\">\n\t\t\t\t<div class=\"elementor-element elementor-element-87acc4f elementor-widget elementor-widget-heading\" data-id=\"87acc4f\" data-element_type=\"widget\" data-e-type=\"widget\" data-widget_type=\"heading.default\">\n\t\t\t\t\t<h2 class=\"elementor-heading-title elementor-size-default\">Kultur in bewegung<\/h2>\t\t\t\t<\/div>\n\t\t\t\t<div class=\"elementor-element elementor-element-150fdc8 elementor-widget elementor-widget-text-editor\" data-id=\"150fdc8\" data-element_type=\"widget\" data-e-type=\"widget\" data-widget_type=\"text-editor.default\">\n\t\t\t\t\t\t\t\t\t<p>Wir schaffen Wanderausstellungen und -shows, die physische, emotionale und kulturelle Grenzen \u00fcberschreiten.<br>Dank mehr als 40 Jahren Erfahrung in den Bereichen Design, Konstruktion und tempor\u00e4re Montage in ganz Europa verf\u00fcgen wir \u00fcber fundierte, technische und pr\u00e4zise Branchenkenntnisse.<\/p><p> <\/p><p>An Standorten in Tarragona und Madrid mit mehr als 10.000 m\u00b2 Gesamtfl\u00e4che bieten wir umfassende Dienstleistungen, die vom Entwurf und der k\u00fcnstlerischen Produktion bis zum Aufbau von Ausstellungs- und Verkaufsr\u00e4umen reichen.<\/p><p> <\/p><p>Durch seine Produktionsfirma Infinity Studios setzt Expotour Itinerant die Ausstellungen von Windows to Infinity um: Ideen werden zu realen Erlebnissen, indem Kreativit\u00e4t, Technik und eine einwandfreie Produktionskontrolle f\u00fcr Ausstellungsr\u00e4ume, Museen und Kulturzentren miteinander verschmelzen.<\/p>\t\t\t\t\t\t\t\t<\/div>\n\t\t\t\t<div class=\"elementor-element elementor-element-251e99b elementor-widget elementor-widget-text-editor\" data-id=\"251e99b\" data-element_type=\"widget\" data-e-type=\"widget\" data-widget_type=\"text-editor.default\">\n\t\t\t\t\t\t\t\t\t<p>Wir sind Kultur in Bewegung: eine Allianz aus Kunst, Technik und Emotion. Und diese Allianz erweckt Welten zum Leben, die zum Reisen einladen und begeistern sollen.<\/p>\t\t\t\t\t\t\t\t<\/div>\n\t\t\t\t<\/div>\n\t\t<div class=\"elementor-element elementor-element-af9f8a7 e-con-full e-flex e-con e-child\" data-id=\"af9f8a7\" data-element_type=\"container\" data-e-type=\"container\" data-settings=\"{&quot;background_background&quot;:&quot;classic&quot;}\">\n\t\t\t\t<\/div>\n\t\t\t\t\t<\/div>\n\t\t\t\t<\/div>\n\t\t<div class=\"elementor-element elementor-element-ac66d8e e-flex e-con-boxed e-con e-parent\" data-id=\"ac66d8e\" data-element_type=\"container\" data-e-type=\"container\">\n\t\t\t\t\t<div class=\"e-con-inner\">\n\t\t<div class=\"elementor-element elementor-element-8fd66e3 e-con-full e-flex e-con e-child\" data-id=\"8fd66e3\" data-element_type=\"container\" data-e-type=\"container\" data-settings=\"{&quot;background_background&quot;:&quot;classic&quot;}\">\n\t\t\t\t<\/div>\n\t\t<div class=\"elementor-element elementor-element-fc256b3 e-con-full e-flex e-con e-child\" data-id=\"fc256b3\" data-element_type=\"container\" data-e-type=\"container\">\n\t\t\t\t<div class=\"elementor-element elementor-element-94a58f0 elementor-widget elementor-widget-heading\" data-id=\"94a58f0\" data-element_type=\"widget\" data-e-type=\"widget\" data-widget_type=\"heading.default\">\n\t\t\t\t\t<h2 class=\"elementor-heading-title elementor-size-default\">Unsere philosophie<\/h2>\t\t\t\t<\/div>\n\t\t\t\t<div class=\"elementor-element elementor-element-a6d86d9 elementor-widget elementor-widget-text-editor\" data-id=\"a6d86d9\" data-element_type=\"widget\" data-e-type=\"widget\" data-widget_type=\"text-editor.default\">\n\t\t\t\t\t\t\t\t\t<p>Unser Ansatz verbindet handwerkliche Tradition mit technologischer Innovation. Von physischen Strukturen bis hin zu immersiven digitalen Erlebnissen basiert jedes unserer Projekte auf einer ganzheitlichen Vision und achten dabei auf die Seele und Identit\u00e4t der Institutionen, Themen und kulturellen Kontexte.<\/p><p>Wir betrachten die Kunst als Ursprung von einfach allem.<br>Jedes Projekt entspringt einer k\u00fcnstlerischen Idee, einer Emotion, einer Geschichte, die erz\u00e4hlt werden muss.<br>Die digitalen Werkzeuge wie virtuelle Realit\u00e4t, erweiterte Realit\u00e4ten, 360-Grad-Projektionen und Spezialeffektteams, sind nicht das Ziel, sondern ein Mittel, um diese Emotion zu verst\u00e4rken und es den Besuchern zu erm\u00f6glichen, sie intensiver zu erleben.<\/p><p>Unsere Erlebnisse sind f\u00fcr beliebige Zielgruppen und Kulturen konzipiert und eignen sich f\u00fcr Jung und Alt.<br>Wir glauben an eine universelle Kunst, die Generationen, Empfindungen und Sprachen verbindet und es jedem einzelnen Menschen erm\u00f6glicht, sich in unseren Werken wiederzufinden.<\/p><p>Dar\u00fcber hinaus vermittelt jede Kreation Werte und Botschaften, die zum Nachdenken anregen und zum Dialog zwischen Emotion und Denken einladen.<br>Jedes unserer Erlebnisse soll Spuren hinterlassen, ein inneres Echo, das \u00fcber den Besuch hinaus anh\u00e4lt.<\/p>\t\t\t\t\t\t\t\t<\/div>\n\t\t\t\t<\/div>\n\t\t\t\t\t<\/div>\n\t\t\t\t<\/div>\n\t\t<div class=\"elementor-element elementor-element-4365896 e-flex e-con-boxed e-con e-child\" data-id=\"4365896\" data-element_type=\"container\" data-e-type=\"container\">\n\t\t\t\t\t<div class=\"e-con-inner\">\n\t\t<div class=\"elementor-element elementor-element-32e5a0a e-con-full e-flex e-con e-child\" data-id=\"32e5a0a\" data-element_type=\"container\" data-e-type=\"container\">\n\t\t\t\t<div class=\"elementor-element elementor-element-26f8cea elementor-widget elementor-widget-heading\" data-id=\"26f8cea\" data-element_type=\"widget\" data-e-type=\"widget\" data-widget_type=\"heading.default\">\n\t\t\t\t\t<h2 class=\"elementor-heading-title elementor-size-default\">Die Innovators<\/h2>\t\t\t\t<\/div>\n\t\t\t\t<div class=\"elementor-element elementor-element-f1a349c elementor-widget elementor-widget-text-editor\" data-id=\"f1a349c\" data-element_type=\"widget\" data-e-type=\"widget\" data-widget_type=\"text-editor.default\">\n\t\t\t\t\t\t\t\t\t<p>Die Seele von <em>Expotour Itinerant<\/em> ist sein Team: die Innovators.<br>Es setzt sich zusammen aus K\u00fcnstlern, Designern, Ingenieuren, Filmemachern und vielen weiteren Spezialisten.<\/p><p>Ihre Mission besteht darin, jede k\u00fcnstlerische Vision mit technischer Exzellenz, grenzenloser Kreativit\u00e4t und einer tiefen emotionalen Verbindung zum Publikum zum Leben zu erwecken.<br>Jede Ausstellung, jedes Werk und jedes immersive Erlebnis entspringt diesem multidisziplin\u00e4ren Herzen und wird vollst\u00e4ndig innerhalb des Teams entwickelt.<\/p><p>Wir verf\u00fcgen \u00fcber Fachb\u00fcros, Abteilungen f\u00fcr Grafikdesign und 3D-Modellierung, Programmier- und Spezialeffektteams sowie Experten f\u00fcr Virtual Reality und Augmented Reality und Filmproduktion.<br>Dank dieser Struktur k\u00f6nnen wir komplexe Ideen verwirklichen und in Erlebnisse verwandeln, in denen sich Kunst, Wissenschaft und Emotionen verbinden.<\/p>\t\t\t\t\t\t\t\t<\/div>\n\t\t\t\t<div class=\"elementor-element elementor-element-82ebcaa elementor-widget elementor-widget-text-editor\" data-id=\"82ebcaa\" data-element_type=\"widget\" data-e-type=\"widget\" data-widget_type=\"text-editor.default\">\n\t\t\t\t\t\t\t\t\t<p>Die <em>Innovators <\/em>sind die Grundlage all unseres Schaffens: ein leidenschaftliches Team, das Talent, Technik und Sensibilit\u00e4t vereint, um inspirierende Welten zu erschaffen.<\/p>\t\t\t\t\t\t\t\t<\/div>\n\t\t\t\t<\/div>\n\t\t<div class=\"elementor-element elementor-element-fc68b11 e-con-full e-flex e-con e-child\" data-id=\"fc68b11\" data-element_type=\"container\" data-e-type=\"container\">\n\t\t\t\t<div class=\"elementor-element elementor-element-ea60692 bentonit elementor-widget elementor-widget-text-editor\" data-id=\"ea60692\" data-element_type=\"widget\" data-e-type=\"widget\" data-widget_type=\"text-editor.default\">\n\t\t\t\t\t\t\t\t\t<p>Kunst steht immer an erster Stelle;<br>die Technologie verst\u00e4rkt sie,<br>ersetzt sie aber keinesfalls.<\/p>\t\t\t\t\t\t\t\t<\/div>\n\t\t\t\t<\/div>\n\t\t\t\t\t<\/div>\n\t\t\t\t<\/div>\n\t\t<div class=\"elementor-element elementor-element-68b36f2 e-flex e-con-boxed e-con e-parent\" data-id=\"68b36f2\" data-element_type=\"container\" data-e-type=\"container\">\n\t\t\t\t\t<div class=\"e-con-inner\">\n\t\t<div class=\"elementor-element elementor-element-f36d36c e-con-full e-flex e-con e-child\" data-id=\"f36d36c\" data-element_type=\"container\" data-e-type=\"container\">\n\t\t\t\t<div class=\"elementor-element elementor-element-8286d89 elementor-widget elementor-widget-heading\" data-id=\"8286d89\" data-element_type=\"widget\" data-e-type=\"widget\" data-widget_type=\"heading.default\">\n\t\t\t\t\t<h2 class=\"elementor-heading-title elementor-size-default\">Reisef\u00fchrer, audio- und videoguides<\/h2>\t\t\t\t<\/div>\n\t\t\t\t<\/div>\n\t\t\t\t\t<\/div>\n\t\t\t\t<\/div>\n\t\t<div class=\"elementor-element elementor-element-4c3d7ea e-flex e-con-boxed e-con e-parent\" data-id=\"4c3d7ea\" data-element_type=\"container\" data-e-type=\"container\">\n\t\t\t\t\t<div class=\"e-con-inner\">\n\t\t\t\t<div class=\"elementor-element elementor-element-6ed6b2b elementor-widget elementor-widget-image\" data-id=\"6ed6b2b\" data-element_type=\"widget\" data-e-type=\"widget\" data-widget_type=\"image.default\">\n\t\t\t\t\t\t\t\t\t\t\t\t\t\t\t<img fetchpriority=\"high\" decoding=\"async\" width=\"1200\" height=\"499\" src=\"https:\/\/www.windowstoinfinity.art\/wp-content\/uploads\/2025\/12\/3-3.jpg\" class=\"attachment-full size-full wp-image-1538\" alt=\"\" srcset=\"https:\/\/www.windowstoinfinity.art\/wp-content\/uploads\/2025\/12\/3-3.jpg 1200w, https:\/\/www.windowstoinfinity.art\/wp-content\/uploads\/2025\/12\/3-3-300x125.jpg 300w, https:\/\/www.windowstoinfinity.art\/wp-content\/uploads\/2025\/12\/3-3-1024x426.jpg 1024w, https:\/\/www.windowstoinfinity.art\/wp-content\/uploads\/2025\/12\/3-3-768x319.jpg 768w, https:\/\/www.windowstoinfinity.art\/wp-content\/uploads\/2025\/12\/3-3-150x62.jpg 150w, https:\/\/www.windowstoinfinity.art\/wp-content\/uploads\/2025\/12\/3-3-480x200.jpg 480w\" sizes=\"(max-width:767px) 480px, (max-width:1200px) 100vw, 1200px\" \/>\t\t\t\t\t\t\t\t\t\t\t\t\t\t\t<\/div>\n\t\t\t\t\t<\/div>\n\t\t\t\t<\/div>\n\t\t<div class=\"elementor-element elementor-element-0bc760c e-flex e-con-boxed e-con e-parent\" data-id=\"0bc760c\" data-element_type=\"container\" data-e-type=\"container\">\n\t\t\t\t\t<div class=\"e-con-inner\">\n\t\t<div class=\"elementor-element elementor-element-0079410 e-flex e-con-boxed e-con e-child\" data-id=\"0079410\" data-element_type=\"container\" data-e-type=\"container\">\n\t\t\t\t\t<div class=\"e-con-inner\">\n\t\t<div class=\"elementor-element elementor-element-a602ca5 e-con-full e-flex e-con e-child\" data-id=\"a602ca5\" data-element_type=\"container\" data-e-type=\"container\">\n\t\t\t\t<div class=\"elementor-element elementor-element-68c53d9 elementor-widget elementor-widget-text-editor\" data-id=\"68c53d9\" data-element_type=\"widget\" data-e-type=\"widget\" data-widget_type=\"text-editor.default\">\n\t\t\t\t\t\t\t\t\t<p>Begleitung bei der Erkundung jeder einzelnen Welt<\/p>\t\t\t\t\t\t\t\t<\/div>\n\t\t\t\t<div class=\"elementor-element elementor-element-d726c83 elementor-widget elementor-widget-text-editor\" data-id=\"d726c83\" data-element_type=\"widget\" data-e-type=\"widget\" data-widget_type=\"text-editor.default\">\n\t\t\t\t\t\t\t\t\t<p>In <em>Windows to Infinity <\/em>werden alle Besucher zu Entdeckern.<br>Zu Beginn des Rundgangs wird ihnen der Reisef\u00fchrer ausgeh\u00e4ndigt, ein sorgf\u00e4ltig gestaltetes Buch, das sie w\u00e4hrend des gesamten Erlebnisses begleitet.<br>Es ist nicht blo\u00df eine Karte, sondern ein Reisegef\u00e4hrte, und bietet Orientierung, Wissenswertes, technische und k\u00fcnstlerische Informationen zu jedem Bereich und sogar Links, um tiefer in die digitalen Inhalte der Ausstellung einzutauchen.<\/p><p> <\/p><p>W\u00e4hrend des Rundgangs sind alle Bereiche durch interaktive Audio- und Videoguides miteinander verbunden, auf die die Besucher \u00fcber Mobiltelefone zugreifen k\u00f6nnen.<br>Anhand von QR-Codes k\u00f6nnen sie die Originalmusik jedes einzelnen Werks entdecken, die Geschichten jeder Welt h\u00f6ren, Videos mit den Figuren und ihren Geschichten sehen und k\u00fcnstlerische Reflexionen, Kritiken und Dokumentationen lesen, die das Erlebnis bereichern.<\/p><p> <\/p><p>Alle digitalen Inhalte wurden speziell f\u00fcr <em>Windows to Infinity<\/em> geschaffen und machen den Besuch zu einem v\u00f6llig immersiven Erfahrung. Hier verschmelzen Kunst, Erz\u00e4hlung und Technologie zu einem einzigartigen lebendigen Erlebnis.<\/p><p> <\/p><p>Alle Inhalte sind in mehreren Sprachen verf\u00fcgbar, darunter immer auch die Landessprache, damit die Besucher aus allen L\u00e4ndern die Ausstellung in ihrer eigenen Sprache genie\u00dfen und verstehen k\u00f6nnen.<\/p><p> <\/p><p>Diese Kombination aus Buch, Ton und Bild macht den Rundgang zu einem lebendigen, immersiven und schier grenzenlosen Erlebnis, das Wissen und Emotionen verbindet.<\/p>\t\t\t\t\t\t\t\t<\/div>\n\t\t\t\t<\/div>\n\t\t<div class=\"elementor-element elementor-element-f01a949 e-con-full e-flex e-con e-child\" data-id=\"f01a949\" data-element_type=\"container\" data-e-type=\"container\" data-settings=\"{&quot;background_background&quot;:&quot;classic&quot;}\">\n\t\t\t\t<\/div>\n\t\t\t\t\t<\/div>\n\t\t\t\t<\/div>\n\t\t\t\t\t<\/div>\n\t\t\t\t<\/div>\n\t\t\t\t<\/div>\n\t\t","protected":false},"excerpt":{"rendered":"<p>Kultur in bewegung Wir schaffen Wanderausstellungen und -shows, die physische, emotionale und kulturelle Grenzen \u00fcberschreiten.Dank mehr als 40 Jahren Erfahrung in den Bereichen Design, Konstruktion und<span class=\"excerpt-hellip\"> [\u2026]<\/span><\/p>\n","protected":false},"author":2,"featured_media":0,"parent":0,"menu_order":0,"comment_status":"closed","ping_status":"closed","template":"elementor_header_footer","meta":{"footnotes":""},"class_list":["post-1550","page","type-page","status-publish","hentry"],"_links":{"self":[{"href":"https:\/\/www.windowstoinfinity.art\/de\/wp-json\/wp\/v2\/pages\/1550","targetHints":{"allow":["GET"]}}],"collection":[{"href":"https:\/\/www.windowstoinfinity.art\/de\/wp-json\/wp\/v2\/pages"}],"about":[{"href":"https:\/\/www.windowstoinfinity.art\/de\/wp-json\/wp\/v2\/types\/page"}],"author":[{"embeddable":true,"href":"https:\/\/www.windowstoinfinity.art\/de\/wp-json\/wp\/v2\/users\/2"}],"replies":[{"embeddable":true,"href":"https:\/\/www.windowstoinfinity.art\/de\/wp-json\/wp\/v2\/comments?post=1550"}],"version-history":[{"count":5,"href":"https:\/\/www.windowstoinfinity.art\/de\/wp-json\/wp\/v2\/pages\/1550\/revisions"}],"predecessor-version":[{"id":2125,"href":"https:\/\/www.windowstoinfinity.art\/de\/wp-json\/wp\/v2\/pages\/1550\/revisions\/2125"}],"wp:attachment":[{"href":"https:\/\/www.windowstoinfinity.art\/de\/wp-json\/wp\/v2\/media?parent=1550"}],"curies":[{"name":"wp","href":"https:\/\/api.w.org\/{rel}","templated":true}]}}